{"id":2381,"date":"2025-09-11T15:15:01","date_gmt":"2025-09-11T13:15:01","guid":{"rendered":"https:\/\/www.montreuxjazzshop.com\/?post_type=product&#038;p=2381"},"modified":"2026-01-14T10:49:31","modified_gmt":"2026-01-14T09:49:31","slug":"t-shirt-by-malika-favre-2017","status":"publish","type":"product","link":"https:\/\/www.montreuxjazzshop.com\/fr\/boutique\/t-shirts-2\/t-shirt-by-malika-favre-2017\/","title":{"rendered":"T-Shirt Malika Favre, 2017"},"content":{"rendered":"<ul>\n<li>Qualit\u00e9: 100% coton<\/li>\n<\/ul>\n","protected":false},"excerpt":{"rendered":"<p>Ce t-shirt fait partie de la gamme Malika Favre, illustratrice fran\u00e7aise, qui fait danser l\u2019affiche de la 51e \u00e9dition. Des femmes aux lignes \u00e9l\u00e9gantes et rythm\u00e9es r\u00e9v\u00e8lent \u00e9galement une double lecture: Six instruments se d\u00e9voilent d\u00e9licatement dans les espaces n\u00e9gatifs.<\/p>\n<p><a href=\"\/fr\/portfolio-item\/malika-favre\/\">En savoir plus sur l&rsquo;artiste<\/a><\/p>\n","protected":false},"featured_media":108,"template":"","meta":{"_acf_changed":false},"artist":[260],"artist-category":[],"edition":[178],"product_brand":[],"product_cat":[301,302],"product_tag":[],"class_list":{"0":"post-2381","1":"product","2":"type-product","3":"status-publish","4":"has-post-thumbnail","6":"artist-malika-favre","7":"edition-178","8":"product_cat-t-shirts-2","9":"product_cat-textile","10":"product_shipping_class-accessoires-et-textile","12":"first","13":"instock","14":"taxable","15":"shipping-taxable","16":"purchasable","17":"product-type-variable","18":"wvs-archive-product-wrapper"},"bundled_by":[],"bundle_stock_status":"instock","bundle_stock_quantity":null,"bundle_virtual":false,"bundle_layout":"","bundle_add_to_cart_form_location":"","bundle_editable_in_cart":false,"bundle_sold_individually_context":"","bundle_item_grouping":"","bundle_min_size":"","bundle_max_size":"","bundle_price":[],"bundled_items":[],"bundle_sell_ids":[],"acf":[],"yoast_head":"<!-- This site is optimized with the Yoast SEO Premium plugin v26.4 (Yoast SEO v27.4) - https:\/\/yoast.com\/product\/yoast-seo-premium-wordpress\/ -->\n<title>T-Shirt Malika Favre, 2017 - Montreux Jazz Festival Shop<\/title>\n<meta name=\"description\" content=\"T-Shirt Malika Favre Montreux Jazz Festival. Malika Favre, illustratrice fran\u00e7aise, fait danser l\u2019affiche de la 51e \u00e9dition. Femmes. Double lecture.\" \/>\n<meta name=\"robots\" content=\"index, follow, max-snippet:-1, max-image-preview:large, max-video-preview:-1\" \/>\n<link rel=\"canonical\" href=\"https:\/\/www.montreuxjazzshop.com\/fr\/boutique\/t-shirts-2\/t-shirt-by-malika-favre-2017\/\" \/>\n<meta property=\"og:locale\" content=\"fr_FR\" \/>\n<meta property=\"og:type\" content=\"article\" \/>\n<meta property=\"og:title\" content=\"T-Shirt Malika Favre, 2017\" \/>\n<meta property=\"og:description\" content=\"T-Shirt Malika Favre Montreux Jazz Festival. Malika Favre, illustratrice fran\u00e7aise, fait danser l\u2019affiche de la 51e \u00e9dition. Femmes. Double lecture.\" \/>\n<meta property=\"og:url\" content=\"https:\/\/www.montreuxjazzshop.com\/fr\/boutique\/t-shirts-2\/t-shirt-by-malika-favre-2017\/\" \/>\n<meta property=\"og:site_name\" content=\"Montreux Jazz Festival Shop\" \/>\n<meta property=\"article:publisher\" content=\"https:\/\/www.facebook.com\/montreuxjazzfestival\" \/>\n<meta property=\"article:modified_time\" content=\"2026-01-14T09:49:31+00:00\" \/>\n<meta property=\"og:image\" content=\"https:\/\/www.montreuxjazzshop.com\/wp-content\/uploads\/2025\/05\/MJF-T-shirt-2017-blanc.jpg\" \/>\n\t<meta property=\"og:image:width\" content=\"2000\" \/>\n\t<meta property=\"og:image:height\" content=\"2000\" \/>\n\t<meta property=\"og:image:type\" content=\"image\/jpeg\" \/>\n<meta name=\"twitter:card\" content=\"summary_large_image\" \/>\n<meta name=\"twitter:site\" content=\"@MontreuxJazz\" \/>\n<script type=\"application\/ld+json\" class=\"yoast-schema-graph\">{\"@context\":\"https:\\\/\\\/schema.org\",\"@graph\":[{\"@type\":\"WebPage\",\"@id\":\"https:\\\/\\\/www.montreuxjazzshop.com\\\/fr\\\/boutique\\\/t-shirts-2\\\/t-shirt-by-malika-favre-2017\\\/\",\"url\":\"https:\\\/\\\/www.montreuxjazzshop.com\\\/fr\\\/boutique\\\/t-shirts-2\\\/t-shirt-by-malika-favre-2017\\\/\",\"name\":\"T-Shirt Malika Favre, 2017 - Montreux Jazz Festival Shop\",\"isPartOf\":{\"@id\":\"https:\\\/\\\/www.montreuxjazzshop.com\\\/fr\\\/#website\"},\"primaryImageOfPage\":{\"@id\":\"https:\\\/\\\/www.montreuxjazzshop.com\\\/fr\\\/boutique\\\/t-shirts-2\\\/t-shirt-by-malika-favre-2017\\\/#primaryimage\"},\"image\":{\"@id\":\"https:\\\/\\\/www.montreuxjazzshop.com\\\/fr\\\/boutique\\\/t-shirts-2\\\/t-shirt-by-malika-favre-2017\\\/#primaryimage\"},\"thumbnailUrl\":\"https:\\\/\\\/www.montreuxjazzshop.com\\\/wp-content\\\/uploads\\\/2025\\\/05\\\/MJF-T-shirt-2017-blanc.jpg\",\"datePublished\":\"2025-09-11T13:15:01+00:00\",\"dateModified\":\"2026-01-14T09:49:31+00:00\",\"description\":\"T-Shirt Malika Favre Montreux Jazz Festival. Malika Favre, illustratrice fran\u00e7aise, fait danser l\u2019affiche de la 51e \u00e9dition. Femmes. Double lecture.\",\"breadcrumb\":{\"@id\":\"https:\\\/\\\/www.montreuxjazzshop.com\\\/fr\\\/boutique\\\/t-shirts-2\\\/t-shirt-by-malika-favre-2017\\\/#breadcrumb\"},\"inLanguage\":\"fr-FR\",\"potentialAction\":[{\"@type\":\"ReadAction\",\"target\":[\"https:\\\/\\\/www.montreuxjazzshop.com\\\/fr\\\/boutique\\\/t-shirts-2\\\/t-shirt-by-malika-favre-2017\\\/\"]}]},{\"@type\":\"ImageObject\",\"inLanguage\":\"fr-FR\",\"@id\":\"https:\\\/\\\/www.montreuxjazzshop.com\\\/fr\\\/boutique\\\/t-shirts-2\\\/t-shirt-by-malika-favre-2017\\\/#primaryimage\",\"url\":\"https:\\\/\\\/www.montreuxjazzshop.com\\\/wp-content\\\/uploads\\\/2025\\\/05\\\/MJF-T-shirt-2017-blanc.jpg\",\"contentUrl\":\"https:\\\/\\\/www.montreuxjazzshop.com\\\/wp-content\\\/uploads\\\/2025\\\/05\\\/MJF-T-shirt-2017-blanc.jpg\",\"width\":2000,\"height\":2000,\"caption\":\"T-Shirt Malika Favre, 2017 sur un cintre pr\u00e9sentant un motif abstrait en noir et blanc avec des formes stylis\u00e9es et le texte \\\"Montreux Jazz Festival 59th Edition 5-20 July 2025\\\" dans le coin inf\u00e9rieur gauche.\"},{\"@type\":\"BreadcrumbList\",\"@id\":\"https:\\\/\\\/www.montreuxjazzshop.com\\\/fr\\\/boutique\\\/t-shirts-2\\\/t-shirt-by-malika-favre-2017\\\/#breadcrumb\",\"itemListElement\":[{\"@type\":\"ListItem\",\"position\":1,\"name\":\"Accueil\",\"item\":\"https:\\\/\\\/www.montreuxjazzshop.com\\\/fr\\\/\"},{\"@type\":\"ListItem\",\"position\":2,\"name\":\"Boutique\",\"item\":\"https:\\\/\\\/www.montreuxjazzshop.com\\\/fr\\\/boutique\\\/\"},{\"@type\":\"ListItem\",\"position\":3,\"name\":\"T-Shirt Malika Favre, 2017\"}]},{\"@type\":\"WebSite\",\"@id\":\"https:\\\/\\\/www.montreuxjazzshop.com\\\/fr\\\/#website\",\"url\":\"https:\\\/\\\/www.montreuxjazzshop.com\\\/fr\\\/\",\"name\":\"Montreux Jazz Shop\",\"description\":\"The Montreux Jazz Festival shop\",\"potentialAction\":[{\"@type\":\"SearchAction\",\"target\":{\"@type\":\"EntryPoint\",\"urlTemplate\":\"https:\\\/\\\/www.montreuxjazzshop.com\\\/fr\\\/?s={search_term_string}\"},\"query-input\":{\"@type\":\"PropertyValueSpecification\",\"valueRequired\":true,\"valueName\":\"search_term_string\"}}],\"inLanguage\":\"fr-FR\"}]}<\/script>\n<meta property=\"og:availability\" content=\"instock\" \/>\n<meta property=\"product:availability\" content=\"instock\" \/>\n<meta property=\"product:retailer_item_id\" content=\"2020000502017\" \/>\n<meta property=\"product:condition\" content=\"new\" \/>\n<!-- \/ Yoast SEO Premium plugin. -->","yoast_head_json":{"title":"T-Shirt Malika Favre, 2017 - Montreux Jazz Festival Shop","description":"T-Shirt Malika Favre Montreux Jazz Festival. Malika Favre, illustratrice fran\u00e7aise, fait danser l\u2019affiche de la 51e \u00e9dition. Femmes. Double lecture.","robots":{"index":"index","follow":"follow","max-snippet":"max-snippet:-1","max-image-preview":"max-image-preview:large","max-video-preview":"max-video-preview:-1"},"canonical":"https:\/\/www.montreuxjazzshop.com\/fr\/boutique\/t-shirts-2\/t-shirt-by-malika-favre-2017\/","og_locale":"fr_FR","og_type":"article","og_title":"T-Shirt Malika Favre, 2017","og_description":"T-Shirt Malika Favre Montreux Jazz Festival. Malika Favre, illustratrice fran\u00e7aise, fait danser l\u2019affiche de la 51e \u00e9dition. Femmes. Double lecture.","og_url":"https:\/\/www.montreuxjazzshop.com\/fr\/boutique\/t-shirts-2\/t-shirt-by-malika-favre-2017\/","og_site_name":"Montreux Jazz Festival Shop","article_publisher":"https:\/\/www.facebook.com\/montreuxjazzfestival","article_modified_time":"2026-01-14T09:49:31+00:00","og_image":[{"width":2000,"height":2000,"url":"https:\/\/www.montreuxjazzshop.com\/wp-content\/uploads\/2025\/05\/MJF-T-shirt-2017-blanc.jpg","type":"image\/jpeg"}],"twitter_card":"summary_large_image","twitter_site":"@MontreuxJazz","schema":{"@context":"https:\/\/schema.org","@graph":[{"@type":"WebPage","@id":"https:\/\/www.montreuxjazzshop.com\/fr\/boutique\/t-shirts-2\/t-shirt-by-malika-favre-2017\/","url":"https:\/\/www.montreuxjazzshop.com\/fr\/boutique\/t-shirts-2\/t-shirt-by-malika-favre-2017\/","name":"T-Shirt Malika Favre, 2017 - Montreux Jazz Festival Shop","isPartOf":{"@id":"https:\/\/www.montreuxjazzshop.com\/fr\/#website"},"primaryImageOfPage":{"@id":"https:\/\/www.montreuxjazzshop.com\/fr\/boutique\/t-shirts-2\/t-shirt-by-malika-favre-2017\/#primaryimage"},"image":{"@id":"https:\/\/www.montreuxjazzshop.com\/fr\/boutique\/t-shirts-2\/t-shirt-by-malika-favre-2017\/#primaryimage"},"thumbnailUrl":"https:\/\/www.montreuxjazzshop.com\/wp-content\/uploads\/2025\/05\/MJF-T-shirt-2017-blanc.jpg","datePublished":"2025-09-11T13:15:01+00:00","dateModified":"2026-01-14T09:49:31+00:00","description":"T-Shirt Malika Favre Montreux Jazz Festival. Malika Favre, illustratrice fran\u00e7aise, fait danser l\u2019affiche de la 51e \u00e9dition. Femmes. Double lecture.","breadcrumb":{"@id":"https:\/\/www.montreuxjazzshop.com\/fr\/boutique\/t-shirts-2\/t-shirt-by-malika-favre-2017\/#breadcrumb"},"inLanguage":"fr-FR","potentialAction":[{"@type":"ReadAction","target":["https:\/\/www.montreuxjazzshop.com\/fr\/boutique\/t-shirts-2\/t-shirt-by-malika-favre-2017\/"]}]},{"@type":"ImageObject","inLanguage":"fr-FR","@id":"https:\/\/www.montreuxjazzshop.com\/fr\/boutique\/t-shirts-2\/t-shirt-by-malika-favre-2017\/#primaryimage","url":"https:\/\/www.montreuxjazzshop.com\/wp-content\/uploads\/2025\/05\/MJF-T-shirt-2017-blanc.jpg","contentUrl":"https:\/\/www.montreuxjazzshop.com\/wp-content\/uploads\/2025\/05\/MJF-T-shirt-2017-blanc.jpg","width":2000,"height":2000,"caption":"T-Shirt Malika Favre, 2017 sur un cintre pr\u00e9sentant un motif abstrait en noir et blanc avec des formes stylis\u00e9es et le texte \"Montreux Jazz Festival 59th Edition 5-20 July 2025\" dans le coin inf\u00e9rieur gauche."},{"@type":"BreadcrumbList","@id":"https:\/\/www.montreuxjazzshop.com\/fr\/boutique\/t-shirts-2\/t-shirt-by-malika-favre-2017\/#breadcrumb","itemListElement":[{"@type":"ListItem","position":1,"name":"Accueil","item":"https:\/\/www.montreuxjazzshop.com\/fr\/"},{"@type":"ListItem","position":2,"name":"Boutique","item":"https:\/\/www.montreuxjazzshop.com\/fr\/boutique\/"},{"@type":"ListItem","position":3,"name":"T-Shirt Malika Favre, 2017"}]},{"@type":"WebSite","@id":"https:\/\/www.montreuxjazzshop.com\/fr\/#website","url":"https:\/\/www.montreuxjazzshop.com\/fr\/","name":"Montreux Jazz Shop","description":"The Montreux Jazz Festival shop","potentialAction":[{"@type":"SearchAction","target":{"@type":"EntryPoint","urlTemplate":"https:\/\/www.montreuxjazzshop.com\/fr\/?s={search_term_string}"},"query-input":{"@type":"PropertyValueSpecification","valueRequired":true,"valueName":"search_term_string"}}],"inLanguage":"fr-FR"}]},"og_availability":"instock","product_availability":"instock","product_retailer_item_id":"2020000502017","product_condition":"new"},"_links":{"self":[{"href":"https:\/\/www.montreuxjazzshop.com\/fr\/wp-json\/wp\/v2\/product\/2381","targetHints":{"allow":["GET"]}}],"collection":[{"href":"https:\/\/www.montreuxjazzshop.com\/fr\/wp-json\/wp\/v2\/product"}],"about":[{"href":"https:\/\/www.montreuxjazzshop.com\/fr\/wp-json\/wp\/v2\/types\/product"}],"wp:featuredmedia":[{"embeddable":true,"href":"https:\/\/www.montreuxjazzshop.com\/fr\/wp-json\/wp\/v2\/media\/108"}],"wp:attachment":[{"href":"https:\/\/www.montreuxjazzshop.com\/fr\/wp-json\/wp\/v2\/media?parent=2381"}],"wp:term":[{"taxonomy":"artist","embeddable":true,"href":"https:\/\/www.montreuxjazzshop.com\/fr\/wp-json\/wp\/v2\/artist?post=2381"},{"taxonomy":"artist-category","embeddable":true,"href":"https:\/\/www.montreuxjazzshop.com\/fr\/wp-json\/wp\/v2\/artist-category?post=2381"},{"taxonomy":"edition","embeddable":true,"href":"https:\/\/www.montreuxjazzshop.com\/fr\/wp-json\/wp\/v2\/edition?post=2381"},{"taxonomy":"product_brand","embeddable":true,"href":"https:\/\/www.montreuxjazzshop.com\/fr\/wp-json\/wp\/v2\/product_brand?post=2381"},{"taxonomy":"product_cat","embeddable":true,"href":"https:\/\/www.montreuxjazzshop.com\/fr\/wp-json\/wp\/v2\/product_cat?post=2381"},{"taxonomy":"product_tag","embeddable":true,"href":"https:\/\/www.montreuxjazzshop.com\/fr\/wp-json\/wp\/v2\/product_tag?post=2381"}],"curies":[{"name":"wp","href":"https:\/\/api.w.org\/{rel}","templated":true}]}}