{"id":105677,"date":"2026-03-11T08:00:12","date_gmt":"2026-03-11T07:00:12","guid":{"rendered":"https:\/\/www.montreuxjazzshop.com\/?post_type=product&#038;p=105677"},"modified":"2026-04-28T14:28:55","modified_gmt":"2026-04-28T12:28:55","slug":"david-bowie-live-in-montreux-2002-the-montreux-years-double-vinyle","status":"publish","type":"product","link":"https:\/\/www.montreuxjazzshop.com\/fr\/boutique\/musique\/vinyls-fr\/david-bowie-live-in-montreux-2002-the-montreux-years-double-vinyle\/","title":{"rendered":"David Bowie, Live in Montreux 2002, The Montreux Years, Double Vinyle"},"content":{"rendered":"<p data-prosemirror-content-type=\"node\" data-prosemirror-node-name=\"paragraph\" data-prosemirror-node-block=\"true\" data-pm-slice=\"1 3 []\"><strong data-prosemirror-content-type=\"mark\" data-prosemirror-mark-name=\"strong\">LP 1<\/strong><\/p>\n<div style=\"display: flex; flex-wrap: wrap; gap: 1rem;\">\n<div style=\"display: flex; flex-direction: column; flex-basis: 0; flex-grow: 1;\">\n<p data-prosemirror-content-type=\"node\" data-prosemirror-node-name=\"paragraph\" data-prosemirror-node-block=\"true\"><strong data-prosemirror-content-type=\"mark\" data-prosemirror-mark-name=\"strong\">Side 1<\/strong><\/p>\n<ol class=\"ak-ol\" start=\"1\" data-prosemirror-content-type=\"node\" data-prosemirror-node-name=\"orderedList\" data-prosemirror-node-block=\"true\">\n<li data-prosemirror-content-type=\"node\" data-prosemirror-node-name=\"listItem\" data-prosemirror-node-block=\"true\">\n<p data-prosemirror-content-type=\"node\" data-prosemirror-node-name=\"paragraph\" data-prosemirror-node-block=\"true\">Sunday<\/p>\n<\/li>\n<li data-prosemirror-content-type=\"node\" data-prosemirror-node-name=\"listItem\" data-prosemirror-node-block=\"true\">\n<p data-prosemirror-content-type=\"node\" data-prosemirror-node-name=\"paragraph\" data-prosemirror-node-block=\"true\">Life on Mars ?<\/p>\n<\/li>\n<li data-prosemirror-content-type=\"node\" data-prosemirror-node-name=\"listItem\" data-prosemirror-node-block=\"true\">\n<p data-prosemirror-content-type=\"node\" data-prosemirror-node-name=\"paragraph\" data-prosemirror-node-block=\"true\">Ashes To Ashes<\/p>\n<\/li>\n<li data-prosemirror-content-type=\"node\" data-prosemirror-node-name=\"listItem\" data-prosemirror-node-block=\"true\">\n<p data-prosemirror-content-type=\"node\" data-prosemirror-node-name=\"paragraph\" data-prosemirror-node-block=\"true\">Cactus<\/p>\n<\/li>\n<\/ol>\n<\/div>\n<div style=\"display: flex; flex-direction: column; flex-basis: 0; flex-grow: 1;\">\n<p data-prosemirror-content-type=\"node\" data-prosemirror-node-name=\"paragraph\" data-prosemirror-node-block=\"true\"><strong data-prosemirror-content-type=\"mark\" data-prosemirror-mark-name=\"strong\">Side 2<\/strong><\/p>\n<ol class=\"ak-ol\" start=\"1\" data-prosemirror-content-type=\"node\" data-prosemirror-node-name=\"orderedList\" data-prosemirror-node-block=\"true\">\n<li data-prosemirror-content-type=\"node\" data-prosemirror-node-name=\"listItem\" data-prosemirror-node-block=\"true\">\n<p data-prosemirror-content-type=\"node\" data-prosemirror-node-name=\"paragraph\" data-prosemirror-node-block=\"true\">Slip Away<\/p>\n<\/li>\n<li data-prosemirror-content-type=\"node\" data-prosemirror-node-name=\"listItem\" data-prosemirror-node-block=\"true\">\n<p data-prosemirror-content-type=\"node\" data-prosemirror-node-name=\"paragraph\" data-prosemirror-node-block=\"true\">China Girl<\/p>\n<\/li>\n<li data-prosemirror-content-type=\"node\" data-prosemirror-node-name=\"listItem\" data-prosemirror-node-block=\"true\">\n<p data-prosemirror-content-type=\"node\" data-prosemirror-node-name=\"paragraph\" data-prosemirror-node-block=\"true\">Starman<\/p>\n<\/li>\n<li data-prosemirror-content-type=\"node\" data-prosemirror-node-name=\"listItem\" data-prosemirror-node-block=\"true\">\n<p data-prosemirror-content-type=\"node\" data-prosemirror-node-name=\"paragraph\" data-prosemirror-node-block=\"true\">I would be your Slave<\/p>\n<\/li>\n<\/ol>\n<\/div>\n<\/div>\n<p data-prosemirror-content-type=\"node\" data-prosemirror-node-name=\"paragraph\" data-prosemirror-node-block=\"true\"><strong data-prosemirror-content-type=\"mark\" data-prosemirror-mark-name=\"strong\">LP 2<\/strong><\/p>\n<div style=\"display: flex; flex-wrap: wrap; gap: 1rem;\">\n<div style=\"display: flex; flex-direction: column; flex-basis: 0; flex-grow: 1;\">\n<p data-prosemirror-content-type=\"node\" data-prosemirror-node-name=\"paragraph\" data-prosemirror-node-block=\"true\"><strong data-prosemirror-content-type=\"mark\" data-prosemirror-mark-name=\"strong\">Side 3<\/strong><\/p>\n<ol class=\"ak-ol\" start=\"1\" data-prosemirror-content-type=\"node\" data-prosemirror-node-name=\"orderedList\" data-prosemirror-node-block=\"true\">\n<li data-prosemirror-content-type=\"node\" data-prosemirror-node-name=\"listItem\" data-prosemirror-node-block=\"true\">\n<p data-prosemirror-content-type=\"node\" data-prosemirror-node-name=\"paragraph\" data-prosemirror-node-block=\"true\">I\u2019ve Been Waiting for You<\/p>\n<\/li>\n<li data-prosemirror-content-type=\"node\" data-prosemirror-node-name=\"listItem\" data-prosemirror-node-block=\"true\">\n<p data-prosemirror-content-type=\"node\" data-prosemirror-node-name=\"paragraph\" data-prosemirror-node-block=\"true\">Stay<\/p>\n<\/li>\n<li data-prosemirror-content-type=\"node\" data-prosemirror-node-name=\"listItem\" data-prosemirror-node-block=\"true\">\n<p data-prosemirror-content-type=\"node\" data-prosemirror-node-name=\"paragraph\" data-prosemirror-node-block=\"true\">Changes<\/p>\n<\/li>\n<li data-prosemirror-content-type=\"node\" data-prosemirror-node-name=\"listItem\" data-prosemirror-node-block=\"true\">\n<p data-prosemirror-content-type=\"node\" data-prosemirror-node-name=\"paragraph\" data-prosemirror-node-block=\"true\">Fashion<\/p>\n<\/li>\n<\/ol>\n<\/div>\n<div style=\"display: flex; flex-direction: column; flex-basis: 0; flex-grow: 1;\">\n<p data-prosemirror-content-type=\"node\" data-prosemirror-node-name=\"paragraph\" data-prosemirror-node-block=\"true\"><strong data-prosemirror-content-type=\"mark\" data-prosemirror-mark-name=\"strong\">Side 4<\/strong><\/p>\n<ol class=\"ak-ol\" start=\"1\" data-prosemirror-content-type=\"node\" data-prosemirror-node-name=\"orderedList\" data-prosemirror-node-block=\"true\">\n<li data-prosemirror-content-type=\"node\" data-prosemirror-node-name=\"listItem\" data-prosemirror-node-block=\"true\">\n<p data-prosemirror-content-type=\"node\" data-prosemirror-node-name=\"paragraph\" data-prosemirror-node-block=\"true\">Fame<\/p>\n<\/li>\n<li data-prosemirror-content-type=\"node\" data-prosemirror-node-name=\"listItem\" data-prosemirror-node-block=\"true\">\n<p data-prosemirror-content-type=\"node\" data-prosemirror-node-name=\"paragraph\" data-prosemirror-node-block=\"true\">I\u2019m afraid of Americans<\/p>\n<\/li>\n<li data-prosemirror-content-type=\"node\" data-prosemirror-node-name=\"listItem\" data-prosemirror-node-block=\"true\">\n<p data-prosemirror-content-type=\"node\" data-prosemirror-node-name=\"paragraph\" data-prosemirror-node-block=\"true\">5:15 The Angels Have gone<\/p>\n<\/li>\n<li data-prosemirror-content-type=\"node\" data-prosemirror-node-name=\"listItem\" data-prosemirror-node-block=\"true\">\n<p data-prosemirror-content-type=\"node\" data-prosemirror-node-name=\"paragraph\" data-prosemirror-node-block=\"true\">\u201cHeroes\u201d<\/p>\n<\/li>\n<\/ol>\n<\/div>\n<\/div>\n","protected":false},"excerpt":{"rendered":"<p data-prosemirror-content-type=\"node\" data-prosemirror-node-name=\"paragraph\" data-prosemirror-node-block=\"true\" data-pm-slice=\"1 1 []\">The Montreux Years pr\u00e9sente: David Bowie Live in Montreux 2002. Pour les collectionneurs comme pour les fans de Bowie \u2014 d\u00e9couvrez sa l\u00e9gendaire performance au Montreux Jazz Festival 2002.<\/p>\n<p data-prosemirror-content-type=\"node\" data-prosemirror-node-name=\"paragraph\" data-prosemirror-node-block=\"true\">Le Montreux Jazz Festival publie en \u00e9dition limit\u00e9e et num\u00e9rot\u00e9e de 1\u2019500 exemplaires, une s\u00e9lection des moments les plus fort du concert de David Bowie, enregistr\u00e9 le 18 juillet 2002 sur la sc\u00e8ne de l\u2019Auditorium Stravinski lors de la 36e \u00e9dition du Festival. Cette sortie rend hommage \u00e0 l\u2019artiste britannique, profond\u00e9ment attach\u00e9 \u00e0 Montreux et \u00e0 la Suisse o\u00f9 il r\u00e9sida pendant vingt ans.<\/p>\n<p data-prosemirror-content-type=\"node\" data-prosemirror-node-name=\"paragraph\" data-prosemirror-node-block=\"true\">Ce concert de pr\u00e8s de trois heures est d\u00e9sormais disponible en double vinyle premium\u00a0 (180 g), avec des illustrations r\u00e9alis\u00e9es par David Bowie, comprenant 16 titres inoubliables, de <em data-prosemirror-content-type=\"mark\" data-prosemirror-mark-name=\"em\">Starman<\/em> \u00e0 <em data-prosemirror-content-type=\"mark\" data-prosemirror-mark-name=\"em\">Heroes<\/em>.<\/p>\n<p data-prosemirror-content-type=\"node\" data-prosemirror-node-name=\"paragraph\" data-prosemirror-node-block=\"true\">Vendu exclusivement en Suisse. <span style=\"text-decoration: underline;\">Livraison d\u00e8s le 31 mars<\/span><\/p>\n","protected":false},"featured_media":105679,"template":"","meta":{"_acf_changed":false},"artist":[],"artist-category":[],"edition":[],"product_brand":[],"product_cat":[345,304,305],"product_tag":[],"class_list":{"0":"post-105677","1":"product","2":"type-product","3":"status-publish","4":"has-post-thumbnail","6":"product_cat-highlights","7":"product_cat-musique","8":"product_cat-vinyls-fr","9":"product_shipping_class-vinyls","11":"first","12":"instock","13":"featured","14":"taxable","15":"shipping-taxable","16":"purchasable","17":"product-type-simple"},"bundled_by":[],"bundle_stock_status":"instock","bundle_stock_quantity":236,"bundle_virtual":false,"bundle_layout":"","bundle_add_to_cart_form_location":"","bundle_editable_in_cart":false,"bundle_sold_individually_context":"","bundle_item_grouping":"","bundle_min_size":"","bundle_max_size":"","bundle_price":[],"bundled_items":[],"bundle_sell_ids":[],"acf":[],"yoast_head":"<!-- This site is optimized with the Yoast SEO Premium plugin v26.4 (Yoast SEO v27.4) - https:\/\/yoast.com\/product\/yoast-seo-premium-wordpress\/ -->\n<title>David Bowie, Live in Montreux 2002, The Montreux Years, Double Vinyle - Montreux Jazz Festival Shop<\/title>\n<meta name=\"robots\" content=\"index, follow, max-snippet:-1, max-image-preview:large, max-video-preview:-1\" \/>\n<link rel=\"canonical\" href=\"https:\/\/www.montreuxjazzshop.com\/fr\/boutique\/musique\/vinyls-fr\/david-bowie-live-in-montreux-2002-the-montreux-years-double-vinyle\/\" \/>\n<meta property=\"og:locale\" content=\"fr_FR\" \/>\n<meta property=\"og:type\" content=\"article\" \/>\n<meta property=\"og:title\" content=\"David Bowie, Live in Montreux 2002, The Montreux Years, Double Vinyle\" \/>\n<meta property=\"og:description\" content=\"The Montreux Years pr\u00e9sente: David Bowie Live in Montreux 2002. Pour les collectionneurs comme pour les fans de Bowie \u2014 d\u00e9couvrez sa l\u00e9gendaire performance au Montreux Jazz Festival 2002. Le Montreux Jazz Festival publie en \u00e9dition limit\u00e9e et num\u00e9rot\u00e9e de 1\u2019500 exemplaires, une s\u00e9lection des moments les plus fort du concert de David Bowie, enregistr\u00e9 le 18 juillet 2002 sur la sc\u00e8ne de l\u2019Auditorium Stravinski lors de la 36e \u00e9dition du Festival. Cette sortie rend hommage \u00e0 l\u2019artiste britannique, profond\u00e9ment attach\u00e9 \u00e0 Montreux et \u00e0 la Suisse o\u00f9 il r\u00e9sida pendant vingt ans. Ce concert de pr\u00e8s de trois heures est d\u00e9sormais disponible en double vinyle premium\u00a0 (180 g), avec des illustrations r\u00e9alis\u00e9es par David Bowie, comprenant 16 titres inoubliables, de Starman \u00e0 Heroes. Vendu exclusivement en Suisse. Livraison d\u00e8s le 31 mars\" \/>\n<meta property=\"og:url\" content=\"https:\/\/www.montreuxjazzshop.com\/fr\/boutique\/musique\/vinyls-fr\/david-bowie-live-in-montreux-2002-the-montreux-years-double-vinyle\/\" \/>\n<meta property=\"og:site_name\" content=\"Montreux Jazz Festival Shop\" \/>\n<meta property=\"article:publisher\" content=\"https:\/\/www.facebook.com\/montreuxjazzfestival\" \/>\n<meta property=\"article:modified_time\" content=\"2026-04-28T12:28:55+00:00\" \/>\n<meta property=\"og:image\" content=\"https:\/\/www.montreuxjazzshop.com\/wp-content\/uploads\/2026\/03\/DavidBowie-LiveAtMontreux2002-LP-Exploded-blue-1.jpg\" \/>\n\t<meta property=\"og:image:width\" content=\"2000\" \/>\n\t<meta property=\"og:image:height\" content=\"2000\" \/>\n\t<meta property=\"og:image:type\" content=\"image\/jpeg\" \/>\n<meta name=\"twitter:card\" content=\"summary_large_image\" \/>\n<meta name=\"twitter:site\" content=\"@MontreuxJazz\" \/>\n<script type=\"application\/ld+json\" class=\"yoast-schema-graph\">{\"@context\":\"https:\\\/\\\/schema.org\",\"@graph\":[{\"@type\":\"WebPage\",\"@id\":\"https:\\\/\\\/www.montreuxjazzshop.com\\\/fr\\\/boutique\\\/musique\\\/vinyls-fr\\\/david-bowie-live-in-montreux-2002-the-montreux-years-double-vinyle\\\/\",\"url\":\"https:\\\/\\\/www.montreuxjazzshop.com\\\/fr\\\/boutique\\\/musique\\\/vinyls-fr\\\/david-bowie-live-in-montreux-2002-the-montreux-years-double-vinyle\\\/\",\"name\":\"David Bowie, Live in Montreux 2002, The Montreux Years, Double Vinyle - Montreux Jazz Festival Shop\",\"isPartOf\":{\"@id\":\"https:\\\/\\\/www.montreuxjazzshop.com\\\/fr\\\/#website\"},\"primaryImageOfPage\":{\"@id\":\"https:\\\/\\\/www.montreuxjazzshop.com\\\/fr\\\/boutique\\\/musique\\\/vinyls-fr\\\/david-bowie-live-in-montreux-2002-the-montreux-years-double-vinyle\\\/#primaryimage\"},\"image\":{\"@id\":\"https:\\\/\\\/www.montreuxjazzshop.com\\\/fr\\\/boutique\\\/musique\\\/vinyls-fr\\\/david-bowie-live-in-montreux-2002-the-montreux-years-double-vinyle\\\/#primaryimage\"},\"thumbnailUrl\":\"https:\\\/\\\/www.montreuxjazzshop.com\\\/wp-content\\\/uploads\\\/2026\\\/03\\\/DavidBowie-LiveAtMontreux2002-LP-Exploded-blue-1.jpg\",\"datePublished\":\"2026-03-11T07:00:12+00:00\",\"dateModified\":\"2026-04-28T12:28:55+00:00\",\"breadcrumb\":{\"@id\":\"https:\\\/\\\/www.montreuxjazzshop.com\\\/fr\\\/boutique\\\/musique\\\/vinyls-fr\\\/david-bowie-live-in-montreux-2002-the-montreux-years-double-vinyle\\\/#breadcrumb\"},\"inLanguage\":\"fr-FR\",\"potentialAction\":[{\"@type\":\"ReadAction\",\"target\":[\"https:\\\/\\\/www.montreuxjazzshop.com\\\/fr\\\/boutique\\\/musique\\\/vinyls-fr\\\/david-bowie-live-in-montreux-2002-the-montreux-years-double-vinyle\\\/\"]}]},{\"@type\":\"ImageObject\",\"inLanguage\":\"fr-FR\",\"@id\":\"https:\\\/\\\/www.montreuxjazzshop.com\\\/fr\\\/boutique\\\/musique\\\/vinyls-fr\\\/david-bowie-live-in-montreux-2002-the-montreux-years-double-vinyle\\\/#primaryimage\",\"url\":\"https:\\\/\\\/www.montreuxjazzshop.com\\\/wp-content\\\/uploads\\\/2026\\\/03\\\/DavidBowie-LiveAtMontreux2002-LP-Exploded-blue-1.jpg\",\"contentUrl\":\"https:\\\/\\\/www.montreuxjazzshop.com\\\/wp-content\\\/uploads\\\/2026\\\/03\\\/DavidBowie-LiveAtMontreux2002-LP-Exploded-blue-1.jpg\",\"width\":2000,\"height\":2000,\"caption\":\"Le double coffret vinyle David Bowie \\\"Live in Montreux 2002, The Montreux Years\\\" comprend deux disques, une pochette avec une \u00e9toile peinte, un livret et une photo de concert de Bowie en train de chanter.\"},{\"@type\":\"BreadcrumbList\",\"@id\":\"https:\\\/\\\/www.montreuxjazzshop.com\\\/fr\\\/boutique\\\/musique\\\/vinyls-fr\\\/david-bowie-live-in-montreux-2002-the-montreux-years-double-vinyle\\\/#breadcrumb\",\"itemListElement\":[{\"@type\":\"ListItem\",\"position\":1,\"name\":\"Accueil\",\"item\":\"https:\\\/\\\/www.montreuxjazzshop.com\\\/fr\\\/\"},{\"@type\":\"ListItem\",\"position\":2,\"name\":\"Boutique\",\"item\":\"https:\\\/\\\/www.montreuxjazzshop.com\\\/fr\\\/boutique\\\/\"},{\"@type\":\"ListItem\",\"position\":3,\"name\":\"David Bowie, Live in Montreux 2002, The Montreux Years, Double Vinyle\"}]},{\"@type\":\"WebSite\",\"@id\":\"https:\\\/\\\/www.montreuxjazzshop.com\\\/fr\\\/#website\",\"url\":\"https:\\\/\\\/www.montreuxjazzshop.com\\\/fr\\\/\",\"name\":\"Montreux Jazz Shop\",\"description\":\"The Montreux Jazz Festival shop\",\"potentialAction\":[{\"@type\":\"SearchAction\",\"target\":{\"@type\":\"EntryPoint\",\"urlTemplate\":\"https:\\\/\\\/www.montreuxjazzshop.com\\\/fr\\\/?s={search_term_string}\"},\"query-input\":{\"@type\":\"PropertyValueSpecification\",\"valueRequired\":true,\"valueName\":\"search_term_string\"}}],\"inLanguage\":\"fr-FR\"}]}<\/script>\n<meta property=\"product:price:amount\" content=\"65.00\" \/>\n<meta property=\"product:price:currency\" content=\"CHF\" \/>\n<meta property=\"og:availability\" content=\"instock\" \/>\n<meta property=\"product:availability\" content=\"instock\" \/>\n<meta property=\"product:retailer_item_id\" content=\"7640163756197\" \/>\n<meta property=\"product:condition\" content=\"new\" \/>\n<!-- \/ Yoast SEO Premium plugin. -->","yoast_head_json":{"title":"David Bowie, Live in Montreux 2002, The Montreux Years, Double Vinyle - Montreux Jazz Festival Shop","robots":{"index":"index","follow":"follow","max-snippet":"max-snippet:-1","max-image-preview":"max-image-preview:large","max-video-preview":"max-video-preview:-1"},"canonical":"https:\/\/www.montreuxjazzshop.com\/fr\/boutique\/musique\/vinyls-fr\/david-bowie-live-in-montreux-2002-the-montreux-years-double-vinyle\/","og_locale":"fr_FR","og_type":"article","og_title":"David Bowie, Live in Montreux 2002, The Montreux Years, Double Vinyle","og_description":"The Montreux Years pr\u00e9sente: David Bowie Live in Montreux 2002. Pour les collectionneurs comme pour les fans de Bowie \u2014 d\u00e9couvrez sa l\u00e9gendaire performance au Montreux Jazz Festival 2002. Le Montreux Jazz Festival publie en \u00e9dition limit\u00e9e et num\u00e9rot\u00e9e de 1\u2019500 exemplaires, une s\u00e9lection des moments les plus fort du concert de David Bowie, enregistr\u00e9 le 18 juillet 2002 sur la sc\u00e8ne de l\u2019Auditorium Stravinski lors de la 36e \u00e9dition du Festival. Cette sortie rend hommage \u00e0 l\u2019artiste britannique, profond\u00e9ment attach\u00e9 \u00e0 Montreux et \u00e0 la Suisse o\u00f9 il r\u00e9sida pendant vingt ans. Ce concert de pr\u00e8s de trois heures est d\u00e9sormais disponible en double vinyle premium\u00a0 (180 g), avec des illustrations r\u00e9alis\u00e9es par David Bowie, comprenant 16 titres inoubliables, de Starman \u00e0 Heroes. Vendu exclusivement en Suisse. Livraison d\u00e8s le 31 mars","og_url":"https:\/\/www.montreuxjazzshop.com\/fr\/boutique\/musique\/vinyls-fr\/david-bowie-live-in-montreux-2002-the-montreux-years-double-vinyle\/","og_site_name":"Montreux Jazz Festival Shop","article_publisher":"https:\/\/www.facebook.com\/montreuxjazzfestival","article_modified_time":"2026-04-28T12:28:55+00:00","og_image":[{"width":2000,"height":2000,"url":"https:\/\/www.montreuxjazzshop.com\/wp-content\/uploads\/2026\/03\/DavidBowie-LiveAtMontreux2002-LP-Exploded-blue-1.jpg","type":"image\/jpeg"}],"twitter_card":"summary_large_image","twitter_site":"@MontreuxJazz","schema":{"@context":"https:\/\/schema.org","@graph":[{"@type":"WebPage","@id":"https:\/\/www.montreuxjazzshop.com\/fr\/boutique\/musique\/vinyls-fr\/david-bowie-live-in-montreux-2002-the-montreux-years-double-vinyle\/","url":"https:\/\/www.montreuxjazzshop.com\/fr\/boutique\/musique\/vinyls-fr\/david-bowie-live-in-montreux-2002-the-montreux-years-double-vinyle\/","name":"David Bowie, Live in Montreux 2002, The Montreux Years, Double Vinyle - Montreux Jazz Festival Shop","isPartOf":{"@id":"https:\/\/www.montreuxjazzshop.com\/fr\/#website"},"primaryImageOfPage":{"@id":"https:\/\/www.montreuxjazzshop.com\/fr\/boutique\/musique\/vinyls-fr\/david-bowie-live-in-montreux-2002-the-montreux-years-double-vinyle\/#primaryimage"},"image":{"@id":"https:\/\/www.montreuxjazzshop.com\/fr\/boutique\/musique\/vinyls-fr\/david-bowie-live-in-montreux-2002-the-montreux-years-double-vinyle\/#primaryimage"},"thumbnailUrl":"https:\/\/www.montreuxjazzshop.com\/wp-content\/uploads\/2026\/03\/DavidBowie-LiveAtMontreux2002-LP-Exploded-blue-1.jpg","datePublished":"2026-03-11T07:00:12+00:00","dateModified":"2026-04-28T12:28:55+00:00","breadcrumb":{"@id":"https:\/\/www.montreuxjazzshop.com\/fr\/boutique\/musique\/vinyls-fr\/david-bowie-live-in-montreux-2002-the-montreux-years-double-vinyle\/#breadcrumb"},"inLanguage":"fr-FR","potentialAction":[{"@type":"ReadAction","target":["https:\/\/www.montreuxjazzshop.com\/fr\/boutique\/musique\/vinyls-fr\/david-bowie-live-in-montreux-2002-the-montreux-years-double-vinyle\/"]}]},{"@type":"ImageObject","inLanguage":"fr-FR","@id":"https:\/\/www.montreuxjazzshop.com\/fr\/boutique\/musique\/vinyls-fr\/david-bowie-live-in-montreux-2002-the-montreux-years-double-vinyle\/#primaryimage","url":"https:\/\/www.montreuxjazzshop.com\/wp-content\/uploads\/2026\/03\/DavidBowie-LiveAtMontreux2002-LP-Exploded-blue-1.jpg","contentUrl":"https:\/\/www.montreuxjazzshop.com\/wp-content\/uploads\/2026\/03\/DavidBowie-LiveAtMontreux2002-LP-Exploded-blue-1.jpg","width":2000,"height":2000,"caption":"Le double coffret vinyle David Bowie \"Live in Montreux 2002, The Montreux Years\" comprend deux disques, une pochette avec une \u00e9toile peinte, un livret et une photo de concert de Bowie en train de chanter."},{"@type":"BreadcrumbList","@id":"https:\/\/www.montreuxjazzshop.com\/fr\/boutique\/musique\/vinyls-fr\/david-bowie-live-in-montreux-2002-the-montreux-years-double-vinyle\/#breadcrumb","itemListElement":[{"@type":"ListItem","position":1,"name":"Accueil","item":"https:\/\/www.montreuxjazzshop.com\/fr\/"},{"@type":"ListItem","position":2,"name":"Boutique","item":"https:\/\/www.montreuxjazzshop.com\/fr\/boutique\/"},{"@type":"ListItem","position":3,"name":"David Bowie, Live in Montreux 2002, The Montreux Years, Double Vinyle"}]},{"@type":"WebSite","@id":"https:\/\/www.montreuxjazzshop.com\/fr\/#website","url":"https:\/\/www.montreuxjazzshop.com\/fr\/","name":"Montreux Jazz Shop","description":"The Montreux Jazz Festival shop","potentialAction":[{"@type":"SearchAction","target":{"@type":"EntryPoint","urlTemplate":"https:\/\/www.montreuxjazzshop.com\/fr\/?s={search_term_string}"},"query-input":{"@type":"PropertyValueSpecification","valueRequired":true,"valueName":"search_term_string"}}],"inLanguage":"fr-FR"}]},"product_price_amount":"65.00","product_price_currency":"CHF","og_availability":"instock","product_availability":"instock","product_retailer_item_id":"7640163756197","product_condition":"new"},"_links":{"self":[{"href":"https:\/\/www.montreuxjazzshop.com\/fr\/wp-json\/wp\/v2\/product\/105677","targetHints":{"allow":["GET"]}}],"collection":[{"href":"https:\/\/www.montreuxjazzshop.com\/fr\/wp-json\/wp\/v2\/product"}],"about":[{"href":"https:\/\/www.montreuxjazzshop.com\/fr\/wp-json\/wp\/v2\/types\/product"}],"wp:featuredmedia":[{"embeddable":true,"href":"https:\/\/www.montreuxjazzshop.com\/fr\/wp-json\/wp\/v2\/media\/105679"}],"wp:attachment":[{"href":"https:\/\/www.montreuxjazzshop.com\/fr\/wp-json\/wp\/v2\/media?parent=105677"}],"wp:term":[{"taxonomy":"artist","embeddable":true,"href":"https:\/\/www.montreuxjazzshop.com\/fr\/wp-json\/wp\/v2\/artist?post=105677"},{"taxonomy":"artist-category","embeddable":true,"href":"https:\/\/www.montreuxjazzshop.com\/fr\/wp-json\/wp\/v2\/artist-category?post=105677"},{"taxonomy":"edition","embeddable":true,"href":"https:\/\/www.montreuxjazzshop.com\/fr\/wp-json\/wp\/v2\/edition?post=105677"},{"taxonomy":"product_brand","embeddable":true,"href":"https:\/\/www.montreuxjazzshop.com\/fr\/wp-json\/wp\/v2\/product_brand?post=105677"},{"taxonomy":"product_cat","embeddable":true,"href":"https:\/\/www.montreuxjazzshop.com\/fr\/wp-json\/wp\/v2\/product_cat?post=105677"},{"taxonomy":"product_tag","embeddable":true,"href":"https:\/\/www.montreuxjazzshop.com\/fr\/wp-json\/wp\/v2\/product_tag?post=105677"}],"curies":[{"name":"wp","href":"https:\/\/api.w.org\/{rel}","templated":true}]}}