{"id":6318,"date":"2025-10-01T12:58:32","date_gmt":"2025-10-01T10:58:32","guid":{"rendered":"https:\/\/www.montreuxjazzshop.com\/?page_id=6318"},"modified":"2025-10-22T08:53:15","modified_gmt":"2025-10-22T06:53:15","slug":"conditions-generales-de-vente","status":"publish","type":"page","link":"https:\/\/www.montreuxjazzshop.com\/fr\/conditions-generales-de-vente\/","title":{"rendered":"Conditions g\u00e9n\u00e9rales de vente"},"content":{"rendered":"\n<h2 class=\"wp-block-heading\">Champ d\u2019application<\/h2>\n\n\n\n<p>Les pr\u00e9sentes conditions g\u00e9n\u00e9rales, que la Fondation du Festival de Jazz de Montreux se r\u00e9serve le droit de modifier en tout temps, s\u2019appliquent \u00e0 et r\u00e9gissent toutes commandes pass\u00e9es via le site <a href=\"https:\/\/www.montreuxjazzshop.com\/\">www.montreuxjazzshop.com<\/a><\/p>\n\n\n\n<h2 class=\"wp-block-heading\">Commande, prix et livraison<\/h2>\n\n\n\n<p>La Fondation du Festival de Jazz de Montreux s&rsquo;engage \u00e0 honorer les commandes re\u00e7ues via son site <a href=\"https:\/\/www.montreuxjazzshop.com\/\">www.montreuxjazzshop.com<\/a> uniquement dans la limite des stocks disponibles. Les prix des produits sont indiqu\u00e9s sur le site <a href=\"https:\/\/www.montreuxjazzshop.com\/\">www.montreuxjazzshop.com<\/a>. Les prix sont en Francs Suisse (CHF), TTC (Toutes Taxes Comprises).<\/p>\n\n\n\n<p>En outre, les frais d\u2019envoi indiqu\u00e9s sur le site seront ajout\u00e9s au montant total. La commande est enregistr\u00e9e au moment o\u00f9 le client re\u00e7oit une confirmation de commande par email. D\u00e8s r\u00e9ception du paiement, une confirmation d\u2019achat est envoy\u00e9e par email et la livraison effectu\u00e9e.<\/p>\n\n\n\n<p>Le client est seul responsable du paiement des frais de douane, taxe et TVA \u00e0 la livraison de la commande. Si le client refuse de payer, le colis sera d\u00e9truit par le transporteur et MJF n\u2019aura pas \u00e0 rembourser le client.<\/p>\n\n\n\n<h2 class=\"wp-block-heading\">Modalit\u00e9s de paiement<\/h2>\n\n\n\n<p>Les paiements se font par carte de cr\u00e9dit. Le montant de la commande n\u2019est d\u00e9bit\u00e9 qu\u2019apr\u00e8s contr\u00f4le des stocks et ajustement des frais de port.<\/p>\n\n\n\n<h2 class=\"wp-block-heading\">Retour ou \u00e9change<\/h2>\n\n\n\n<p>Pour tout \u00e9change ou retour, contacter <a href=\"mailto:info@montreuxjazzshop.ch\" target=\"_blank\" rel=\"noreferrer noopener\">info@montreuxjazzshop.ch<\/a>, dans un d\u00e9lai de 10 jours suivant r\u00e9ception de la commande, en mentionnant le num\u00e9ro de commande et la raison du retour. Les affiches ne sont ni reprises ni \u00e9chang\u00e9es (sauf en cas d\u2019erreur de livraison). Les Vinyles et DVD ne sont repris ou \u00e9chang\u00e9s que dans leur emballage en plastique d\u2019origine.<\/p>\n\n\n\n<h2 class=\"wp-block-heading\">Mineurs<\/h2>\n\n\n\n<p>La Fondation du Festival de Jazz de Montreux ne vend pas de produits aux mineurs. Nous vendons des produits pour enfants pour des achats par des adultes. Si vous avez moins de 18 ans, vous ne pouvez utiliser montreuxjazzshop.ch que sous la surveillance d&rsquo;un parent ou d&rsquo;un tuteur.<\/p>\n\n\n\n<h2 class=\"wp-block-heading\">Droit applicable<\/h2>\n\n\n\n<p>Pour le surplus, le droit suisse est seul applicable \u00e0 toutes les relations entre le client et la Fondation du Festival de Jazz de Montreux.<\/p>\n","protected":false},"excerpt":{"rendered":"<p>Champ d\u2019application Les pr\u00e9sentes conditions g\u00e9n\u00e9rales, que la Fondation du Festival de Jazz de Montreux se r\u00e9serve le droit de modifier en tout temps, s\u2019appliquent \u00e0 et r\u00e9gissent toutes commandes pass\u00e9es via le site www.montreuxjazzshop.com Commande, prix et livraison La Fondation du Festival de Jazz de Montreux s&rsquo;engage \u00e0 honorer les commandes re\u00e7ues via son [&hellip;]<\/p>\n","protected":false},"author":2,"featured_media":0,"parent":0,"menu_order":0,"comment_status":"closed","ping_status":"closed","template":"","meta":{"_acf_changed":false,"footnotes":""},"class_list":["post-6318","page","type-page","status-publish","hentry"],"acf":[],"yoast_head":"<!-- This site is optimized with the Yoast SEO Premium plugin v26.4 (Yoast SEO v27.4) - https:\/\/yoast.com\/product\/yoast-seo-premium-wordpress\/ -->\n<title>Conditions g\u00e9n\u00e9rales de vente - Montreux Jazz Festival Shop<\/title>\n<meta name=\"description\" content=\"Consultez nos Conditions G\u00e9n\u00e9rales de Vente : commandes, prix, retours (affiches non \u00e9changeables) et droit applicable.\" \/>\n<meta name=\"robots\" content=\"index, follow, max-snippet:-1, max-image-preview:large, max-video-preview:-1\" \/>\n<link rel=\"canonical\" href=\"https:\/\/www.montreuxjazzshop.com\/fr\/conditions-generales-de-vente\/\" \/>\n<meta property=\"og:locale\" content=\"fr_FR\" \/>\n<meta property=\"og:type\" content=\"article\" \/>\n<meta property=\"og:title\" content=\"Conditions g\u00e9n\u00e9rales de vente\" \/>\n<meta property=\"og:description\" content=\"Consultez nos Conditions G\u00e9n\u00e9rales de Vente : commandes, prix, retours (affiches non \u00e9changeables) et droit applicable.\" \/>\n<meta property=\"og:url\" content=\"https:\/\/www.montreuxjazzshop.com\/fr\/conditions-generales-de-vente\/\" \/>\n<meta property=\"og:site_name\" content=\"Montreux Jazz Festival Shop\" \/>\n<meta property=\"article:publisher\" content=\"https:\/\/www.facebook.com\/montreuxjazzfestival\" \/>\n<meta property=\"article:modified_time\" content=\"2025-10-22T06:53:15+00:00\" \/>\n<meta name=\"twitter:card\" content=\"summary_large_image\" \/>\n<meta name=\"twitter:site\" content=\"@MontreuxJazz\" \/>\n<script type=\"application\/ld+json\" class=\"yoast-schema-graph\">{\"@context\":\"https:\\\/\\\/schema.org\",\"@graph\":[{\"@type\":\"WebPage\",\"@id\":\"https:\\\/\\\/www.montreuxjazzshop.com\\\/fr\\\/conditions-generales-de-vente\\\/\",\"url\":\"https:\\\/\\\/www.montreuxjazzshop.com\\\/fr\\\/conditions-generales-de-vente\\\/\",\"name\":\"Conditions g\u00e9n\u00e9rales de vente - Montreux Jazz Festival Shop\",\"isPartOf\":{\"@id\":\"https:\\\/\\\/www.montreuxjazzshop.com\\\/fr\\\/#website\"},\"datePublished\":\"2025-10-01T10:58:32+00:00\",\"dateModified\":\"2025-10-22T06:53:15+00:00\",\"description\":\"Consultez nos Conditions G\u00e9n\u00e9rales de Vente : commandes, prix, retours (affiches non \u00e9changeables) et droit applicable.\",\"breadcrumb\":{\"@id\":\"https:\\\/\\\/www.montreuxjazzshop.com\\\/fr\\\/conditions-generales-de-vente\\\/#breadcrumb\"},\"inLanguage\":\"fr-FR\",\"potentialAction\":[{\"@type\":\"ReadAction\",\"target\":[\"https:\\\/\\\/www.montreuxjazzshop.com\\\/fr\\\/conditions-generales-de-vente\\\/\"]}]},{\"@type\":\"BreadcrumbList\",\"@id\":\"https:\\\/\\\/www.montreuxjazzshop.com\\\/fr\\\/conditions-generales-de-vente\\\/#breadcrumb\",\"itemListElement\":[{\"@type\":\"ListItem\",\"position\":1,\"name\":\"Accueil\",\"item\":\"https:\\\/\\\/www.montreuxjazzshop.com\\\/fr\\\/\"},{\"@type\":\"ListItem\",\"position\":2,\"name\":\"Conditions g\u00e9n\u00e9rales de vente\"}]},{\"@type\":\"WebSite\",\"@id\":\"https:\\\/\\\/www.montreuxjazzshop.com\\\/fr\\\/#website\",\"url\":\"https:\\\/\\\/www.montreuxjazzshop.com\\\/fr\\\/\",\"name\":\"Montreux Jazz Shop\",\"description\":\"The Montreux Jazz Festival shop\",\"potentialAction\":[{\"@type\":\"SearchAction\",\"target\":{\"@type\":\"EntryPoint\",\"urlTemplate\":\"https:\\\/\\\/www.montreuxjazzshop.com\\\/fr\\\/?s={search_term_string}\"},\"query-input\":{\"@type\":\"PropertyValueSpecification\",\"valueRequired\":true,\"valueName\":\"search_term_string\"}}],\"inLanguage\":\"fr-FR\"}]}<\/script>\n<!-- \/ Yoast SEO Premium plugin. -->","yoast_head_json":{"title":"Conditions g\u00e9n\u00e9rales de vente - Montreux Jazz Festival Shop","description":"Consultez nos Conditions G\u00e9n\u00e9rales de Vente : commandes, prix, retours (affiches non \u00e9changeables) et droit applicable.","robots":{"index":"index","follow":"follow","max-snippet":"max-snippet:-1","max-image-preview":"max-image-preview:large","max-video-preview":"max-video-preview:-1"},"canonical":"https:\/\/www.montreuxjazzshop.com\/fr\/conditions-generales-de-vente\/","og_locale":"fr_FR","og_type":"article","og_title":"Conditions g\u00e9n\u00e9rales de vente","og_description":"Consultez nos Conditions G\u00e9n\u00e9rales de Vente : commandes, prix, retours (affiches non \u00e9changeables) et droit applicable.","og_url":"https:\/\/www.montreuxjazzshop.com\/fr\/conditions-generales-de-vente\/","og_site_name":"Montreux Jazz Festival Shop","article_publisher":"https:\/\/www.facebook.com\/montreuxjazzfestival","article_modified_time":"2025-10-22T06:53:15+00:00","twitter_card":"summary_large_image","twitter_site":"@MontreuxJazz","schema":{"@context":"https:\/\/schema.org","@graph":[{"@type":"WebPage","@id":"https:\/\/www.montreuxjazzshop.com\/fr\/conditions-generales-de-vente\/","url":"https:\/\/www.montreuxjazzshop.com\/fr\/conditions-generales-de-vente\/","name":"Conditions g\u00e9n\u00e9rales de vente - Montreux Jazz Festival Shop","isPartOf":{"@id":"https:\/\/www.montreuxjazzshop.com\/fr\/#website"},"datePublished":"2025-10-01T10:58:32+00:00","dateModified":"2025-10-22T06:53:15+00:00","description":"Consultez nos Conditions G\u00e9n\u00e9rales de Vente : commandes, prix, retours (affiches non \u00e9changeables) et droit applicable.","breadcrumb":{"@id":"https:\/\/www.montreuxjazzshop.com\/fr\/conditions-generales-de-vente\/#breadcrumb"},"inLanguage":"fr-FR","potentialAction":[{"@type":"ReadAction","target":["https:\/\/www.montreuxjazzshop.com\/fr\/conditions-generales-de-vente\/"]}]},{"@type":"BreadcrumbList","@id":"https:\/\/www.montreuxjazzshop.com\/fr\/conditions-generales-de-vente\/#breadcrumb","itemListElement":[{"@type":"ListItem","position":1,"name":"Accueil","item":"https:\/\/www.montreuxjazzshop.com\/fr\/"},{"@type":"ListItem","position":2,"name":"Conditions g\u00e9n\u00e9rales de vente"}]},{"@type":"WebSite","@id":"https:\/\/www.montreuxjazzshop.com\/fr\/#website","url":"https:\/\/www.montreuxjazzshop.com\/fr\/","name":"Montreux Jazz Shop","description":"The Montreux Jazz Festival shop","potentialAction":[{"@type":"SearchAction","target":{"@type":"EntryPoint","urlTemplate":"https:\/\/www.montreuxjazzshop.com\/fr\/?s={search_term_string}"},"query-input":{"@type":"PropertyValueSpecification","valueRequired":true,"valueName":"search_term_string"}}],"inLanguage":"fr-FR"}]}},"_links":{"self":[{"href":"https:\/\/www.montreuxjazzshop.com\/fr\/wp-json\/wp\/v2\/pages\/6318","targetHints":{"allow":["GET"]}}],"collection":[{"href":"https:\/\/www.montreuxjazzshop.com\/fr\/wp-json\/wp\/v2\/pages"}],"about":[{"href":"https:\/\/www.montreuxjazzshop.com\/fr\/wp-json\/wp\/v2\/types\/page"}],"author":[{"embeddable":true,"href":"https:\/\/www.montreuxjazzshop.com\/fr\/wp-json\/wp\/v2\/users\/2"}],"replies":[{"embeddable":true,"href":"https:\/\/www.montreuxjazzshop.com\/fr\/wp-json\/wp\/v2\/comments?post=6318"}],"version-history":[{"count":0,"href":"https:\/\/www.montreuxjazzshop.com\/fr\/wp-json\/wp\/v2\/pages\/6318\/revisions"}],"wp:attachment":[{"href":"https:\/\/www.montreuxjazzshop.com\/fr\/wp-json\/wp\/v2\/media?parent=6318"}],"curies":[{"name":"wp","href":"https:\/\/api.w.org\/{rel}","templated":true}]}}