{"id":6767,"date":"2025-12-04T11:20:36","date_gmt":"2025-12-04T10:20:36","guid":{"rendered":"https:\/\/www.montreuxjazzshop.com\/?post_type=product&#038;p=6767"},"modified":"2026-04-17T12:45:26","modified_gmt":"2026-04-17T10:45:26","slug":"poster-kevin-germanier-2026","status":"publish","type":"product","link":"https:\/\/www.montreuxjazzshop.com\/en\/shop\/posters\/poster-kevin-germanier-2026\/","title":{"rendered":"Poster K\u00e9vin Germanier, 2026"},"content":{"rendered":"","protected":false},"excerpt":{"rendered":"<div class=\"woocommerce-product-details__short-description\">\n<p>A Haute Couture poster for the 60th Montreux Jazz Festival. This dazzling work is the first embroidered poster in the Festival\u2019s history. K\u00e9vin Germanier thus becomes the first fashion designer ever to create an official Montreux Jazz Festival poster. Originally from Valais and now based in Paris, Germanier has established himself as one of the most exciting talents on the international scene. After dressing Bj\u00f6rk, Beyonc\u00e9, and Lady Gaga, he recently designed the costumes for the Closing Ceremony of the Paris 2024 Olympic Games and the 2025 Eurovision in Basel. Germanier has made upcycling his signature approach: every element featured in the poster has been reused and repurposed from previous creations. Over 60,000 sequins and beads\u2014made of glass, wood, and plastic\u2014were meticulously hand-embroidered onto a velvet canvas.<\/p>\n<p><a href=\"https:\/\/www.montreuxjazzshop.com\/en\/artist\/kevin-germanier\/\">More about the artist<\/a><\/p>\n<p><strong>HiFi Screen Printing with Fluorescent Inks<\/strong><br \/>\nHiFi printing is an evolution of the traditional CMYK process, enhanced with intermediate colors such as red, green, and ultramarine to expand the color gamut. Using a specialized color-separation software, it minimizes ink overlap, resulting in purer tones and a more faithful color reproduction.<\/p>\n<p><a href=\"https:\/\/www.instagram.com\/lorenzboegli.ch\/\">Lorenz Boegli printing<\/a><\/p>\n<\/div>\n<form class=\"variations_form cart\" action=\"https:\/\/www.montreuxjazzshop.com\/en\/boutique\/edition-en\/2026-en\/poster-kevin-germanier-2026\/\" enctype=\"multipart\/form-data\" method=\"post\" data-product_id=\"104514\" data-product_variations=\"[{&quot;attributes&quot;:{&quot;attribute_pa_poster-size&quot;:&quot;30x40&quot;},&quot;availability_html&quot;:&quot;&lt;div class=\\&quot;ywpo_availability_date pre_order_single\\&quot; data-time=\\&quot;1762743600\\&quot;&gt;Delivery from: &lt;span class=\\&quot;availability_date\\&quot;&gt;&lt;\\\/span&gt;&lt;\\\/div&gt;&quot;,&quot;backorders_allowed&quot;:false,&quot;dimensions&quot;:{&quot;length&quot;:&quot;&quot;,&quot;width&quot;:&quot;30&quot;,&quot;height&quot;:&quot;40&quot;},&quot;dimensions_html&quot;:&quot;30 &amp;times; 40 cm&quot;,&quot;display_price&quot;:35,&quot;display_regular_price&quot;:35,&quot;image&quot;:{&quot;title&quot;:&quot;Poster K\\u00e9vin Germanier Montreux Jazz Music Festival 2026 Embroidery 30x40cm&quot;,&quot;caption&quot;:&quot;&quot;,&quot;url&quot;:&quot;https:\\\/\\\/www.montreuxjazzshop.com\\\/wp-content\\\/uploads\\\/2025\\\/10\\\/MJF-Poster-30x40-2026-Germanier-bleu-web.jpg&quot;,&quot;alt&quot;:&quot;Poster K\\u00e9vin Germanier Montreux Jazz Music Festival 2026 Embroidery 30x40cm&quot;,&quot;src&quot;:&quot;https:\\\/\\\/www.montreuxjazzshop.com\\\/wp-content\\\/uploads\\\/2025\\\/10\\\/MJF-Poster-30x40-2026-Germanier-bleu-web-920x920.jpg&quot;,&quot;srcset&quot;:&quot;https:\\\/\\\/www.montreuxjazzshop.com\\\/wp-content\\\/uploads\\\/2025\\\/10\\\/MJF-Poster-30x40-2026-Germanier-bleu-web-920x920.jpg 920w, https:\\\/\\\/www.montreuxjazzshop.com\\\/wp-content\\\/uploads\\\/2025\\\/10\\\/MJF-Poster-30x40-2026-Germanier-bleu-web-300x300.jpg 300w, https:\\\/\\\/www.montreuxjazzshop.com\\\/wp-content\\\/uploads\\\/2025\\\/10\\\/MJF-Poster-30x40-2026-Germanier-bleu-web-1024x1024.jpg 1024w, https:\\\/\\\/www.montreuxjazzshop.com\\\/wp-content\\\/uploads\\\/2025\\\/10\\\/MJF-Poster-30x40-2026-Germanier-bleu-web-150x150.jpg 150w, https:\\\/\\\/www.montreuxjazzshop.com\\\/wp-content\\\/uploads\\\/2025\\\/10\\\/MJF-Poster-30x40-2026-Germanier-bleu-web-768x768.jpg 768w, https:\\\/\\\/www.montreuxjazzshop.com\\\/wp-content\\\/uploads\\\/2025\\\/10\\\/MJF-Poster-30x40-2026-Germanier-bleu-web-1536x1536.jpg 1536w, https:\\\/\\\/www.montreuxjazzshop.com\\\/wp-content\\\/uploads\\\/2025\\\/10\\\/MJF-Poster-30x40-2026-Germanier-bleu-web-350x350.jpg 350w, https:\\\/\\\/www.montreuxjazzshop.com\\\/wp-content\\\/uploads\\\/2025\\\/10\\\/MJF-Poster-30x40-2026-Germanier-bleu-web-100x100.jpg 100w, https:\\\/\\\/www.montreuxjazzshop.com\\\/wp-content\\\/uploads\\\/2025\\\/10\\\/MJF-Poster-30x40-2026-Germanier-bleu-web.jpg 2000w&quot;,&quot;sizes&quot;:&quot;(max-width: 920px) 100vw, 920px&quot;,&quot;full_src&quot;:&quot;https:\\\/\\\/www.montreuxjazzshop.com\\\/wp-content\\\/uploads\\\/2025\\\/10\\\/MJF-Poster-30x40-2026-Germanier-bleu-web.jpg&quot;,&quot;full_src_w&quot;:2000,&quot;full_src_h&quot;:2000,&quot;gallery_thumbnail_src&quot;:&quot;https:\\\/\\\/www.montreuxjazzshop.com\\\/wp-content\\\/uploads\\\/2025\\\/10\\\/MJF-Poster-30x40-2026-Germanier-bleu-web-150x150.jpg&quot;,&quot;gallery_thumbnail_src_w&quot;:150,&quot;gallery_thumbnail_src_h&quot;:150,&quot;thumb_src&quot;:&quot;https:\\\/\\\/www.montreuxjazzshop.com\\\/wp-content\\\/uploads\\\/2025\\\/10\\\/MJF-Poster-30x40-2026-Germanier-bleu-web-350x350.jpg&quot;,&quot;thumb_src_w&quot;:350,&quot;thumb_src_h&quot;:350,&quot;src_w&quot;:920,&quot;src_h&quot;:920},&quot;image_id&quot;:104536,&quot;is_downloadable&quot;:false,&quot;is_in_stock&quot;:true,&quot;is_purchasable&quot;:true,&quot;is_sold_individually&quot;:&quot;no&quot;,&quot;is_virtual&quot;:false,&quot;max_qty&quot;:233,&quot;min_qty&quot;:1,&quot;price_html&quot;:&quot;&lt;span class=\\&quot;price\\&quot;&gt;&lt;span class=\\&quot;woocommerce-Price-amount amount\\&quot;&gt;&lt;bdi&gt;&lt;span class=\\&quot;woocommerce-Price-currencySymbol\\&quot;&gt;CHF &lt;\\\/span&gt;35&lt;\\\/bdi&gt;&lt;\\\/span&gt;&lt;\\\/span&gt;&quot;,&quot;sku&quot;:&quot;1001200702026&quot;,&quot;variation_description&quot;:&quot;&lt;p&gt;Screen Printing HIFI \\u2013 7 colors. Printed on half-matte coated paper 350gr. Unframed.&lt;\\\/p&gt;\\n&quot;,&quot;variation_id&quot;:104517,&quot;variation_is_active&quot;:true,&quot;variation_is_visible&quot;:true,&quot;weight&quot;:&quot;0.1&quot;,&quot;weight_html&quot;:&quot;0,1 kg&quot;,&quot;woosb_image&quot;:&quot;&lt;img width=\\&quot;350\\&quot; height=\\&quot;350\\&quot; src=\\&quot;https:\\\/\\\/www.montreuxjazzshop.com\\\/wp-content\\\/uploads\\\/2025\\\/10\\\/MJF-Poster-30x40-2026-Germanier-bleu-web-350x350.jpg\\&quot; class=\\&quot;attachment-woocommerce_thumbnail size-woocommerce_thumbnail\\&quot; alt=\\&quot;Poster K\\u00e9vin Germanier Montreux Jazz Music Festival 2026 Embroidery 30x40cm\\&quot; decoding=\\&quot;async\\&quot; loading=\\&quot;lazy\\&quot; srcset=\\&quot;https:\\\/\\\/www.montreuxjazzshop.com\\\/wp-content\\\/uploads\\\/2025\\\/10\\\/MJF-Poster-30x40-2026-Germanier-bleu-web-350x350.jpg 350w, https:\\\/\\\/www.montreuxjazzshop.com\\\/wp-content\\\/uploads\\\/2025\\\/10\\\/MJF-Poster-30x40-2026-Germanier-bleu-web-300x300.jpg 300w, https:\\\/\\\/www.montreuxjazzshop.com\\\/wp-content\\\/uploads\\\/2025\\\/10\\\/MJF-Poster-30x40-2026-Germanier-bleu-web-1024x1024.jpg 1024w, https:\\\/\\\/www.montreuxjazzshop.com\\\/wp-content\\\/uploads\\\/2025\\\/10\\\/MJF-Poster-30x40-2026-Germanier-bleu-web-150x150.jpg 150w, https:\\\/\\\/www.montreuxjazzshop.com\\\/wp-content\\\/uploads\\\/2025\\\/10\\\/MJF-Poster-30x40-2026-Germanier-bleu-web-768x768.jpg 768w, https:\\\/\\\/www.montreuxjazzshop.com\\\/wp-content\\\/uploads\\\/2025\\\/10\\\/MJF-Poster-30x40-2026-Germanier-bleu-web-1536x1536.jpg 1536w, https:\\\/\\\/www.montreuxjazzshop.com\\\/wp-content\\\/uploads\\\/2025\\\/10\\\/MJF-Poster-30x40-2026-Germanier-bleu-web-920x920.jpg 920w, https:\\\/\\\/www.montreuxjazzshop.com\\\/wp-content\\\/uploads\\\/2025\\\/10\\\/MJF-Poster-30x40-2026-Germanier-bleu-web-100x100.jpg 100w, https:\\\/\\\/www.montreuxjazzshop.com\\\/wp-content\\\/uploads\\\/2025\\\/10\\\/MJF-Poster-30x40-2026-Germanier-bleu-web.jpg 2000w\\&quot; sizes=\\&quot;(max-width: 350px) 100vw, 350px\\&quot; \\\/&gt;&quot;,&quot;is_pre_order&quot;:&quot;yes&quot;,&quot;pre_order_label&quot;:&quot;Pre-Order&quot;},{&quot;attributes&quot;:{&quot;attribute_pa_poster-size&quot;:&quot;70x100&quot;},&quot;availability_html&quot;:&quot;&lt;div class=\\&quot;ywpo_availability_date pre_order_single\\&quot; data-time=\\&quot;1762740000\\&quot;&gt;Delivery from: &lt;span class=\\&quot;availability_date\\&quot;&gt;&lt;\\\/span&gt;&lt;\\\/div&gt;&quot;,&quot;backorders_allowed&quot;:false,&quot;dimensions&quot;:{&quot;length&quot;:&quot;&quot;,&quot;width&quot;:&quot;70&quot;,&quot;height&quot;:&quot;100&quot;},&quot;dimensions_html&quot;:&quot;70 &amp;times; 100 cm&quot;,&quot;display_price&quot;:89,&quot;display_regular_price&quot;:89,&quot;image&quot;:{&quot;title&quot;:&quot;Poster K\\u00e9vin Germanier Montreux Jazz Music Festival 2026 Embroidery 70x100cm&quot;,&quot;caption&quot;:&quot;&quot;,&quot;url&quot;:&quot;https:\\\/\\\/www.montreuxjazzshop.com\\\/wp-content\\\/uploads\\\/2025\\\/10\\\/MJF-Poster-70x100-2026-Germanier-web.jpg&quot;,&quot;alt&quot;:&quot;Poster K\\u00e9vin Germanier Montreux Jazz Music Festival 2026 Embroidery 70x100cm&quot;,&quot;src&quot;:&quot;https:\\\/\\\/www.montreuxjazzshop.com\\\/wp-content\\\/uploads\\\/2025\\\/10\\\/MJF-Poster-70x100-2026-Germanier-web-920x920.jpg&quot;,&quot;srcset&quot;:&quot;https:\\\/\\\/www.montreuxjazzshop.com\\\/wp-content\\\/uploads\\\/2025\\\/10\\\/MJF-Poster-70x100-2026-Germanier-web-920x920.jpg 920w, https:\\\/\\\/www.montreuxjazzshop.com\\\/wp-content\\\/uploads\\\/2025\\\/10\\\/MJF-Poster-70x100-2026-Germanier-web-300x300.jpg 300w, https:\\\/\\\/www.montreuxjazzshop.com\\\/wp-content\\\/uploads\\\/2025\\\/10\\\/MJF-Poster-70x100-2026-Germanier-web-1024x1024.jpg 1024w, https:\\\/\\\/www.montreuxjazzshop.com\\\/wp-content\\\/uploads\\\/2025\\\/10\\\/MJF-Poster-70x100-2026-Germanier-web-150x150.jpg 150w, https:\\\/\\\/www.montreuxjazzshop.com\\\/wp-content\\\/uploads\\\/2025\\\/10\\\/MJF-Poster-70x100-2026-Germanier-web-768x768.jpg 768w, https:\\\/\\\/www.montreuxjazzshop.com\\\/wp-content\\\/uploads\\\/2025\\\/10\\\/MJF-Poster-70x100-2026-Germanier-web-1536x1536.jpg 1536w, https:\\\/\\\/www.montreuxjazzshop.com\\\/wp-content\\\/uploads\\\/2025\\\/10\\\/MJF-Poster-70x100-2026-Germanier-web-350x350.jpg 350w, https:\\\/\\\/www.montreuxjazzshop.com\\\/wp-content\\\/uploads\\\/2025\\\/10\\\/MJF-Poster-70x100-2026-Germanier-web-100x100.jpg 100w, https:\\\/\\\/www.montreuxjazzshop.com\\\/wp-content\\\/uploads\\\/2025\\\/10\\\/MJF-Poster-70x100-2026-Germanier-web.jpg 2000w&quot;,&quot;sizes&quot;:&quot;(max-width: 920px) 100vw, 920px&quot;,&quot;full_src&quot;:&quot;https:\\\/\\\/www.montreuxjazzshop.com\\\/wp-content\\\/uploads\\\/2025\\\/10\\\/MJF-Poster-70x100-2026-Germanier-web.jpg&quot;,&quot;full_src_w&quot;:2000,&quot;full_src_h&quot;:2000,&quot;gallery_thumbnail_src&quot;:&quot;https:\\\/\\\/www.montreuxjazzshop.com\\\/wp-content\\\/uploads\\\/2025\\\/10\\\/MJF-Poster-70x100-2026-Germanier-web-150x150.jpg&quot;,&quot;gallery_thumbnail_src_w&quot;:150,&quot;gallery_thumbnail_src_h&quot;:150,&quot;thumb_src&quot;:&quot;https:\\\/\\\/www.montreuxjazzshop.com\\\/wp-content\\\/uploads\\\/2025\\\/10\\\/MJF-Poster-70x100-2026-Germanier-web-350x350.jpg&quot;,&quot;thumb_src_w&quot;:350,&quot;thumb_src_h&quot;:350,&quot;src_w&quot;:920,&quot;src_h&quot;:920},&quot;image_id&quot;:104524,&quot;is_downloadable&quot;:false,&quot;is_in_stock&quot;:true,&quot;is_purchasable&quot;:true,&quot;is_sold_individually&quot;:&quot;no&quot;,&quot;is_virtual&quot;:false,&quot;max_qty&quot;:373,&quot;min_qty&quot;:1,&quot;price_html&quot;:&quot;&lt;span class=\\&quot;price\\&quot;&gt;&lt;span class=\\&quot;woocommerce-Price-amount amount\\&quot;&gt;&lt;bdi&gt;&lt;span class=\\&quot;woocommerce-Price-currencySymbol\\&quot;&gt;CHF &lt;\\\/span&gt;89&lt;\\\/bdi&gt;&lt;\\\/span&gt;&lt;\\\/span&gt;&quot;,&quot;sku&quot;:&quot;1000100702025-1&quot;,&quot;variation_description&quot;:&quot;&lt;p&gt;Screen Printing HIFI \\u2013 7 colors. Printed on half-matte coated paper 250gr. &lt;\\\/p&gt;\\n&quot;,&quot;variation_id&quot;:104518,&quot;variation_is_active&quot;:true,&quot;variation_is_visible&quot;:true,&quot;weight&quot;:&quot;0.3&quot;,&quot;weight_html&quot;:&quot;0,3 kg&quot;,&quot;woosb_image&quot;:&quot;&lt;img width=\\&quot;350\\&quot; height=\\&quot;350\\&quot; src=\\&quot;https:\\\/\\\/www.montreuxjazzshop.com\\\/wp-content\\\/uploads\\\/2025\\\/10\\\/MJF-Poster-70x100-2026-Germanier-web-350x350.jpg\\&quot; class=\\&quot;attachment-woocommerce_thumbnail size-woocommerce_thumbnail\\&quot; alt=\\&quot;Poster K\\u00e9vin Germanier Montreux Jazz Music Festival 2026 Embroidery 70x100cm\\&quot; decoding=\\&quot;async\\&quot; loading=\\&quot;lazy\\&quot; srcset=\\&quot;https:\\\/\\\/www.montreuxjazzshop.com\\\/wp-content\\\/uploads\\\/2025\\\/10\\\/MJF-Poster-70x100-2026-Germanier-web-350x350.jpg 350w, https:\\\/\\\/www.montreuxjazzshop.com\\\/wp-content\\\/uploads\\\/2025\\\/10\\\/MJF-Poster-70x100-2026-Germanier-web-300x300.jpg 300w, https:\\\/\\\/www.montreuxjazzshop.com\\\/wp-content\\\/uploads\\\/2025\\\/10\\\/MJF-Poster-70x100-2026-Germanier-web-1024x1024.jpg 1024w, https:\\\/\\\/www.montreuxjazzshop.com\\\/wp-content\\\/uploads\\\/2025\\\/10\\\/MJF-Poster-70x100-2026-Germanier-web-150x150.jpg 150w, https:\\\/\\\/www.montreuxjazzshop.com\\\/wp-content\\\/uploads\\\/2025\\\/10\\\/MJF-Poster-70x100-2026-Germanier-web-768x768.jpg 768w, https:\\\/\\\/www.montreuxjazzshop.com\\\/wp-content\\\/uploads\\\/2025\\\/10\\\/MJF-Poster-70x100-2026-Germanier-web-1536x1536.jpg 1536w, https:\\\/\\\/www.montreuxjazzshop.com\\\/wp-content\\\/uploads\\\/2025\\\/10\\\/MJF-Poster-70x100-2026-Germanier-web-920x920.jpg 920w, https:\\\/\\\/www.montreuxjazzshop.com\\\/wp-content\\\/uploads\\\/2025\\\/10\\\/MJF-Poster-70x100-2026-Germanier-web-100x100.jpg 100w, https:\\\/\\\/www.montreuxjazzshop.com\\\/wp-content\\\/uploads\\\/2025\\\/10\\\/MJF-Poster-70x100-2026-Germanier-web.jpg 2000w\\&quot; sizes=\\&quot;(max-width: 350px) 100vw, 350px\\&quot; \\\/&gt;&quot;,&quot;is_pre_order&quot;:&quot;yes&quot;,&quot;pre_order_label&quot;:&quot;Pre-Order&quot;}]\"><\/form>\n","protected":false},"featured_media":6920,"template":"","meta":{"_acf_changed":false},"artist":[582],"artist-category":[],"edition":[],"product_brand":[],"product_cat":[486,308,307,309],"product_tag":[],"class_list":{"0":"post-6767","1":"product","2":"type-product","3":"status-publish","4":"has-post-thumbnail","6":"artist-kevin-germanier","7":"product_cat-highlights","8":"product_cat-official-posters","9":"product_cat-posters","10":"product_cat-small-posters","11":"product_shipping_class-affiche","13":"first","14":"instock","15":"taxable","16":"shipping-taxable","17":"purchasable","18":"product-type-variable","19":"wvs-archive-product-wrapper"},"bundled_by":[],"bundle_stock_status":"instock","bundle_stock_quantity":null,"bundle_virtual":false,"bundle_layout":"","bundle_add_to_cart_form_location":"","bundle_editable_in_cart":false,"bundle_sold_individually_context":"","bundle_item_grouping":"","bundle_min_size":"","bundle_max_size":"","bundle_price":[],"bundled_items":[],"bundle_sell_ids":[],"acf":[],"yoast_head":"<!-- This site is optimized with the Yoast SEO Premium plugin v26.4 (Yoast SEO v27.4) - https:\/\/yoast.com\/product\/yoast-seo-premium-wordpress\/ -->\n<title>Poster K\u00e9vin Germanier, 2026 - Montreux Jazz Festival Shop<\/title>\n<meta name=\"description\" content=\"K\u00e9vin Germanier Montreux Jazz Festival 2026 poster. The first embroidered poster, a unique Haute Couture artwork. Limited edition.\" \/>\n<meta name=\"robots\" content=\"index, follow, max-snippet:-1, max-image-preview:large, max-video-preview:-1\" \/>\n<link rel=\"canonical\" href=\"https:\/\/www.montreuxjazzshop.com\/en\/shop\/posters\/poster-kevin-germanier-2026\/\" \/>\n<meta property=\"og:locale\" content=\"en_US\" \/>\n<meta property=\"og:type\" content=\"article\" \/>\n<meta property=\"og:title\" content=\"Poster K\u00e9vin Germanier, 2026\" \/>\n<meta property=\"og:description\" content=\"K\u00e9vin Germanier Montreux Jazz Festival 2026 poster. The first embroidered poster, a unique Haute Couture artwork. Limited edition.\" \/>\n<meta property=\"og:url\" content=\"https:\/\/www.montreuxjazzshop.com\/en\/shop\/posters\/poster-kevin-germanier-2026\/\" \/>\n<meta property=\"og:site_name\" content=\"Montreux Jazz Festival Shop\" \/>\n<meta property=\"article:publisher\" content=\"https:\/\/www.facebook.com\/montreuxjazzfestival\" \/>\n<meta property=\"article:modified_time\" content=\"2026-04-17T10:45:26+00:00\" \/>\n<meta property=\"og:image\" content=\"https:\/\/www.montreuxjazzshop.com\/wp-content\/uploads\/2025\/10\/MJF-Poster-70x100-2026-Germanier-web-1.jpg\" \/>\n\t<meta property=\"og:image:width\" content=\"2000\" \/>\n\t<meta property=\"og:image:height\" content=\"2000\" \/>\n\t<meta property=\"og:image:type\" content=\"image\/jpeg\" \/>\n<meta name=\"twitter:card\" content=\"summary_large_image\" \/>\n<meta name=\"twitter:site\" content=\"@MontreuxJazz\" \/>\n<script type=\"application\/ld+json\" class=\"yoast-schema-graph\">{\"@context\":\"https:\\\/\\\/schema.org\",\"@graph\":[{\"@type\":\"WebPage\",\"@id\":\"https:\\\/\\\/www.montreuxjazzshop.com\\\/en\\\/shop\\\/posters\\\/poster-kevin-germanier-2026\\\/\",\"url\":\"https:\\\/\\\/www.montreuxjazzshop.com\\\/en\\\/shop\\\/posters\\\/poster-kevin-germanier-2026\\\/\",\"name\":\"Poster K\u00e9vin Germanier, 2026 - Montreux Jazz Festival Shop\",\"isPartOf\":{\"@id\":\"https:\\\/\\\/www.montreuxjazzshop.com\\\/en\\\/#website\"},\"primaryImageOfPage\":{\"@id\":\"https:\\\/\\\/www.montreuxjazzshop.com\\\/en\\\/shop\\\/posters\\\/poster-kevin-germanier-2026\\\/#primaryimage\"},\"image\":{\"@id\":\"https:\\\/\\\/www.montreuxjazzshop.com\\\/en\\\/shop\\\/posters\\\/poster-kevin-germanier-2026\\\/#primaryimage\"},\"thumbnailUrl\":\"https:\\\/\\\/www.montreuxjazzshop.com\\\/wp-content\\\/uploads\\\/2025\\\/10\\\/MJF-Poster-70x100-2026-Germanier-web-1.jpg\",\"datePublished\":\"2025-12-04T10:20:36+00:00\",\"dateModified\":\"2026-04-17T10:45:26+00:00\",\"description\":\"K\u00e9vin Germanier Montreux Jazz Festival 2026 poster. The first embroidered poster, a unique Haute Couture artwork. Limited edition.\",\"breadcrumb\":{\"@id\":\"https:\\\/\\\/www.montreuxjazzshop.com\\\/en\\\/shop\\\/posters\\\/poster-kevin-germanier-2026\\\/#breadcrumb\"},\"inLanguage\":\"en-US\",\"potentialAction\":[{\"@type\":\"ReadAction\",\"target\":[\"https:\\\/\\\/www.montreuxjazzshop.com\\\/en\\\/shop\\\/posters\\\/poster-kevin-germanier-2026\\\/\"]}]},{\"@type\":\"ImageObject\",\"inLanguage\":\"en-US\",\"@id\":\"https:\\\/\\\/www.montreuxjazzshop.com\\\/en\\\/shop\\\/posters\\\/poster-kevin-germanier-2026\\\/#primaryimage\",\"url\":\"https:\\\/\\\/www.montreuxjazzshop.com\\\/wp-content\\\/uploads\\\/2025\\\/10\\\/MJF-Poster-70x100-2026-Germanier-web-1.jpg\",\"contentUrl\":\"https:\\\/\\\/www.montreuxjazzshop.com\\\/wp-content\\\/uploads\\\/2025\\\/10\\\/MJF-Poster-70x100-2026-Germanier-web-1.jpg\",\"width\":2000,\"height\":2000,\"caption\":\"Affiche K\u00e9vin Germanier, 2026 : Affiche pr\u00e9sentant des motifs vibrants et color\u00e9s ressemblant \u00e0 des plumes sur un fond noir, avec un texte audacieux et artistique \\\"Montreux Jazz Festival 2026\\\" partiellement masqu\u00e9 par le dessin anim\u00e9.\"},{\"@type\":\"BreadcrumbList\",\"@id\":\"https:\\\/\\\/www.montreuxjazzshop.com\\\/en\\\/shop\\\/posters\\\/poster-kevin-germanier-2026\\\/#breadcrumb\",\"itemListElement\":[{\"@type\":\"ListItem\",\"position\":1,\"name\":\"Accueil\",\"item\":\"https:\\\/\\\/www.montreuxjazzshop.com\\\/en\\\/\"},{\"@type\":\"ListItem\",\"position\":2,\"name\":\"Shop\",\"item\":\"https:\\\/\\\/www.montreuxjazzshop.com\\\/en\\\/shop\\\/\"},{\"@type\":\"ListItem\",\"position\":3,\"name\":\"Poster K\u00e9vin Germanier, 2026\"}]},{\"@type\":\"WebSite\",\"@id\":\"https:\\\/\\\/www.montreuxjazzshop.com\\\/en\\\/#website\",\"url\":\"https:\\\/\\\/www.montreuxjazzshop.com\\\/en\\\/\",\"name\":\"Montreux Jazz Shop\",\"description\":\"The Montreux Jazz Festival shop\",\"potentialAction\":[{\"@type\":\"SearchAction\",\"target\":{\"@type\":\"EntryPoint\",\"urlTemplate\":\"https:\\\/\\\/www.montreuxjazzshop.com\\\/en\\\/?s={search_term_string}\"},\"query-input\":{\"@type\":\"PropertyValueSpecification\",\"valueRequired\":true,\"valueName\":\"search_term_string\"}}],\"inLanguage\":\"en-US\"}]}<\/script>\n<meta property=\"og:availability\" content=\"instock\" \/>\n<meta property=\"product:availability\" content=\"instock\" \/>\n<meta property=\"product:retailer_item_id\" content=\"1000000002026\" \/>\n<meta property=\"product:condition\" content=\"new\" \/>\n<!-- \/ Yoast SEO Premium plugin. -->","yoast_head_json":{"title":"Poster K\u00e9vin Germanier, 2026 - Montreux Jazz Festival Shop","description":"K\u00e9vin Germanier Montreux Jazz Festival 2026 poster. The first embroidered poster, a unique Haute Couture artwork. Limited edition.","robots":{"index":"index","follow":"follow","max-snippet":"max-snippet:-1","max-image-preview":"max-image-preview:large","max-video-preview":"max-video-preview:-1"},"canonical":"https:\/\/www.montreuxjazzshop.com\/en\/shop\/posters\/poster-kevin-germanier-2026\/","og_locale":"en_US","og_type":"article","og_title":"Poster K\u00e9vin Germanier, 2026","og_description":"K\u00e9vin Germanier Montreux Jazz Festival 2026 poster. The first embroidered poster, a unique Haute Couture artwork. Limited edition.","og_url":"https:\/\/www.montreuxjazzshop.com\/en\/shop\/posters\/poster-kevin-germanier-2026\/","og_site_name":"Montreux Jazz Festival Shop","article_publisher":"https:\/\/www.facebook.com\/montreuxjazzfestival","article_modified_time":"2026-04-17T10:45:26+00:00","og_image":[{"width":2000,"height":2000,"url":"https:\/\/www.montreuxjazzshop.com\/wp-content\/uploads\/2025\/10\/MJF-Poster-70x100-2026-Germanier-web-1.jpg","type":"image\/jpeg"}],"twitter_card":"summary_large_image","twitter_site":"@MontreuxJazz","schema":{"@context":"https:\/\/schema.org","@graph":[{"@type":"WebPage","@id":"https:\/\/www.montreuxjazzshop.com\/en\/shop\/posters\/poster-kevin-germanier-2026\/","url":"https:\/\/www.montreuxjazzshop.com\/en\/shop\/posters\/poster-kevin-germanier-2026\/","name":"Poster K\u00e9vin Germanier, 2026 - Montreux Jazz Festival Shop","isPartOf":{"@id":"https:\/\/www.montreuxjazzshop.com\/en\/#website"},"primaryImageOfPage":{"@id":"https:\/\/www.montreuxjazzshop.com\/en\/shop\/posters\/poster-kevin-germanier-2026\/#primaryimage"},"image":{"@id":"https:\/\/www.montreuxjazzshop.com\/en\/shop\/posters\/poster-kevin-germanier-2026\/#primaryimage"},"thumbnailUrl":"https:\/\/www.montreuxjazzshop.com\/wp-content\/uploads\/2025\/10\/MJF-Poster-70x100-2026-Germanier-web-1.jpg","datePublished":"2025-12-04T10:20:36+00:00","dateModified":"2026-04-17T10:45:26+00:00","description":"K\u00e9vin Germanier Montreux Jazz Festival 2026 poster. The first embroidered poster, a unique Haute Couture artwork. Limited edition.","breadcrumb":{"@id":"https:\/\/www.montreuxjazzshop.com\/en\/shop\/posters\/poster-kevin-germanier-2026\/#breadcrumb"},"inLanguage":"en-US","potentialAction":[{"@type":"ReadAction","target":["https:\/\/www.montreuxjazzshop.com\/en\/shop\/posters\/poster-kevin-germanier-2026\/"]}]},{"@type":"ImageObject","inLanguage":"en-US","@id":"https:\/\/www.montreuxjazzshop.com\/en\/shop\/posters\/poster-kevin-germanier-2026\/#primaryimage","url":"https:\/\/www.montreuxjazzshop.com\/wp-content\/uploads\/2025\/10\/MJF-Poster-70x100-2026-Germanier-web-1.jpg","contentUrl":"https:\/\/www.montreuxjazzshop.com\/wp-content\/uploads\/2025\/10\/MJF-Poster-70x100-2026-Germanier-web-1.jpg","width":2000,"height":2000,"caption":"Affiche K\u00e9vin Germanier, 2026 : Affiche pr\u00e9sentant des motifs vibrants et color\u00e9s ressemblant \u00e0 des plumes sur un fond noir, avec un texte audacieux et artistique \"Montreux Jazz Festival 2026\" partiellement masqu\u00e9 par le dessin anim\u00e9."},{"@type":"BreadcrumbList","@id":"https:\/\/www.montreuxjazzshop.com\/en\/shop\/posters\/poster-kevin-germanier-2026\/#breadcrumb","itemListElement":[{"@type":"ListItem","position":1,"name":"Accueil","item":"https:\/\/www.montreuxjazzshop.com\/en\/"},{"@type":"ListItem","position":2,"name":"Shop","item":"https:\/\/www.montreuxjazzshop.com\/en\/shop\/"},{"@type":"ListItem","position":3,"name":"Poster K\u00e9vin Germanier, 2026"}]},{"@type":"WebSite","@id":"https:\/\/www.montreuxjazzshop.com\/en\/#website","url":"https:\/\/www.montreuxjazzshop.com\/en\/","name":"Montreux Jazz Shop","description":"The Montreux Jazz Festival shop","potentialAction":[{"@type":"SearchAction","target":{"@type":"EntryPoint","urlTemplate":"https:\/\/www.montreuxjazzshop.com\/en\/?s={search_term_string}"},"query-input":{"@type":"PropertyValueSpecification","valueRequired":true,"valueName":"search_term_string"}}],"inLanguage":"en-US"}]},"og_availability":"instock","product_availability":"instock","product_retailer_item_id":"1000000002026","product_condition":"new"},"_links":{"self":[{"href":"https:\/\/www.montreuxjazzshop.com\/en\/wp-json\/wp\/v2\/product\/6767","targetHints":{"allow":["GET"]}}],"collection":[{"href":"https:\/\/www.montreuxjazzshop.com\/en\/wp-json\/wp\/v2\/product"}],"about":[{"href":"https:\/\/www.montreuxjazzshop.com\/en\/wp-json\/wp\/v2\/types\/product"}],"wp:featuredmedia":[{"embeddable":true,"href":"https:\/\/www.montreuxjazzshop.com\/en\/wp-json\/wp\/v2\/media\/6920"}],"wp:attachment":[{"href":"https:\/\/www.montreuxjazzshop.com\/en\/wp-json\/wp\/v2\/media?parent=6767"}],"wp:term":[{"taxonomy":"artist","embeddable":true,"href":"https:\/\/www.montreuxjazzshop.com\/en\/wp-json\/wp\/v2\/artist?post=6767"},{"taxonomy":"artist-category","embeddable":true,"href":"https:\/\/www.montreuxjazzshop.com\/en\/wp-json\/wp\/v2\/artist-category?post=6767"},{"taxonomy":"edition","embeddable":true,"href":"https:\/\/www.montreuxjazzshop.com\/en\/wp-json\/wp\/v2\/edition?post=6767"},{"taxonomy":"product_brand","embeddable":true,"href":"https:\/\/www.montreuxjazzshop.com\/en\/wp-json\/wp\/v2\/product_brand?post=6767"},{"taxonomy":"product_cat","embeddable":true,"href":"https:\/\/www.montreuxjazzshop.com\/en\/wp-json\/wp\/v2\/product_cat?post=6767"},{"taxonomy":"product_tag","embeddable":true,"href":"https:\/\/www.montreuxjazzshop.com\/en\/wp-json\/wp\/v2\/product_tag?post=6767"}],"curies":[{"name":"wp","href":"https:\/\/api.w.org\/{rel}","templated":true}]}}