{"id":4596,"date":"2025-09-11T15:25:07","date_gmt":"2025-09-11T13:25:07","guid":{"rendered":"https:\/\/www.montreuxjazzshop.com\/?post_type=product&#038;p=4596"},"modified":"2025-09-11T15:38:25","modified_gmt":"2025-09-11T13:38:25","slug":"slipmat-vinyl-vintage","status":"publish","type":"product","link":"https:\/\/www.montreuxjazzshop.com\/en\/shop\/music\/music-accessories\/slipmat-vinyl-vintage\/","title":{"rendered":"Slipmat Vinyl Vintage"},"content":{"rendered":"<ul>\n<li>Composition: Felt<\/li>\n<li>Size: diameter 30 cm (12\u2033)<\/li>\n<li>Thickness: 2 mm<\/li>\n<li>Packaging: vinyl pouch<\/li>\n<\/ul>\n","protected":false},"excerpt":{"rendered":"<h3>Vintage Collection<\/h3>\n<p>Audiophile platter cover with Festival\u2019s first logo comes from Hamish Grimes\u2019s typographical poster \u201clet the sunshine in\u201d: a symbol of peace and love as the Vietnam War raged on. \u201cMontreux Jazz\u201d is written in a distinctively seventies typographic style as the top half of a glowing vinyl sun.<\/p>\n<p><a href=\"https:\/\/www.montreuxjazzshop.com\/en\/boutique\/posters\/official-posters\/affiche-hamish-grimes-1972\/\">See the poster<\/a><\/p>\n<p class=\"p3\">\n","protected":false},"featured_media":5008,"template":"","meta":{"_acf_changed":false},"artist":[],"artist-category":[],"edition":[161],"product_brand":[],"product_cat":[380,315,316],"product_tag":[],"class_list":{"0":"post-4596","1":"product","2":"type-product","3":"status-publish","4":"has-post-thumbnail","6":"edition-161","7":"product_cat-music-accessories","8":"product_cat-music","9":"product_cat-vinyls","11":"first","12":"outofstock","13":"taxable","14":"shipping-taxable","15":"purchasable","16":"product-type-simple"},"bundled_by":[],"bundle_stock_status":"outofstock","bundle_stock_quantity":0,"bundle_virtual":false,"bundle_layout":"","bundle_add_to_cart_form_location":"","bundle_editable_in_cart":false,"bundle_sold_individually_context":"","bundle_item_grouping":"","bundle_min_size":"","bundle_max_size":"","bundle_price":[],"bundled_items":[],"bundle_sell_ids":[],"acf":[],"yoast_head":"<!-- This site is optimized with the Yoast SEO Premium plugin v26.4 (Yoast SEO v27.4) - https:\/\/yoast.com\/product\/yoast-seo-premium-wordpress\/ -->\n<title>Slipmat Vinyl Vintage - Montreux Jazz Festival Shop<\/title>\n<meta name=\"description\" content=\"Audiophile platter cover decorated with the first Festival logo, felt mat for vinyl turntable. music Montreux Jazz Festival\" \/>\n<meta name=\"robots\" content=\"index, follow, max-snippet:-1, max-image-preview:large, max-video-preview:-1\" \/>\n<link rel=\"canonical\" href=\"https:\/\/www.montreuxjazzshop.com\/en\/shop\/music\/music-accessories\/slipmat-vinyl-vintage\/\" \/>\n<meta property=\"og:locale\" content=\"en_US\" \/>\n<meta property=\"og:type\" content=\"article\" \/>\n<meta property=\"og:title\" content=\"Slipmat Vinyl Vintage\" \/>\n<meta property=\"og:description\" content=\"Audiophile platter cover decorated with the first Festival logo, felt mat for vinyl turntable. music Montreux Jazz Festival\" \/>\n<meta property=\"og:url\" content=\"https:\/\/www.montreuxjazzshop.com\/en\/shop\/music\/music-accessories\/slipmat-vinyl-vintage\/\" \/>\n<meta property=\"og:site_name\" content=\"Montreux Jazz Festival Shop\" \/>\n<meta property=\"article:publisher\" content=\"https:\/\/www.facebook.com\/montreuxjazzfestival\" \/>\n<meta property=\"article:modified_time\" content=\"2025-09-11T13:38:25+00:00\" \/>\n<meta property=\"og:image\" content=\"https:\/\/www.montreuxjazzshop.com\/wp-content\/uploads\/2025\/09\/MJF25-Shooting-Vintage-Slipmat-3.jpg\" \/>\n\t<meta property=\"og:image:width\" content=\"1125\" \/>\n\t<meta property=\"og:image:height\" content=\"1125\" \/>\n\t<meta property=\"og:image:type\" content=\"image\/jpeg\" \/>\n<meta name=\"twitter:card\" content=\"summary_large_image\" \/>\n<meta name=\"twitter:site\" content=\"@MontreuxJazz\" \/>\n<script type=\"application\/ld+json\" class=\"yoast-schema-graph\">{\"@context\":\"https:\\\/\\\/schema.org\",\"@graph\":[{\"@type\":\"WebPage\",\"@id\":\"https:\\\/\\\/www.montreuxjazzshop.com\\\/en\\\/shop\\\/music\\\/music-accessories\\\/slipmat-vinyl-vintage\\\/\",\"url\":\"https:\\\/\\\/www.montreuxjazzshop.com\\\/en\\\/shop\\\/music\\\/music-accessories\\\/slipmat-vinyl-vintage\\\/\",\"name\":\"Slipmat Vinyl Vintage - Montreux Jazz Festival Shop\",\"isPartOf\":{\"@id\":\"https:\\\/\\\/www.montreuxjazzshop.com\\\/en\\\/#website\"},\"primaryImageOfPage\":{\"@id\":\"https:\\\/\\\/www.montreuxjazzshop.com\\\/en\\\/shop\\\/music\\\/music-accessories\\\/slipmat-vinyl-vintage\\\/#primaryimage\"},\"image\":{\"@id\":\"https:\\\/\\\/www.montreuxjazzshop.com\\\/en\\\/shop\\\/music\\\/music-accessories\\\/slipmat-vinyl-vintage\\\/#primaryimage\"},\"thumbnailUrl\":\"https:\\\/\\\/www.montreuxjazzshop.com\\\/wp-content\\\/uploads\\\/2025\\\/09\\\/MJF25-Shooting-Vintage-Slipmat-3.jpg\",\"datePublished\":\"2025-09-11T13:25:07+00:00\",\"dateModified\":\"2025-09-11T13:38:25+00:00\",\"description\":\"Audiophile platter cover decorated with the first Festival logo, felt mat for vinyl turntable. music Montreux Jazz Festival\",\"breadcrumb\":{\"@id\":\"https:\\\/\\\/www.montreuxjazzshop.com\\\/en\\\/shop\\\/music\\\/music-accessories\\\/slipmat-vinyl-vintage\\\/#breadcrumb\"},\"inLanguage\":\"en-US\",\"potentialAction\":[{\"@type\":\"ReadAction\",\"target\":[\"https:\\\/\\\/www.montreuxjazzshop.com\\\/en\\\/shop\\\/music\\\/music-accessories\\\/slipmat-vinyl-vintage\\\/\"]}]},{\"@type\":\"ImageObject\",\"inLanguage\":\"en-US\",\"@id\":\"https:\\\/\\\/www.montreuxjazzshop.com\\\/en\\\/shop\\\/music\\\/music-accessories\\\/slipmat-vinyl-vintage\\\/#primaryimage\",\"url\":\"https:\\\/\\\/www.montreuxjazzshop.com\\\/wp-content\\\/uploads\\\/2025\\\/09\\\/MJF25-Shooting-Vintage-Slipmat-3.jpg\",\"contentUrl\":\"https:\\\/\\\/www.montreuxjazzshop.com\\\/wp-content\\\/uploads\\\/2025\\\/09\\\/MJF25-Shooting-Vintage-Slipmat-3.jpg\",\"width\":1125,\"height\":1125,\"caption\":\"La Feutrine Vinyle Vintage est une platine blanche avec un plateau color\u00e9 pr\u00e9sentant le dessin abstrait de Lakwena et le texte r\u00e9tro orange \\\"Montreux Jazz\\\" sur un fond vibrant.\"},{\"@type\":\"BreadcrumbList\",\"@id\":\"https:\\\/\\\/www.montreuxjazzshop.com\\\/en\\\/shop\\\/music\\\/music-accessories\\\/slipmat-vinyl-vintage\\\/#breadcrumb\",\"itemListElement\":[{\"@type\":\"ListItem\",\"position\":1,\"name\":\"Accueil\",\"item\":\"https:\\\/\\\/www.montreuxjazzshop.com\\\/en\\\/\"},{\"@type\":\"ListItem\",\"position\":2,\"name\":\"Shop\",\"item\":\"https:\\\/\\\/www.montreuxjazzshop.com\\\/en\\\/shop\\\/\"},{\"@type\":\"ListItem\",\"position\":3,\"name\":\"Slipmat Vinyl Vintage\"}]},{\"@type\":\"WebSite\",\"@id\":\"https:\\\/\\\/www.montreuxjazzshop.com\\\/en\\\/#website\",\"url\":\"https:\\\/\\\/www.montreuxjazzshop.com\\\/en\\\/\",\"name\":\"Montreux Jazz Shop\",\"description\":\"The Montreux Jazz Festival shop\",\"potentialAction\":[{\"@type\":\"SearchAction\",\"target\":{\"@type\":\"EntryPoint\",\"urlTemplate\":\"https:\\\/\\\/www.montreuxjazzshop.com\\\/en\\\/?s={search_term_string}\"},\"query-input\":{\"@type\":\"PropertyValueSpecification\",\"valueRequired\":true,\"valueName\":\"search_term_string\"}}],\"inLanguage\":\"en-US\"}]}<\/script>\n<meta property=\"product:price:amount\" content=\"20.00\" \/>\n<meta property=\"product:price:currency\" content=\"CHF\" \/>\n<meta property=\"og:availability\" content=\"out of stock\" \/>\n<meta property=\"product:availability\" content=\"out of stock\" \/>\n<meta property=\"product:retailer_item_id\" content=\"3100600052025\" \/>\n<meta property=\"product:condition\" content=\"new\" \/>\n<!-- \/ Yoast SEO Premium plugin. -->","yoast_head_json":{"title":"Slipmat Vinyl Vintage - Montreux Jazz Festival Shop","description":"Audiophile platter cover decorated with the first Festival logo, felt mat for vinyl turntable. music Montreux Jazz Festival","robots":{"index":"index","follow":"follow","max-snippet":"max-snippet:-1","max-image-preview":"max-image-preview:large","max-video-preview":"max-video-preview:-1"},"canonical":"https:\/\/www.montreuxjazzshop.com\/en\/shop\/music\/music-accessories\/slipmat-vinyl-vintage\/","og_locale":"en_US","og_type":"article","og_title":"Slipmat Vinyl Vintage","og_description":"Audiophile platter cover decorated with the first Festival logo, felt mat for vinyl turntable. music Montreux Jazz Festival","og_url":"https:\/\/www.montreuxjazzshop.com\/en\/shop\/music\/music-accessories\/slipmat-vinyl-vintage\/","og_site_name":"Montreux Jazz Festival Shop","article_publisher":"https:\/\/www.facebook.com\/montreuxjazzfestival","article_modified_time":"2025-09-11T13:38:25+00:00","og_image":[{"width":1125,"height":1125,"url":"https:\/\/www.montreuxjazzshop.com\/wp-content\/uploads\/2025\/09\/MJF25-Shooting-Vintage-Slipmat-3.jpg","type":"image\/jpeg"}],"twitter_card":"summary_large_image","twitter_site":"@MontreuxJazz","schema":{"@context":"https:\/\/schema.org","@graph":[{"@type":"WebPage","@id":"https:\/\/www.montreuxjazzshop.com\/en\/shop\/music\/music-accessories\/slipmat-vinyl-vintage\/","url":"https:\/\/www.montreuxjazzshop.com\/en\/shop\/music\/music-accessories\/slipmat-vinyl-vintage\/","name":"Slipmat Vinyl Vintage - Montreux Jazz Festival Shop","isPartOf":{"@id":"https:\/\/www.montreuxjazzshop.com\/en\/#website"},"primaryImageOfPage":{"@id":"https:\/\/www.montreuxjazzshop.com\/en\/shop\/music\/music-accessories\/slipmat-vinyl-vintage\/#primaryimage"},"image":{"@id":"https:\/\/www.montreuxjazzshop.com\/en\/shop\/music\/music-accessories\/slipmat-vinyl-vintage\/#primaryimage"},"thumbnailUrl":"https:\/\/www.montreuxjazzshop.com\/wp-content\/uploads\/2025\/09\/MJF25-Shooting-Vintage-Slipmat-3.jpg","datePublished":"2025-09-11T13:25:07+00:00","dateModified":"2025-09-11T13:38:25+00:00","description":"Audiophile platter cover decorated with the first Festival logo, felt mat for vinyl turntable. music Montreux Jazz Festival","breadcrumb":{"@id":"https:\/\/www.montreuxjazzshop.com\/en\/shop\/music\/music-accessories\/slipmat-vinyl-vintage\/#breadcrumb"},"inLanguage":"en-US","potentialAction":[{"@type":"ReadAction","target":["https:\/\/www.montreuxjazzshop.com\/en\/shop\/music\/music-accessories\/slipmat-vinyl-vintage\/"]}]},{"@type":"ImageObject","inLanguage":"en-US","@id":"https:\/\/www.montreuxjazzshop.com\/en\/shop\/music\/music-accessories\/slipmat-vinyl-vintage\/#primaryimage","url":"https:\/\/www.montreuxjazzshop.com\/wp-content\/uploads\/2025\/09\/MJF25-Shooting-Vintage-Slipmat-3.jpg","contentUrl":"https:\/\/www.montreuxjazzshop.com\/wp-content\/uploads\/2025\/09\/MJF25-Shooting-Vintage-Slipmat-3.jpg","width":1125,"height":1125,"caption":"La Feutrine Vinyle Vintage est une platine blanche avec un plateau color\u00e9 pr\u00e9sentant le dessin abstrait de Lakwena et le texte r\u00e9tro orange \"Montreux Jazz\" sur un fond vibrant."},{"@type":"BreadcrumbList","@id":"https:\/\/www.montreuxjazzshop.com\/en\/shop\/music\/music-accessories\/slipmat-vinyl-vintage\/#breadcrumb","itemListElement":[{"@type":"ListItem","position":1,"name":"Accueil","item":"https:\/\/www.montreuxjazzshop.com\/en\/"},{"@type":"ListItem","position":2,"name":"Shop","item":"https:\/\/www.montreuxjazzshop.com\/en\/shop\/"},{"@type":"ListItem","position":3,"name":"Slipmat Vinyl Vintage"}]},{"@type":"WebSite","@id":"https:\/\/www.montreuxjazzshop.com\/en\/#website","url":"https:\/\/www.montreuxjazzshop.com\/en\/","name":"Montreux Jazz Shop","description":"The Montreux Jazz Festival shop","potentialAction":[{"@type":"SearchAction","target":{"@type":"EntryPoint","urlTemplate":"https:\/\/www.montreuxjazzshop.com\/en\/?s={search_term_string}"},"query-input":{"@type":"PropertyValueSpecification","valueRequired":true,"valueName":"search_term_string"}}],"inLanguage":"en-US"}]},"product_price_amount":"20.00","product_price_currency":"CHF","og_availability":"out of stock","product_availability":"out of stock","product_retailer_item_id":"3100600052025","product_condition":"new"},"_links":{"self":[{"href":"https:\/\/www.montreuxjazzshop.com\/en\/wp-json\/wp\/v2\/product\/4596","targetHints":{"allow":["GET"]}}],"collection":[{"href":"https:\/\/www.montreuxjazzshop.com\/en\/wp-json\/wp\/v2\/product"}],"about":[{"href":"https:\/\/www.montreuxjazzshop.com\/en\/wp-json\/wp\/v2\/types\/product"}],"wp:featuredmedia":[{"embeddable":true,"href":"https:\/\/www.montreuxjazzshop.com\/en\/wp-json\/wp\/v2\/media\/5008"}],"wp:attachment":[{"href":"https:\/\/www.montreuxjazzshop.com\/en\/wp-json\/wp\/v2\/media?parent=4596"}],"wp:term":[{"taxonomy":"artist","embeddable":true,"href":"https:\/\/www.montreuxjazzshop.com\/en\/wp-json\/wp\/v2\/artist?post=4596"},{"taxonomy":"artist-category","embeddable":true,"href":"https:\/\/www.montreuxjazzshop.com\/en\/wp-json\/wp\/v2\/artist-category?post=4596"},{"taxonomy":"edition","embeddable":true,"href":"https:\/\/www.montreuxjazzshop.com\/en\/wp-json\/wp\/v2\/edition?post=4596"},{"taxonomy":"product_brand","embeddable":true,"href":"https:\/\/www.montreuxjazzshop.com\/en\/wp-json\/wp\/v2\/product_brand?post=4596"},{"taxonomy":"product_cat","embeddable":true,"href":"https:\/\/www.montreuxjazzshop.com\/en\/wp-json\/wp\/v2\/product_cat?post=4596"},{"taxonomy":"product_tag","embeddable":true,"href":"https:\/\/www.montreuxjazzshop.com\/en\/wp-json\/wp\/v2\/product_tag?post=4596"}],"curies":[{"name":"wp","href":"https:\/\/api.w.org\/{rel}","templated":true}]}}