{"id":4444,"date":"2025-09-11T15:24:34","date_gmt":"2025-09-11T13:24:34","guid":{"rendered":"https:\/\/www.montreuxjazzshop.com\/?post_type=product&#038;p=4444"},"modified":"2026-03-31T19:22:52","modified_gmt":"2026-03-31T17:22:52","slug":"sweatshirt-montreux-jazz-embroidered-aloe","status":"publish","type":"product","link":"https:\/\/www.montreuxjazzshop.com\/en\/shop\/fabrics\/hoody\/sweatshirt-montreux-jazz-embroidered-aloe\/","title":{"rendered":"Sweatshirt Montreux Jazz embroidered, Aloe"},"content":{"rendered":"<ul>\n<li>Shell &#8211; French Terry<\/li>\n<li>100% Cotton &#8211; Organic Carded &#8211; 400 GSM Dry Handfeel<\/li>\n<li>Oversized<\/li>\n<li>Kangaroo pocket at front<\/li>\n<\/ul>\n","protected":false},"excerpt":{"rendered":"<p>Montreux Jazz Festival\u2019 embroidered hooded sweatshirt, unisex. Oversize cut.<\/p>\n<p>Did you know? The hand lettering \u201cMontreux Jazz Festival\u201d, typical of\u00a0<a href=\"https:\/\/www.montreuxjazzshop.com\/en\/portfolio-item\/jean-tinguely\/\">Jean Tinguely<\/a>\u00a0\u2013 creator of the 1982 poster \u2013 will be slightly reworked by\u00a0<a href=\"https:\/\/www.montreuxjazzshop.com\/en\/portfolio-item\/pierre-keller\/\">Pierre Keller<\/a>\u00a0to become the iconic new logo of the Festival.<\/p>\n","protected":false},"featured_media":1530,"template":"","meta":{"_acf_changed":false},"artist":[],"artist-category":[],"edition":[],"product_brand":[],"product_cat":[314,486,353],"product_tag":[],"class_list":{"0":"post-4444","1":"product","2":"type-product","3":"status-publish","4":"has-post-thumbnail","6":"product_cat-fabrics","7":"product_cat-highlights","8":"product_cat-hoody","9":"product_shipping_class-accessoires-et-textile","11":"first","12":"instock","13":"sale","14":"taxable","15":"shipping-taxable","16":"purchasable","17":"product-type-variable","18":"wvs-archive-product-wrapper"},"bundled_by":[],"bundle_stock_status":"instock","bundle_stock_quantity":null,"bundle_virtual":false,"bundle_layout":"","bundle_add_to_cart_form_location":"","bundle_editable_in_cart":false,"bundle_sold_individually_context":"","bundle_item_grouping":"","bundle_min_size":"","bundle_max_size":"","bundle_price":[],"bundled_items":[],"bundle_sell_ids":[],"acf":[],"yoast_head":"<!-- This site is optimized with the Yoast SEO Premium plugin v26.4 (Yoast SEO v27.4) - https:\/\/yoast.com\/product\/yoast-seo-premium-wordpress\/ -->\n<title>Sweatshirt Montreux Jazz embroidered, Aloe - Montreux Jazz Festival Shop<\/title>\n<meta name=\"description\" content=\"Sweatshirt hooded Montreux Jazz embroidered Aloe. Oversize Unisex cut. The \u2018Montreux Jazz Festival\u2019 lettering is taken from the 1982 poster.\" \/>\n<meta name=\"robots\" content=\"index, follow, max-snippet:-1, max-image-preview:large, max-video-preview:-1\" \/>\n<link rel=\"canonical\" href=\"https:\/\/www.montreuxjazzshop.com\/en\/shop\/fabrics\/hoody\/sweatshirt-montreux-jazz-embroidered-aloe\/\" \/>\n<meta property=\"og:locale\" content=\"en_US\" \/>\n<meta property=\"og:type\" content=\"article\" \/>\n<meta property=\"og:title\" content=\"Sweatshirt Montreux Jazz embroidered, Aloe\" \/>\n<meta property=\"og:description\" content=\"Sweatshirt hooded Montreux Jazz embroidered Aloe. Oversize Unisex cut. The \u2018Montreux Jazz Festival\u2019 lettering is taken from the 1982 poster.\" \/>\n<meta property=\"og:url\" content=\"https:\/\/www.montreuxjazzshop.com\/en\/shop\/fabrics\/hoody\/sweatshirt-montreux-jazz-embroidered-aloe\/\" \/>\n<meta property=\"og:site_name\" content=\"Montreux Jazz Festival Shop\" \/>\n<meta property=\"article:publisher\" content=\"https:\/\/www.facebook.com\/montreuxjazzfestival\" \/>\n<meta property=\"article:modified_time\" content=\"2026-03-31T17:22:52+00:00\" \/>\n<meta property=\"og:image\" content=\"https:\/\/www.montreuxjazzshop.com\/wp-content\/uploads\/2025\/05\/MJF24-Sweat-Capuche-Aloe-Montreux-Jazz-Festival-2.jpg\" \/>\n\t<meta property=\"og:image:width\" content=\"1500\" \/>\n\t<meta property=\"og:image:height\" content=\"1500\" \/>\n\t<meta property=\"og:image:type\" content=\"image\/jpeg\" \/>\n<meta name=\"twitter:card\" content=\"summary_large_image\" \/>\n<meta name=\"twitter:site\" content=\"@MontreuxJazz\" \/>\n<script type=\"application\/ld+json\" class=\"yoast-schema-graph\">{\"@context\":\"https:\\\/\\\/schema.org\",\"@graph\":[{\"@type\":\"WebPage\",\"@id\":\"https:\\\/\\\/www.montreuxjazzshop.com\\\/en\\\/shop\\\/fabrics\\\/hoody\\\/sweatshirt-montreux-jazz-embroidered-aloe\\\/\",\"url\":\"https:\\\/\\\/www.montreuxjazzshop.com\\\/en\\\/shop\\\/fabrics\\\/hoody\\\/sweatshirt-montreux-jazz-embroidered-aloe\\\/\",\"name\":\"Sweatshirt Montreux Jazz embroidered, Aloe - Montreux Jazz Festival Shop\",\"isPartOf\":{\"@id\":\"https:\\\/\\\/www.montreuxjazzshop.com\\\/en\\\/#website\"},\"primaryImageOfPage\":{\"@id\":\"https:\\\/\\\/www.montreuxjazzshop.com\\\/en\\\/shop\\\/fabrics\\\/hoody\\\/sweatshirt-montreux-jazz-embroidered-aloe\\\/#primaryimage\"},\"image\":{\"@id\":\"https:\\\/\\\/www.montreuxjazzshop.com\\\/en\\\/shop\\\/fabrics\\\/hoody\\\/sweatshirt-montreux-jazz-embroidered-aloe\\\/#primaryimage\"},\"thumbnailUrl\":\"https:\\\/\\\/www.montreuxjazzshop.com\\\/wp-content\\\/uploads\\\/2025\\\/05\\\/MJF24-Sweat-Capuche-Aloe-Montreux-Jazz-Festival-2.jpg\",\"datePublished\":\"2025-09-11T13:24:34+00:00\",\"dateModified\":\"2026-03-31T17:22:52+00:00\",\"description\":\"Sweatshirt hooded Montreux Jazz embroidered Aloe. Oversize Unisex cut. The \u2018Montreux Jazz Festival\u2019 lettering is taken from the 1982 poster.\",\"breadcrumb\":{\"@id\":\"https:\\\/\\\/www.montreuxjazzshop.com\\\/en\\\/shop\\\/fabrics\\\/hoody\\\/sweatshirt-montreux-jazz-embroidered-aloe\\\/#breadcrumb\"},\"inLanguage\":\"en-US\",\"potentialAction\":[{\"@type\":\"ReadAction\",\"target\":[\"https:\\\/\\\/www.montreuxjazzshop.com\\\/en\\\/shop\\\/fabrics\\\/hoody\\\/sweatshirt-montreux-jazz-embroidered-aloe\\\/\"]}]},{\"@type\":\"ImageObject\",\"inLanguage\":\"en-US\",\"@id\":\"https:\\\/\\\/www.montreuxjazzshop.com\\\/en\\\/shop\\\/fabrics\\\/hoody\\\/sweatshirt-montreux-jazz-embroidered-aloe\\\/#primaryimage\",\"url\":\"https:\\\/\\\/www.montreuxjazzshop.com\\\/wp-content\\\/uploads\\\/2025\\\/05\\\/MJF24-Sweat-Capuche-Aloe-Montreux-Jazz-Festival-2.jpg\",\"contentUrl\":\"https:\\\/\\\/www.montreuxjazzshop.com\\\/wp-content\\\/uploads\\\/2025\\\/05\\\/MJF24-Sweat-Capuche-Aloe-Montreux-Jazz-Festival-2.jpg\",\"width\":1500,\"height\":1500,\"caption\":\"Un homme au cr\u00e2ne ras\u00e9 et \u00e0 la moustache porte un Sweatshirt brod\u00e9 Montreux Jazz, Aloe, debout en plein air et regardant sur le c\u00f4t\u00e9, avec des montagnes et de l'eau floues cr\u00e9ant un arri\u00e8re-plan pittoresque et naturel.\"},{\"@type\":\"BreadcrumbList\",\"@id\":\"https:\\\/\\\/www.montreuxjazzshop.com\\\/en\\\/shop\\\/fabrics\\\/hoody\\\/sweatshirt-montreux-jazz-embroidered-aloe\\\/#breadcrumb\",\"itemListElement\":[{\"@type\":\"ListItem\",\"position\":1,\"name\":\"Accueil\",\"item\":\"https:\\\/\\\/www.montreuxjazzshop.com\\\/en\\\/\"},{\"@type\":\"ListItem\",\"position\":2,\"name\":\"Shop\",\"item\":\"https:\\\/\\\/www.montreuxjazzshop.com\\\/en\\\/shop\\\/\"},{\"@type\":\"ListItem\",\"position\":3,\"name\":\"Sweatshirt Montreux Jazz embroidered, Aloe\"}]},{\"@type\":\"WebSite\",\"@id\":\"https:\\\/\\\/www.montreuxjazzshop.com\\\/en\\\/#website\",\"url\":\"https:\\\/\\\/www.montreuxjazzshop.com\\\/en\\\/\",\"name\":\"Montreux Jazz Shop\",\"description\":\"The Montreux Jazz Festival shop\",\"potentialAction\":[{\"@type\":\"SearchAction\",\"target\":{\"@type\":\"EntryPoint\",\"urlTemplate\":\"https:\\\/\\\/www.montreuxjazzshop.com\\\/en\\\/?s={search_term_string}\"},\"query-input\":{\"@type\":\"PropertyValueSpecification\",\"valueRequired\":true,\"valueName\":\"search_term_string\"}}],\"inLanguage\":\"en-US\"}]}<\/script>\n<meta property=\"og:availability\" content=\"instock\" \/>\n<meta property=\"product:availability\" content=\"instock\" \/>\n<meta property=\"product:retailer_item_id\" content=\"2100000302024\" \/>\n<meta property=\"product:condition\" content=\"new\" \/>\n<!-- \/ Yoast SEO Premium plugin. -->","yoast_head_json":{"title":"Sweatshirt Montreux Jazz embroidered, Aloe - Montreux Jazz Festival Shop","description":"Sweatshirt hooded Montreux Jazz embroidered Aloe. Oversize Unisex cut. The \u2018Montreux Jazz Festival\u2019 lettering is taken from the 1982 poster.","robots":{"index":"index","follow":"follow","max-snippet":"max-snippet:-1","max-image-preview":"max-image-preview:large","max-video-preview":"max-video-preview:-1"},"canonical":"https:\/\/www.montreuxjazzshop.com\/en\/shop\/fabrics\/hoody\/sweatshirt-montreux-jazz-embroidered-aloe\/","og_locale":"en_US","og_type":"article","og_title":"Sweatshirt Montreux Jazz embroidered, Aloe","og_description":"Sweatshirt hooded Montreux Jazz embroidered Aloe. Oversize Unisex cut. The \u2018Montreux Jazz Festival\u2019 lettering is taken from the 1982 poster.","og_url":"https:\/\/www.montreuxjazzshop.com\/en\/shop\/fabrics\/hoody\/sweatshirt-montreux-jazz-embroidered-aloe\/","og_site_name":"Montreux Jazz Festival Shop","article_publisher":"https:\/\/www.facebook.com\/montreuxjazzfestival","article_modified_time":"2026-03-31T17:22:52+00:00","og_image":[{"width":1500,"height":1500,"url":"https:\/\/www.montreuxjazzshop.com\/wp-content\/uploads\/2025\/05\/MJF24-Sweat-Capuche-Aloe-Montreux-Jazz-Festival-2.jpg","type":"image\/jpeg"}],"twitter_card":"summary_large_image","twitter_site":"@MontreuxJazz","schema":{"@context":"https:\/\/schema.org","@graph":[{"@type":"WebPage","@id":"https:\/\/www.montreuxjazzshop.com\/en\/shop\/fabrics\/hoody\/sweatshirt-montreux-jazz-embroidered-aloe\/","url":"https:\/\/www.montreuxjazzshop.com\/en\/shop\/fabrics\/hoody\/sweatshirt-montreux-jazz-embroidered-aloe\/","name":"Sweatshirt Montreux Jazz embroidered, Aloe - Montreux Jazz Festival Shop","isPartOf":{"@id":"https:\/\/www.montreuxjazzshop.com\/en\/#website"},"primaryImageOfPage":{"@id":"https:\/\/www.montreuxjazzshop.com\/en\/shop\/fabrics\/hoody\/sweatshirt-montreux-jazz-embroidered-aloe\/#primaryimage"},"image":{"@id":"https:\/\/www.montreuxjazzshop.com\/en\/shop\/fabrics\/hoody\/sweatshirt-montreux-jazz-embroidered-aloe\/#primaryimage"},"thumbnailUrl":"https:\/\/www.montreuxjazzshop.com\/wp-content\/uploads\/2025\/05\/MJF24-Sweat-Capuche-Aloe-Montreux-Jazz-Festival-2.jpg","datePublished":"2025-09-11T13:24:34+00:00","dateModified":"2026-03-31T17:22:52+00:00","description":"Sweatshirt hooded Montreux Jazz embroidered Aloe. Oversize Unisex cut. The \u2018Montreux Jazz Festival\u2019 lettering is taken from the 1982 poster.","breadcrumb":{"@id":"https:\/\/www.montreuxjazzshop.com\/en\/shop\/fabrics\/hoody\/sweatshirt-montreux-jazz-embroidered-aloe\/#breadcrumb"},"inLanguage":"en-US","potentialAction":[{"@type":"ReadAction","target":["https:\/\/www.montreuxjazzshop.com\/en\/shop\/fabrics\/hoody\/sweatshirt-montreux-jazz-embroidered-aloe\/"]}]},{"@type":"ImageObject","inLanguage":"en-US","@id":"https:\/\/www.montreuxjazzshop.com\/en\/shop\/fabrics\/hoody\/sweatshirt-montreux-jazz-embroidered-aloe\/#primaryimage","url":"https:\/\/www.montreuxjazzshop.com\/wp-content\/uploads\/2025\/05\/MJF24-Sweat-Capuche-Aloe-Montreux-Jazz-Festival-2.jpg","contentUrl":"https:\/\/www.montreuxjazzshop.com\/wp-content\/uploads\/2025\/05\/MJF24-Sweat-Capuche-Aloe-Montreux-Jazz-Festival-2.jpg","width":1500,"height":1500,"caption":"Un homme au cr\u00e2ne ras\u00e9 et \u00e0 la moustache porte un Sweatshirt brod\u00e9 Montreux Jazz, Aloe, debout en plein air et regardant sur le c\u00f4t\u00e9, avec des montagnes et de l'eau floues cr\u00e9ant un arri\u00e8re-plan pittoresque et naturel."},{"@type":"BreadcrumbList","@id":"https:\/\/www.montreuxjazzshop.com\/en\/shop\/fabrics\/hoody\/sweatshirt-montreux-jazz-embroidered-aloe\/#breadcrumb","itemListElement":[{"@type":"ListItem","position":1,"name":"Accueil","item":"https:\/\/www.montreuxjazzshop.com\/en\/"},{"@type":"ListItem","position":2,"name":"Shop","item":"https:\/\/www.montreuxjazzshop.com\/en\/shop\/"},{"@type":"ListItem","position":3,"name":"Sweatshirt Montreux Jazz embroidered, Aloe"}]},{"@type":"WebSite","@id":"https:\/\/www.montreuxjazzshop.com\/en\/#website","url":"https:\/\/www.montreuxjazzshop.com\/en\/","name":"Montreux Jazz Shop","description":"The Montreux Jazz Festival shop","potentialAction":[{"@type":"SearchAction","target":{"@type":"EntryPoint","urlTemplate":"https:\/\/www.montreuxjazzshop.com\/en\/?s={search_term_string}"},"query-input":{"@type":"PropertyValueSpecification","valueRequired":true,"valueName":"search_term_string"}}],"inLanguage":"en-US"}]},"og_availability":"instock","product_availability":"instock","product_retailer_item_id":"2100000302024","product_condition":"new"},"_links":{"self":[{"href":"https:\/\/www.montreuxjazzshop.com\/en\/wp-json\/wp\/v2\/product\/4444","targetHints":{"allow":["GET"]}}],"collection":[{"href":"https:\/\/www.montreuxjazzshop.com\/en\/wp-json\/wp\/v2\/product"}],"about":[{"href":"https:\/\/www.montreuxjazzshop.com\/en\/wp-json\/wp\/v2\/types\/product"}],"wp:featuredmedia":[{"embeddable":true,"href":"https:\/\/www.montreuxjazzshop.com\/en\/wp-json\/wp\/v2\/media\/1530"}],"wp:attachment":[{"href":"https:\/\/www.montreuxjazzshop.com\/en\/wp-json\/wp\/v2\/media?parent=4444"}],"wp:term":[{"taxonomy":"artist","embeddable":true,"href":"https:\/\/www.montreuxjazzshop.com\/en\/wp-json\/wp\/v2\/artist?post=4444"},{"taxonomy":"artist-category","embeddable":true,"href":"https:\/\/www.montreuxjazzshop.com\/en\/wp-json\/wp\/v2\/artist-category?post=4444"},{"taxonomy":"edition","embeddable":true,"href":"https:\/\/www.montreuxjazzshop.com\/en\/wp-json\/wp\/v2\/edition?post=4444"},{"taxonomy":"product_brand","embeddable":true,"href":"https:\/\/www.montreuxjazzshop.com\/en\/wp-json\/wp\/v2\/product_brand?post=4444"},{"taxonomy":"product_cat","embeddable":true,"href":"https:\/\/www.montreuxjazzshop.com\/en\/wp-json\/wp\/v2\/product_cat?post=4444"},{"taxonomy":"product_tag","embeddable":true,"href":"https:\/\/www.montreuxjazzshop.com\/en\/wp-json\/wp\/v2\/product_tag?post=4444"}],"curies":[{"name":"wp","href":"https:\/\/api.w.org\/{rel}","templated":true}]}}