{"id":4194,"date":"2025-09-11T15:23:30","date_gmt":"2025-09-11T13:23:30","guid":{"rendered":"https:\/\/www.montreuxjazzshop.com\/?post_type=product&#038;p=4194"},"modified":"2025-09-11T15:37:48","modified_gmt":"2025-09-11T13:37:48","slug":"beige-hat-montreux-jazz-festival","status":"publish","type":"product","link":"https:\/\/www.montreuxjazzshop.com\/en\/shop\/fabrics\/caps\/beige-hat-montreux-jazz-festival\/","title":{"rendered":"Beige Hat, Montreux Jazz Festival"},"content":{"rendered":"<ul>\n<li>Size: one size (54 to 59 cm)<\/li>\n<li>Composition: 5% recycled cashmere, 15% recycled wool, 30% recycled polyamide, 40% viscose, 10% virgin wool<\/li>\n<li>Knitted in Roanne in the Loire<\/li>\n<li>Made in France<\/li>\n<\/ul>\n","protected":false},"excerpt":{"rendered":"<p>Little &#8216;Cousteau&#8217; hat, made famous by the commander himself.<\/p>\n","protected":false},"featured_media":4221,"template":"","meta":{"_acf_changed":false},"artist":[],"artist-category":[],"edition":[],"product_brand":[],"product_cat":[369,314,476],"product_tag":[],"class_list":{"0":"post-4194","1":"product","2":"type-product","3":"status-publish","4":"has-post-thumbnail","6":"product_cat-caps","7":"product_cat-fabrics","8":"product_cat-last-chance","9":"product_shipping_class-accessoires-et-textile","11":"first","12":"instock","13":"taxable","14":"shipping-taxable","15":"purchasable","16":"product-type-simple"},"bundled_by":[],"bundle_stock_status":"instock","bundle_stock_quantity":10,"bundle_virtual":false,"bundle_layout":"","bundle_add_to_cart_form_location":"","bundle_editable_in_cart":false,"bundle_sold_individually_context":"","bundle_item_grouping":"","bundle_min_size":"","bundle_max_size":"","bundle_price":[],"bundled_items":[],"bundle_sell_ids":[],"acf":[],"yoast_head":"<!-- This site is optimized with the Yoast SEO Premium plugin v26.4 (Yoast SEO v27.4) - https:\/\/yoast.com\/product\/yoast-seo-premium-wordpress\/ -->\n<title>Beige Hat, Montreux Jazz Festival - Montreux Jazz Festival Shop<\/title>\n<meta name=\"description\" content=\"Wear a beanie with style for any occasion! The iconic beige &#039;Cousteau&#039; hat, made famous by the commander himself, labeled with the Montreux Jazz Festival.\" \/>\n<meta name=\"robots\" content=\"index, follow, max-snippet:-1, max-image-preview:large, max-video-preview:-1\" \/>\n<link rel=\"canonical\" href=\"https:\/\/www.montreuxjazzshop.com\/en\/shop\/fabrics\/caps\/beige-hat-montreux-jazz-festival\/\" \/>\n<meta property=\"og:locale\" content=\"en_US\" \/>\n<meta property=\"og:type\" content=\"article\" \/>\n<meta property=\"og:title\" content=\"Beige Hat, Montreux Jazz Festival\" \/>\n<meta property=\"og:description\" content=\"Wear a beanie with style for any occasion! The iconic beige &#039;Cousteau&#039; hat, made famous by the commander himself, labeled with the Montreux Jazz Festival.\" \/>\n<meta property=\"og:url\" content=\"https:\/\/www.montreuxjazzshop.com\/en\/shop\/fabrics\/caps\/beige-hat-montreux-jazz-festival\/\" \/>\n<meta property=\"og:site_name\" content=\"Montreux Jazz Festival Shop\" \/>\n<meta property=\"article:publisher\" content=\"https:\/\/www.facebook.com\/montreuxjazzfestival\" \/>\n<meta property=\"article:modified_time\" content=\"2025-09-11T13:37:48+00:00\" \/>\n<meta property=\"og:image\" content=\"https:\/\/www.montreuxjazzshop.com\/wp-content\/uploads\/2025\/09\/MJF25-Shooting-Lifestyle-Bonnet-Beige-1-web.jpg\" \/>\n\t<meta property=\"og:image:width\" content=\"1500\" \/>\n\t<meta property=\"og:image:height\" content=\"1500\" \/>\n\t<meta property=\"og:image:type\" content=\"image\/jpeg\" \/>\n<meta name=\"twitter:card\" content=\"summary_large_image\" \/>\n<meta name=\"twitter:site\" content=\"@MontreuxJazz\" \/>\n<script type=\"application\/ld+json\" class=\"yoast-schema-graph\">{\"@context\":\"https:\\\/\\\/schema.org\",\"@graph\":[{\"@type\":\"WebPage\",\"@id\":\"https:\\\/\\\/www.montreuxjazzshop.com\\\/en\\\/shop\\\/fabrics\\\/caps\\\/beige-hat-montreux-jazz-festival\\\/\",\"url\":\"https:\\\/\\\/www.montreuxjazzshop.com\\\/en\\\/shop\\\/fabrics\\\/caps\\\/beige-hat-montreux-jazz-festival\\\/\",\"name\":\"Beige Hat, Montreux Jazz Festival - Montreux Jazz Festival Shop\",\"isPartOf\":{\"@id\":\"https:\\\/\\\/www.montreuxjazzshop.com\\\/en\\\/#website\"},\"primaryImageOfPage\":{\"@id\":\"https:\\\/\\\/www.montreuxjazzshop.com\\\/en\\\/shop\\\/fabrics\\\/caps\\\/beige-hat-montreux-jazz-festival\\\/#primaryimage\"},\"image\":{\"@id\":\"https:\\\/\\\/www.montreuxjazzshop.com\\\/en\\\/shop\\\/fabrics\\\/caps\\\/beige-hat-montreux-jazz-festival\\\/#primaryimage\"},\"thumbnailUrl\":\"https:\\\/\\\/www.montreuxjazzshop.com\\\/wp-content\\\/uploads\\\/2025\\\/09\\\/MJF25-Shooting-Lifestyle-Bonnet-Beige-1-web.jpg\",\"datePublished\":\"2025-09-11T13:23:30+00:00\",\"dateModified\":\"2025-09-11T13:37:48+00:00\",\"description\":\"Wear a beanie with style for any occasion! The iconic beige 'Cousteau' hat, made famous by the commander himself, labeled with the Montreux Jazz Festival.\",\"breadcrumb\":{\"@id\":\"https:\\\/\\\/www.montreuxjazzshop.com\\\/en\\\/shop\\\/fabrics\\\/caps\\\/beige-hat-montreux-jazz-festival\\\/#breadcrumb\"},\"inLanguage\":\"en-US\",\"potentialAction\":[{\"@type\":\"ReadAction\",\"target\":[\"https:\\\/\\\/www.montreuxjazzshop.com\\\/en\\\/shop\\\/fabrics\\\/caps\\\/beige-hat-montreux-jazz-festival\\\/\"]}]},{\"@type\":\"ImageObject\",\"inLanguage\":\"en-US\",\"@id\":\"https:\\\/\\\/www.montreuxjazzshop.com\\\/en\\\/shop\\\/fabrics\\\/caps\\\/beige-hat-montreux-jazz-festival\\\/#primaryimage\",\"url\":\"https:\\\/\\\/www.montreuxjazzshop.com\\\/wp-content\\\/uploads\\\/2025\\\/09\\\/MJF25-Shooting-Lifestyle-Bonnet-Beige-1-web.jpg\",\"contentUrl\":\"https:\\\/\\\/www.montreuxjazzshop.com\\\/wp-content\\\/uploads\\\/2025\\\/09\\\/MJF25-Shooting-Lifestyle-Bonnet-Beige-1-web.jpg\",\"width\":1500,\"height\":1500,\"caption\":\"Une personne aux longs cheveux bruns boucl\u00e9s porte un bonnet Bonnet beige, Montreux Jazz Festival, de couleur cr\u00e8me avec une \u00e9tiquette orange. L'arri\u00e8re-plan pr\u00e9sente des rayures diagonales color\u00e9es en vert, orange, rouge, rose et marron.\"},{\"@type\":\"BreadcrumbList\",\"@id\":\"https:\\\/\\\/www.montreuxjazzshop.com\\\/en\\\/shop\\\/fabrics\\\/caps\\\/beige-hat-montreux-jazz-festival\\\/#breadcrumb\",\"itemListElement\":[{\"@type\":\"ListItem\",\"position\":1,\"name\":\"Accueil\",\"item\":\"https:\\\/\\\/www.montreuxjazzshop.com\\\/en\\\/\"},{\"@type\":\"ListItem\",\"position\":2,\"name\":\"Shop\",\"item\":\"https:\\\/\\\/www.montreuxjazzshop.com\\\/en\\\/shop\\\/\"},{\"@type\":\"ListItem\",\"position\":3,\"name\":\"Beige Hat, Montreux Jazz Festival\"}]},{\"@type\":\"WebSite\",\"@id\":\"https:\\\/\\\/www.montreuxjazzshop.com\\\/en\\\/#website\",\"url\":\"https:\\\/\\\/www.montreuxjazzshop.com\\\/en\\\/\",\"name\":\"Montreux Jazz Shop\",\"description\":\"The Montreux Jazz Festival shop\",\"potentialAction\":[{\"@type\":\"SearchAction\",\"target\":{\"@type\":\"EntryPoint\",\"urlTemplate\":\"https:\\\/\\\/www.montreuxjazzshop.com\\\/en\\\/?s={search_term_string}\"},\"query-input\":{\"@type\":\"PropertyValueSpecification\",\"valueRequired\":true,\"valueName\":\"search_term_string\"}}],\"inLanguage\":\"en-US\"}]}<\/script>\n<meta property=\"product:price:amount\" content=\"49.00\" \/>\n<meta property=\"product:price:currency\" content=\"CHF\" \/>\n<meta property=\"og:availability\" content=\"instock\" \/>\n<meta property=\"product:availability\" content=\"instock\" \/>\n<meta property=\"product:retailer_item_id\" content=\"3070100502024\" \/>\n<meta property=\"product:condition\" content=\"new\" \/>\n<!-- \/ Yoast SEO Premium plugin. -->","yoast_head_json":{"title":"Beige Hat, Montreux Jazz Festival - Montreux Jazz Festival Shop","description":"Wear a beanie with style for any occasion! The iconic beige 'Cousteau' hat, made famous by the commander himself, labeled with the Montreux Jazz Festival.","robots":{"index":"index","follow":"follow","max-snippet":"max-snippet:-1","max-image-preview":"max-image-preview:large","max-video-preview":"max-video-preview:-1"},"canonical":"https:\/\/www.montreuxjazzshop.com\/en\/shop\/fabrics\/caps\/beige-hat-montreux-jazz-festival\/","og_locale":"en_US","og_type":"article","og_title":"Beige Hat, Montreux Jazz Festival","og_description":"Wear a beanie with style for any occasion! The iconic beige 'Cousteau' hat, made famous by the commander himself, labeled with the Montreux Jazz Festival.","og_url":"https:\/\/www.montreuxjazzshop.com\/en\/shop\/fabrics\/caps\/beige-hat-montreux-jazz-festival\/","og_site_name":"Montreux Jazz Festival Shop","article_publisher":"https:\/\/www.facebook.com\/montreuxjazzfestival","article_modified_time":"2025-09-11T13:37:48+00:00","og_image":[{"width":1500,"height":1500,"url":"https:\/\/www.montreuxjazzshop.com\/wp-content\/uploads\/2025\/09\/MJF25-Shooting-Lifestyle-Bonnet-Beige-1-web.jpg","type":"image\/jpeg"}],"twitter_card":"summary_large_image","twitter_site":"@MontreuxJazz","schema":{"@context":"https:\/\/schema.org","@graph":[{"@type":"WebPage","@id":"https:\/\/www.montreuxjazzshop.com\/en\/shop\/fabrics\/caps\/beige-hat-montreux-jazz-festival\/","url":"https:\/\/www.montreuxjazzshop.com\/en\/shop\/fabrics\/caps\/beige-hat-montreux-jazz-festival\/","name":"Beige Hat, Montreux Jazz Festival - Montreux Jazz Festival Shop","isPartOf":{"@id":"https:\/\/www.montreuxjazzshop.com\/en\/#website"},"primaryImageOfPage":{"@id":"https:\/\/www.montreuxjazzshop.com\/en\/shop\/fabrics\/caps\/beige-hat-montreux-jazz-festival\/#primaryimage"},"image":{"@id":"https:\/\/www.montreuxjazzshop.com\/en\/shop\/fabrics\/caps\/beige-hat-montreux-jazz-festival\/#primaryimage"},"thumbnailUrl":"https:\/\/www.montreuxjazzshop.com\/wp-content\/uploads\/2025\/09\/MJF25-Shooting-Lifestyle-Bonnet-Beige-1-web.jpg","datePublished":"2025-09-11T13:23:30+00:00","dateModified":"2025-09-11T13:37:48+00:00","description":"Wear a beanie with style for any occasion! The iconic beige 'Cousteau' hat, made famous by the commander himself, labeled with the Montreux Jazz Festival.","breadcrumb":{"@id":"https:\/\/www.montreuxjazzshop.com\/en\/shop\/fabrics\/caps\/beige-hat-montreux-jazz-festival\/#breadcrumb"},"inLanguage":"en-US","potentialAction":[{"@type":"ReadAction","target":["https:\/\/www.montreuxjazzshop.com\/en\/shop\/fabrics\/caps\/beige-hat-montreux-jazz-festival\/"]}]},{"@type":"ImageObject","inLanguage":"en-US","@id":"https:\/\/www.montreuxjazzshop.com\/en\/shop\/fabrics\/caps\/beige-hat-montreux-jazz-festival\/#primaryimage","url":"https:\/\/www.montreuxjazzshop.com\/wp-content\/uploads\/2025\/09\/MJF25-Shooting-Lifestyle-Bonnet-Beige-1-web.jpg","contentUrl":"https:\/\/www.montreuxjazzshop.com\/wp-content\/uploads\/2025\/09\/MJF25-Shooting-Lifestyle-Bonnet-Beige-1-web.jpg","width":1500,"height":1500,"caption":"Une personne aux longs cheveux bruns boucl\u00e9s porte un bonnet Bonnet beige, Montreux Jazz Festival, de couleur cr\u00e8me avec une \u00e9tiquette orange. L'arri\u00e8re-plan pr\u00e9sente des rayures diagonales color\u00e9es en vert, orange, rouge, rose et marron."},{"@type":"BreadcrumbList","@id":"https:\/\/www.montreuxjazzshop.com\/en\/shop\/fabrics\/caps\/beige-hat-montreux-jazz-festival\/#breadcrumb","itemListElement":[{"@type":"ListItem","position":1,"name":"Accueil","item":"https:\/\/www.montreuxjazzshop.com\/en\/"},{"@type":"ListItem","position":2,"name":"Shop","item":"https:\/\/www.montreuxjazzshop.com\/en\/shop\/"},{"@type":"ListItem","position":3,"name":"Beige Hat, Montreux Jazz Festival"}]},{"@type":"WebSite","@id":"https:\/\/www.montreuxjazzshop.com\/en\/#website","url":"https:\/\/www.montreuxjazzshop.com\/en\/","name":"Montreux Jazz Shop","description":"The Montreux Jazz Festival shop","potentialAction":[{"@type":"SearchAction","target":{"@type":"EntryPoint","urlTemplate":"https:\/\/www.montreuxjazzshop.com\/en\/?s={search_term_string}"},"query-input":{"@type":"PropertyValueSpecification","valueRequired":true,"valueName":"search_term_string"}}],"inLanguage":"en-US"}]},"product_price_amount":"49.00","product_price_currency":"CHF","og_availability":"instock","product_availability":"instock","product_retailer_item_id":"3070100502024","product_condition":"new"},"_links":{"self":[{"href":"https:\/\/www.montreuxjazzshop.com\/en\/wp-json\/wp\/v2\/product\/4194","targetHints":{"allow":["GET"]}}],"collection":[{"href":"https:\/\/www.montreuxjazzshop.com\/en\/wp-json\/wp\/v2\/product"}],"about":[{"href":"https:\/\/www.montreuxjazzshop.com\/en\/wp-json\/wp\/v2\/types\/product"}],"wp:featuredmedia":[{"embeddable":true,"href":"https:\/\/www.montreuxjazzshop.com\/en\/wp-json\/wp\/v2\/media\/4221"}],"wp:attachment":[{"href":"https:\/\/www.montreuxjazzshop.com\/en\/wp-json\/wp\/v2\/media?parent=4194"}],"wp:term":[{"taxonomy":"artist","embeddable":true,"href":"https:\/\/www.montreuxjazzshop.com\/en\/wp-json\/wp\/v2\/artist?post=4194"},{"taxonomy":"artist-category","embeddable":true,"href":"https:\/\/www.montreuxjazzshop.com\/en\/wp-json\/wp\/v2\/artist-category?post=4194"},{"taxonomy":"edition","embeddable":true,"href":"https:\/\/www.montreuxjazzshop.com\/en\/wp-json\/wp\/v2\/edition?post=4194"},{"taxonomy":"product_brand","embeddable":true,"href":"https:\/\/www.montreuxjazzshop.com\/en\/wp-json\/wp\/v2\/product_brand?post=4194"},{"taxonomy":"product_cat","embeddable":true,"href":"https:\/\/www.montreuxjazzshop.com\/en\/wp-json\/wp\/v2\/product_cat?post=4194"},{"taxonomy":"product_tag","embeddable":true,"href":"https:\/\/www.montreuxjazzshop.com\/en\/wp-json\/wp\/v2\/product_tag?post=4194"}],"curies":[{"name":"wp","href":"https:\/\/api.w.org\/{rel}","templated":true}]}}