{"id":3961,"date":"2025-09-11T15:22:12","date_gmt":"2025-09-11T13:22:12","guid":{"rendered":"https:\/\/www.montreuxjazzshop.com\/?post_type=product&#038;p=3961"},"modified":"2025-09-11T15:37:41","modified_gmt":"2025-09-11T13:37:41","slug":"magnet-malika-favre-2017","status":"publish","type":"product","link":"https:\/\/www.montreuxjazzshop.com\/en\/shop\/accessories\/magnets\/magnet-malika-favre-2017\/","title":{"rendered":"Magnet Malika Favre, 2017"},"content":{"rendered":"<ul>\n<li>Dimensions: 54 x 78 cm<\/li>\n<\/ul>\n","protected":false},"excerpt":{"rendered":"<p class=\"p1\"><span class=\"s1\">This magnet is part of the Malika Favre collection. <\/span>French illustrator Malika Favre makes the poster of the 51st edition dance. Women with elegant and rhythmic lines also reveal a twofold reading: Six instruments are delicately revealed in the negative spaces.<\/p>\n<p><a href=\"https:\/\/www.montreuxjazzshop.com\/en\/portfolio-item\/malika-favre\/\">More about the artist<\/a><\/p>\n","protected":false},"featured_media":1343,"template":"","meta":{"_acf_changed":false},"artist":[],"artist-category":[],"edition":[],"product_brand":[],"product_cat":[327,367],"product_tag":[],"class_list":{"0":"post-3961","1":"product","2":"type-product","3":"status-publish","4":"has-post-thumbnail","6":"product_cat-accessories","7":"product_cat-magnets","9":"first","10":"instock","11":"taxable","12":"shipping-taxable","13":"purchasable","14":"product-type-simple"},"bundled_by":[],"bundle_stock_status":"instock","bundle_stock_quantity":92,"bundle_virtual":false,"bundle_layout":"","bundle_add_to_cart_form_location":"","bundle_editable_in_cart":false,"bundle_sold_individually_context":"","bundle_item_grouping":"","bundle_min_size":"","bundle_max_size":"","bundle_price":[],"bundled_items":[],"bundle_sell_ids":[],"acf":[],"yoast_head":"<!-- This site is optimized with the Yoast SEO Premium plugin v26.4 (Yoast SEO v27.4) - https:\/\/yoast.com\/product\/yoast-seo-premium-wordpress\/ -->\n<title>Magnet Malika Favre, 2017 - Montreux Jazz Festival Shop<\/title>\n<meta name=\"description\" content=\"For art and music lovers who enjoy collecting. Discover our magnet inspired by the poster of Malika Favre for the Montreux Jazz Festival.\" \/>\n<meta name=\"robots\" content=\"index, follow, max-snippet:-1, max-image-preview:large, max-video-preview:-1\" \/>\n<link rel=\"canonical\" href=\"https:\/\/www.montreuxjazzshop.com\/en\/shop\/accessories\/magnets\/magnet-malika-favre-2017\/\" \/>\n<meta property=\"og:locale\" content=\"en_US\" \/>\n<meta property=\"og:type\" content=\"article\" \/>\n<meta property=\"og:title\" content=\"Magnet Malika Favre, 2017\" \/>\n<meta property=\"og:description\" content=\"For art and music lovers who enjoy collecting. Discover our magnet inspired by the poster of Malika Favre for the Montreux Jazz Festival.\" \/>\n<meta property=\"og:url\" content=\"https:\/\/www.montreuxjazzshop.com\/en\/shop\/accessories\/magnets\/magnet-malika-favre-2017\/\" \/>\n<meta property=\"og:site_name\" content=\"Montreux Jazz Festival Shop\" \/>\n<meta property=\"article:publisher\" content=\"https:\/\/www.facebook.com\/montreuxjazzfestival\" \/>\n<meta property=\"article:modified_time\" content=\"2025-09-11T13:37:41+00:00\" \/>\n<meta property=\"og:image\" content=\"https:\/\/www.montreuxjazzshop.com\/wp-content\/uploads\/2025\/05\/MJF-Magnet-54x78-2017.jpg\" \/>\n\t<meta property=\"og:image:width\" content=\"1500\" \/>\n\t<meta property=\"og:image:height\" content=\"1500\" \/>\n\t<meta property=\"og:image:type\" content=\"image\/jpeg\" \/>\n<meta name=\"twitter:card\" content=\"summary_large_image\" \/>\n<meta name=\"twitter:site\" content=\"@MontreuxJazz\" \/>\n<script type=\"application\/ld+json\" class=\"yoast-schema-graph\">{\"@context\":\"https:\\\/\\\/schema.org\",\"@graph\":[{\"@type\":\"WebPage\",\"@id\":\"https:\\\/\\\/www.montreuxjazzshop.com\\\/en\\\/shop\\\/accessories\\\/magnets\\\/magnet-malika-favre-2017\\\/\",\"url\":\"https:\\\/\\\/www.montreuxjazzshop.com\\\/en\\\/shop\\\/accessories\\\/magnets\\\/magnet-malika-favre-2017\\\/\",\"name\":\"Magnet Malika Favre, 2017 - Montreux Jazz Festival Shop\",\"isPartOf\":{\"@id\":\"https:\\\/\\\/www.montreuxjazzshop.com\\\/en\\\/#website\"},\"primaryImageOfPage\":{\"@id\":\"https:\\\/\\\/www.montreuxjazzshop.com\\\/en\\\/shop\\\/accessories\\\/magnets\\\/magnet-malika-favre-2017\\\/#primaryimage\"},\"image\":{\"@id\":\"https:\\\/\\\/www.montreuxjazzshop.com\\\/en\\\/shop\\\/accessories\\\/magnets\\\/magnet-malika-favre-2017\\\/#primaryimage\"},\"thumbnailUrl\":\"https:\\\/\\\/www.montreuxjazzshop.com\\\/wp-content\\\/uploads\\\/2025\\\/05\\\/MJF-Magnet-54x78-2017.jpg\",\"datePublished\":\"2025-09-11T13:22:12+00:00\",\"dateModified\":\"2025-09-11T13:37:41+00:00\",\"description\":\"For art and music lovers who enjoy collecting. Discover our magnet inspired by the poster of Malika Favre for the Montreux Jazz Festival.\",\"breadcrumb\":{\"@id\":\"https:\\\/\\\/www.montreuxjazzshop.com\\\/en\\\/shop\\\/accessories\\\/magnets\\\/magnet-malika-favre-2017\\\/#breadcrumb\"},\"inLanguage\":\"en-US\",\"potentialAction\":[{\"@type\":\"ReadAction\",\"target\":[\"https:\\\/\\\/www.montreuxjazzshop.com\\\/en\\\/shop\\\/accessories\\\/magnets\\\/magnet-malika-favre-2017\\\/\"]}]},{\"@type\":\"ImageObject\",\"inLanguage\":\"en-US\",\"@id\":\"https:\\\/\\\/www.montreuxjazzshop.com\\\/en\\\/shop\\\/accessories\\\/magnets\\\/magnet-malika-favre-2017\\\/#primaryimage\",\"url\":\"https:\\\/\\\/www.montreuxjazzshop.com\\\/wp-content\\\/uploads\\\/2025\\\/05\\\/MJF-Magnet-54x78-2017.jpg\",\"contentUrl\":\"https:\\\/\\\/www.montreuxjazzshop.com\\\/wp-content\\\/uploads\\\/2025\\\/05\\\/MJF-Magnet-54x78-2017.jpg\",\"width\":1500,\"height\":1500,\"caption\":\"Le Magnet Malika Favre, 2017, pr\u00e9sente des silhouettes noires abstraites de danseurs sur un fond blanc avec des d\u00e9tails dor\u00e9s, inspir\u00e9s de l'affiche encadr\u00e9e de Favre pour le 51e Festival de jazz de Montreux.\"},{\"@type\":\"BreadcrumbList\",\"@id\":\"https:\\\/\\\/www.montreuxjazzshop.com\\\/en\\\/shop\\\/accessories\\\/magnets\\\/magnet-malika-favre-2017\\\/#breadcrumb\",\"itemListElement\":[{\"@type\":\"ListItem\",\"position\":1,\"name\":\"Accueil\",\"item\":\"https:\\\/\\\/www.montreuxjazzshop.com\\\/en\\\/\"},{\"@type\":\"ListItem\",\"position\":2,\"name\":\"Shop\",\"item\":\"https:\\\/\\\/www.montreuxjazzshop.com\\\/en\\\/shop\\\/\"},{\"@type\":\"ListItem\",\"position\":3,\"name\":\"Magnet Malika Favre, 2017\"}]},{\"@type\":\"WebSite\",\"@id\":\"https:\\\/\\\/www.montreuxjazzshop.com\\\/en\\\/#website\",\"url\":\"https:\\\/\\\/www.montreuxjazzshop.com\\\/en\\\/\",\"name\":\"Montreux Jazz Shop\",\"description\":\"The Montreux Jazz Festival shop\",\"potentialAction\":[{\"@type\":\"SearchAction\",\"target\":{\"@type\":\"EntryPoint\",\"urlTemplate\":\"https:\\\/\\\/www.montreuxjazzshop.com\\\/en\\\/?s={search_term_string}\"},\"query-input\":{\"@type\":\"PropertyValueSpecification\",\"valueRequired\":true,\"valueName\":\"search_term_string\"}}],\"inLanguage\":\"en-US\"}]}<\/script>\n<meta property=\"product:price:amount\" content=\"9.00\" \/>\n<meta property=\"product:price:currency\" content=\"CHF\" \/>\n<meta property=\"og:availability\" content=\"instock\" \/>\n<meta property=\"product:availability\" content=\"instock\" \/>\n<meta property=\"product:retailer_item_id\" content=\"3100100920000-2017\" \/>\n<meta property=\"product:condition\" content=\"new\" \/>\n<!-- \/ Yoast SEO Premium plugin. -->","yoast_head_json":{"title":"Magnet Malika Favre, 2017 - Montreux Jazz Festival Shop","description":"For art and music lovers who enjoy collecting. Discover our magnet inspired by the poster of Malika Favre for the Montreux Jazz Festival.","robots":{"index":"index","follow":"follow","max-snippet":"max-snippet:-1","max-image-preview":"max-image-preview:large","max-video-preview":"max-video-preview:-1"},"canonical":"https:\/\/www.montreuxjazzshop.com\/en\/shop\/accessories\/magnets\/magnet-malika-favre-2017\/","og_locale":"en_US","og_type":"article","og_title":"Magnet Malika Favre, 2017","og_description":"For art and music lovers who enjoy collecting. Discover our magnet inspired by the poster of Malika Favre for the Montreux Jazz Festival.","og_url":"https:\/\/www.montreuxjazzshop.com\/en\/shop\/accessories\/magnets\/magnet-malika-favre-2017\/","og_site_name":"Montreux Jazz Festival Shop","article_publisher":"https:\/\/www.facebook.com\/montreuxjazzfestival","article_modified_time":"2025-09-11T13:37:41+00:00","og_image":[{"width":1500,"height":1500,"url":"https:\/\/www.montreuxjazzshop.com\/wp-content\/uploads\/2025\/05\/MJF-Magnet-54x78-2017.jpg","type":"image\/jpeg"}],"twitter_card":"summary_large_image","twitter_site":"@MontreuxJazz","schema":{"@context":"https:\/\/schema.org","@graph":[{"@type":"WebPage","@id":"https:\/\/www.montreuxjazzshop.com\/en\/shop\/accessories\/magnets\/magnet-malika-favre-2017\/","url":"https:\/\/www.montreuxjazzshop.com\/en\/shop\/accessories\/magnets\/magnet-malika-favre-2017\/","name":"Magnet Malika Favre, 2017 - Montreux Jazz Festival Shop","isPartOf":{"@id":"https:\/\/www.montreuxjazzshop.com\/en\/#website"},"primaryImageOfPage":{"@id":"https:\/\/www.montreuxjazzshop.com\/en\/shop\/accessories\/magnets\/magnet-malika-favre-2017\/#primaryimage"},"image":{"@id":"https:\/\/www.montreuxjazzshop.com\/en\/shop\/accessories\/magnets\/magnet-malika-favre-2017\/#primaryimage"},"thumbnailUrl":"https:\/\/www.montreuxjazzshop.com\/wp-content\/uploads\/2025\/05\/MJF-Magnet-54x78-2017.jpg","datePublished":"2025-09-11T13:22:12+00:00","dateModified":"2025-09-11T13:37:41+00:00","description":"For art and music lovers who enjoy collecting. Discover our magnet inspired by the poster of Malika Favre for the Montreux Jazz Festival.","breadcrumb":{"@id":"https:\/\/www.montreuxjazzshop.com\/en\/shop\/accessories\/magnets\/magnet-malika-favre-2017\/#breadcrumb"},"inLanguage":"en-US","potentialAction":[{"@type":"ReadAction","target":["https:\/\/www.montreuxjazzshop.com\/en\/shop\/accessories\/magnets\/magnet-malika-favre-2017\/"]}]},{"@type":"ImageObject","inLanguage":"en-US","@id":"https:\/\/www.montreuxjazzshop.com\/en\/shop\/accessories\/magnets\/magnet-malika-favre-2017\/#primaryimage","url":"https:\/\/www.montreuxjazzshop.com\/wp-content\/uploads\/2025\/05\/MJF-Magnet-54x78-2017.jpg","contentUrl":"https:\/\/www.montreuxjazzshop.com\/wp-content\/uploads\/2025\/05\/MJF-Magnet-54x78-2017.jpg","width":1500,"height":1500,"caption":"Le Magnet Malika Favre, 2017, pr\u00e9sente des silhouettes noires abstraites de danseurs sur un fond blanc avec des d\u00e9tails dor\u00e9s, inspir\u00e9s de l'affiche encadr\u00e9e de Favre pour le 51e Festival de jazz de Montreux."},{"@type":"BreadcrumbList","@id":"https:\/\/www.montreuxjazzshop.com\/en\/shop\/accessories\/magnets\/magnet-malika-favre-2017\/#breadcrumb","itemListElement":[{"@type":"ListItem","position":1,"name":"Accueil","item":"https:\/\/www.montreuxjazzshop.com\/en\/"},{"@type":"ListItem","position":2,"name":"Shop","item":"https:\/\/www.montreuxjazzshop.com\/en\/shop\/"},{"@type":"ListItem","position":3,"name":"Magnet Malika Favre, 2017"}]},{"@type":"WebSite","@id":"https:\/\/www.montreuxjazzshop.com\/en\/#website","url":"https:\/\/www.montreuxjazzshop.com\/en\/","name":"Montreux Jazz Shop","description":"The Montreux Jazz Festival shop","potentialAction":[{"@type":"SearchAction","target":{"@type":"EntryPoint","urlTemplate":"https:\/\/www.montreuxjazzshop.com\/en\/?s={search_term_string}"},"query-input":{"@type":"PropertyValueSpecification","valueRequired":true,"valueName":"search_term_string"}}],"inLanguage":"en-US"}]},"product_price_amount":"9.00","product_price_currency":"CHF","og_availability":"instock","product_availability":"instock","product_retailer_item_id":"3100100920000-2017","product_condition":"new"},"_links":{"self":[{"href":"https:\/\/www.montreuxjazzshop.com\/en\/wp-json\/wp\/v2\/product\/3961","targetHints":{"allow":["GET"]}}],"collection":[{"href":"https:\/\/www.montreuxjazzshop.com\/en\/wp-json\/wp\/v2\/product"}],"about":[{"href":"https:\/\/www.montreuxjazzshop.com\/en\/wp-json\/wp\/v2\/types\/product"}],"wp:featuredmedia":[{"embeddable":true,"href":"https:\/\/www.montreuxjazzshop.com\/en\/wp-json\/wp\/v2\/media\/1343"}],"wp:attachment":[{"href":"https:\/\/www.montreuxjazzshop.com\/en\/wp-json\/wp\/v2\/media?parent=3961"}],"wp:term":[{"taxonomy":"artist","embeddable":true,"href":"https:\/\/www.montreuxjazzshop.com\/en\/wp-json\/wp\/v2\/artist?post=3961"},{"taxonomy":"artist-category","embeddable":true,"href":"https:\/\/www.montreuxjazzshop.com\/en\/wp-json\/wp\/v2\/artist-category?post=3961"},{"taxonomy":"edition","embeddable":true,"href":"https:\/\/www.montreuxjazzshop.com\/en\/wp-json\/wp\/v2\/edition?post=3961"},{"taxonomy":"product_brand","embeddable":true,"href":"https:\/\/www.montreuxjazzshop.com\/en\/wp-json\/wp\/v2\/product_brand?post=3961"},{"taxonomy":"product_cat","embeddable":true,"href":"https:\/\/www.montreuxjazzshop.com\/en\/wp-json\/wp\/v2\/product_cat?post=3961"},{"taxonomy":"product_tag","embeddable":true,"href":"https:\/\/www.montreuxjazzshop.com\/en\/wp-json\/wp\/v2\/product_tag?post=3961"}],"curies":[{"name":"wp","href":"https:\/\/api.w.org\/{rel}","templated":true}]}}