{"id":3856,"date":"2025-09-11T15:21:59","date_gmt":"2025-09-11T13:21:59","guid":{"rendered":"https:\/\/www.montreuxjazzshop.com\/?post_type=product&#038;p=3856"},"modified":"2025-09-11T15:37:15","modified_gmt":"2025-09-11T13:37:15","slug":"magnet-giuseppe-pino-1967","status":"publish","type":"product","link":"https:\/\/www.montreuxjazzshop.com\/en\/shop\/accessories\/magnets\/magnet-giuseppe-pino-1967\/","title":{"rendered":"Magnet Giuseppe Pino, 1967"},"content":{"rendered":"<ul>\n<li>Dimensions: 54 x 78 mm<\/li>\n<\/ul>\n","protected":false},"excerpt":{"rendered":"<p>Ce magnet fait partie de la gamme Giuseppe Pino. Ce n\u2019est pas une affiche. Du moins pas une affiche originale. La premi\u00e8re \u00e9dition du Festival n\u2019avait pas pu se payer une grande campagne de communication avec son maigre budget initial. La photographie de couverture du programme s\u2019est mu\u00e9e en poster de cette \u00e9dition. L\u2019image en contreplong\u00e9e repr\u00e9sente le saxophoniste Charles Lloyd, l\u2019invit\u00e9 de marque de 1967. Elle est sign\u00e9e Guiseppe Pino.<\/p>\n<p><a href=\"https:\/\/www.montreuxjazzshop.com\/fr\/portfolio-item\/giuseppe-pino\/\">En savoir plus sur l\u2019artiste<\/a><\/p>\n","protected":false},"featured_media":1279,"template":"","meta":{"_acf_changed":false},"artist":[],"artist-category":[],"edition":[164],"product_brand":[],"product_cat":[327,367],"product_tag":[],"class_list":{"0":"post-3856","1":"product","2":"type-product","3":"status-publish","4":"has-post-thumbnail","6":"edition-164","7":"product_cat-accessories","8":"product_cat-magnets","9":"product_shipping_class-petits-objets-et-dvd","11":"first","12":"instock","13":"taxable","14":"shipping-taxable","15":"purchasable","16":"product-type-simple"},"bundled_by":[],"bundle_stock_status":"instock","bundle_stock_quantity":5,"bundle_virtual":false,"bundle_layout":"","bundle_add_to_cart_form_location":"","bundle_editable_in_cart":false,"bundle_sold_individually_context":"","bundle_item_grouping":"","bundle_min_size":"","bundle_max_size":"","bundle_price":[],"bundled_items":[],"bundle_sell_ids":[],"acf":[],"yoast_head":"<!-- This site is optimized with the Yoast SEO Premium plugin v26.4 (Yoast SEO v27.4) - https:\/\/yoast.com\/product\/yoast-seo-premium-wordpress\/ -->\n<title>Magnet Giuseppe Pino, 1967 - Montreux Jazz Festival Shop<\/title>\n<meta name=\"description\" content=\"Forart and music lovers who enjoy collecting. Discover our magnet inspired by the poster of Guiseppe Pino for the Montreux Jazz Festival.\" \/>\n<meta name=\"robots\" content=\"index, follow, max-snippet:-1, max-image-preview:large, max-video-preview:-1\" \/>\n<link rel=\"canonical\" href=\"https:\/\/www.montreuxjazzshop.com\/en\/shop\/accessories\/magnets\/magnet-giuseppe-pino-1967\/\" \/>\n<meta property=\"og:locale\" content=\"en_US\" \/>\n<meta property=\"og:type\" content=\"article\" \/>\n<meta property=\"og:title\" content=\"Magnet Giuseppe Pino, 1967\" \/>\n<meta property=\"og:description\" content=\"Forart and music lovers who enjoy collecting. Discover our magnet inspired by the poster of Guiseppe Pino for the Montreux Jazz Festival.\" \/>\n<meta property=\"og:url\" content=\"https:\/\/www.montreuxjazzshop.com\/en\/shop\/accessories\/magnets\/magnet-giuseppe-pino-1967\/\" \/>\n<meta property=\"og:site_name\" content=\"Montreux Jazz Festival Shop\" \/>\n<meta property=\"article:publisher\" content=\"https:\/\/www.facebook.com\/montreuxjazzfestival\" \/>\n<meta property=\"article:modified_time\" content=\"2025-09-11T13:37:15+00:00\" \/>\n<meta property=\"og:image\" content=\"https:\/\/www.montreuxjazzshop.com\/wp-content\/uploads\/2025\/05\/MJF-Magnet-54x78-1967.jpg\" \/>\n\t<meta property=\"og:image:width\" content=\"1500\" \/>\n\t<meta property=\"og:image:height\" content=\"1500\" \/>\n\t<meta property=\"og:image:type\" content=\"image\/jpeg\" \/>\n<meta name=\"twitter:card\" content=\"summary_large_image\" \/>\n<meta name=\"twitter:site\" content=\"@MontreuxJazz\" \/>\n<script type=\"application\/ld+json\" class=\"yoast-schema-graph\">{\"@context\":\"https:\\\/\\\/schema.org\",\"@graph\":[{\"@type\":\"WebPage\",\"@id\":\"https:\\\/\\\/www.montreuxjazzshop.com\\\/en\\\/shop\\\/accessories\\\/magnets\\\/magnet-giuseppe-pino-1967\\\/\",\"url\":\"https:\\\/\\\/www.montreuxjazzshop.com\\\/en\\\/shop\\\/accessories\\\/magnets\\\/magnet-giuseppe-pino-1967\\\/\",\"name\":\"Magnet Giuseppe Pino, 1967 - Montreux Jazz Festival Shop\",\"isPartOf\":{\"@id\":\"https:\\\/\\\/www.montreuxjazzshop.com\\\/en\\\/#website\"},\"primaryImageOfPage\":{\"@id\":\"https:\\\/\\\/www.montreuxjazzshop.com\\\/en\\\/shop\\\/accessories\\\/magnets\\\/magnet-giuseppe-pino-1967\\\/#primaryimage\"},\"image\":{\"@id\":\"https:\\\/\\\/www.montreuxjazzshop.com\\\/en\\\/shop\\\/accessories\\\/magnets\\\/magnet-giuseppe-pino-1967\\\/#primaryimage\"},\"thumbnailUrl\":\"https:\\\/\\\/www.montreuxjazzshop.com\\\/wp-content\\\/uploads\\\/2025\\\/05\\\/MJF-Magnet-54x78-1967.jpg\",\"datePublished\":\"2025-09-11T13:21:59+00:00\",\"dateModified\":\"2025-09-11T13:37:15+00:00\",\"description\":\"Forart and music lovers who enjoy collecting. Discover our magnet inspired by the poster of Guiseppe Pino for the Montreux Jazz Festival.\",\"breadcrumb\":{\"@id\":\"https:\\\/\\\/www.montreuxjazzshop.com\\\/en\\\/shop\\\/accessories\\\/magnets\\\/magnet-giuseppe-pino-1967\\\/#breadcrumb\"},\"inLanguage\":\"en-US\",\"potentialAction\":[{\"@type\":\"ReadAction\",\"target\":[\"https:\\\/\\\/www.montreuxjazzshop.com\\\/en\\\/shop\\\/accessories\\\/magnets\\\/magnet-giuseppe-pino-1967\\\/\"]}]},{\"@type\":\"ImageObject\",\"inLanguage\":\"en-US\",\"@id\":\"https:\\\/\\\/www.montreuxjazzshop.com\\\/en\\\/shop\\\/accessories\\\/magnets\\\/magnet-giuseppe-pino-1967\\\/#primaryimage\",\"url\":\"https:\\\/\\\/www.montreuxjazzshop.com\\\/wp-content\\\/uploads\\\/2025\\\/05\\\/MJF-Magnet-54x78-1967.jpg\",\"contentUrl\":\"https:\\\/\\\/www.montreuxjazzshop.com\\\/wp-content\\\/uploads\\\/2025\\\/05\\\/MJF-Magnet-54x78-1967.jpg\",\"width\":1500,\"height\":1500,\"caption\":\"Le Magnet Giuseppe Pino, 1967 pr\u00e9sente une photo floue en noir et blanc du saxophoniste Pino, le texte en gras et en blanc \\\"Festival de Jazz Montreux 16 17 18 Juin 1967\\\" et un couvercle magn\u00e9tique qui r\u00e9v\u00e8le l'int\u00e9rieur de la bo\u00eete.\"},{\"@type\":\"BreadcrumbList\",\"@id\":\"https:\\\/\\\/www.montreuxjazzshop.com\\\/en\\\/shop\\\/accessories\\\/magnets\\\/magnet-giuseppe-pino-1967\\\/#breadcrumb\",\"itemListElement\":[{\"@type\":\"ListItem\",\"position\":1,\"name\":\"Accueil\",\"item\":\"https:\\\/\\\/www.montreuxjazzshop.com\\\/en\\\/\"},{\"@type\":\"ListItem\",\"position\":2,\"name\":\"Shop\",\"item\":\"https:\\\/\\\/www.montreuxjazzshop.com\\\/en\\\/shop\\\/\"},{\"@type\":\"ListItem\",\"position\":3,\"name\":\"Magnet Giuseppe Pino, 1967\"}]},{\"@type\":\"WebSite\",\"@id\":\"https:\\\/\\\/www.montreuxjazzshop.com\\\/en\\\/#website\",\"url\":\"https:\\\/\\\/www.montreuxjazzshop.com\\\/en\\\/\",\"name\":\"Montreux Jazz Shop\",\"description\":\"The Montreux Jazz Festival shop\",\"potentialAction\":[{\"@type\":\"SearchAction\",\"target\":{\"@type\":\"EntryPoint\",\"urlTemplate\":\"https:\\\/\\\/www.montreuxjazzshop.com\\\/en\\\/?s={search_term_string}\"},\"query-input\":{\"@type\":\"PropertyValueSpecification\",\"valueRequired\":true,\"valueName\":\"search_term_string\"}}],\"inLanguage\":\"en-US\"}]}<\/script>\n<meta property=\"product:price:amount\" content=\"9.00\" \/>\n<meta property=\"product:price:currency\" content=\"CHF\" \/>\n<meta property=\"og:availability\" content=\"instock\" \/>\n<meta property=\"product:availability\" content=\"instock\" \/>\n<meta property=\"product:retailer_item_id\" content=\"3100100920000-1967\" \/>\n<meta property=\"product:condition\" content=\"new\" \/>\n<!-- \/ Yoast SEO Premium plugin. -->","yoast_head_json":{"title":"Magnet Giuseppe Pino, 1967 - Montreux Jazz Festival Shop","description":"Forart and music lovers who enjoy collecting. Discover our magnet inspired by the poster of Guiseppe Pino for the Montreux Jazz Festival.","robots":{"index":"index","follow":"follow","max-snippet":"max-snippet:-1","max-image-preview":"max-image-preview:large","max-video-preview":"max-video-preview:-1"},"canonical":"https:\/\/www.montreuxjazzshop.com\/en\/shop\/accessories\/magnets\/magnet-giuseppe-pino-1967\/","og_locale":"en_US","og_type":"article","og_title":"Magnet Giuseppe Pino, 1967","og_description":"Forart and music lovers who enjoy collecting. Discover our magnet inspired by the poster of Guiseppe Pino for the Montreux Jazz Festival.","og_url":"https:\/\/www.montreuxjazzshop.com\/en\/shop\/accessories\/magnets\/magnet-giuseppe-pino-1967\/","og_site_name":"Montreux Jazz Festival Shop","article_publisher":"https:\/\/www.facebook.com\/montreuxjazzfestival","article_modified_time":"2025-09-11T13:37:15+00:00","og_image":[{"width":1500,"height":1500,"url":"https:\/\/www.montreuxjazzshop.com\/wp-content\/uploads\/2025\/05\/MJF-Magnet-54x78-1967.jpg","type":"image\/jpeg"}],"twitter_card":"summary_large_image","twitter_site":"@MontreuxJazz","schema":{"@context":"https:\/\/schema.org","@graph":[{"@type":"WebPage","@id":"https:\/\/www.montreuxjazzshop.com\/en\/shop\/accessories\/magnets\/magnet-giuseppe-pino-1967\/","url":"https:\/\/www.montreuxjazzshop.com\/en\/shop\/accessories\/magnets\/magnet-giuseppe-pino-1967\/","name":"Magnet Giuseppe Pino, 1967 - Montreux Jazz Festival Shop","isPartOf":{"@id":"https:\/\/www.montreuxjazzshop.com\/en\/#website"},"primaryImageOfPage":{"@id":"https:\/\/www.montreuxjazzshop.com\/en\/shop\/accessories\/magnets\/magnet-giuseppe-pino-1967\/#primaryimage"},"image":{"@id":"https:\/\/www.montreuxjazzshop.com\/en\/shop\/accessories\/magnets\/magnet-giuseppe-pino-1967\/#primaryimage"},"thumbnailUrl":"https:\/\/www.montreuxjazzshop.com\/wp-content\/uploads\/2025\/05\/MJF-Magnet-54x78-1967.jpg","datePublished":"2025-09-11T13:21:59+00:00","dateModified":"2025-09-11T13:37:15+00:00","description":"Forart and music lovers who enjoy collecting. Discover our magnet inspired by the poster of Guiseppe Pino for the Montreux Jazz Festival.","breadcrumb":{"@id":"https:\/\/www.montreuxjazzshop.com\/en\/shop\/accessories\/magnets\/magnet-giuseppe-pino-1967\/#breadcrumb"},"inLanguage":"en-US","potentialAction":[{"@type":"ReadAction","target":["https:\/\/www.montreuxjazzshop.com\/en\/shop\/accessories\/magnets\/magnet-giuseppe-pino-1967\/"]}]},{"@type":"ImageObject","inLanguage":"en-US","@id":"https:\/\/www.montreuxjazzshop.com\/en\/shop\/accessories\/magnets\/magnet-giuseppe-pino-1967\/#primaryimage","url":"https:\/\/www.montreuxjazzshop.com\/wp-content\/uploads\/2025\/05\/MJF-Magnet-54x78-1967.jpg","contentUrl":"https:\/\/www.montreuxjazzshop.com\/wp-content\/uploads\/2025\/05\/MJF-Magnet-54x78-1967.jpg","width":1500,"height":1500,"caption":"Le Magnet Giuseppe Pino, 1967 pr\u00e9sente une photo floue en noir et blanc du saxophoniste Pino, le texte en gras et en blanc \"Festival de Jazz Montreux 16 17 18 Juin 1967\" et un couvercle magn\u00e9tique qui r\u00e9v\u00e8le l'int\u00e9rieur de la bo\u00eete."},{"@type":"BreadcrumbList","@id":"https:\/\/www.montreuxjazzshop.com\/en\/shop\/accessories\/magnets\/magnet-giuseppe-pino-1967\/#breadcrumb","itemListElement":[{"@type":"ListItem","position":1,"name":"Accueil","item":"https:\/\/www.montreuxjazzshop.com\/en\/"},{"@type":"ListItem","position":2,"name":"Shop","item":"https:\/\/www.montreuxjazzshop.com\/en\/shop\/"},{"@type":"ListItem","position":3,"name":"Magnet Giuseppe Pino, 1967"}]},{"@type":"WebSite","@id":"https:\/\/www.montreuxjazzshop.com\/en\/#website","url":"https:\/\/www.montreuxjazzshop.com\/en\/","name":"Montreux Jazz Shop","description":"The Montreux Jazz Festival shop","potentialAction":[{"@type":"SearchAction","target":{"@type":"EntryPoint","urlTemplate":"https:\/\/www.montreuxjazzshop.com\/en\/?s={search_term_string}"},"query-input":{"@type":"PropertyValueSpecification","valueRequired":true,"valueName":"search_term_string"}}],"inLanguage":"en-US"}]},"product_price_amount":"9.00","product_price_currency":"CHF","og_availability":"instock","product_availability":"instock","product_retailer_item_id":"3100100920000-1967","product_condition":"new"},"_links":{"self":[{"href":"https:\/\/www.montreuxjazzshop.com\/en\/wp-json\/wp\/v2\/product\/3856","targetHints":{"allow":["GET"]}}],"collection":[{"href":"https:\/\/www.montreuxjazzshop.com\/en\/wp-json\/wp\/v2\/product"}],"about":[{"href":"https:\/\/www.montreuxjazzshop.com\/en\/wp-json\/wp\/v2\/types\/product"}],"wp:featuredmedia":[{"embeddable":true,"href":"https:\/\/www.montreuxjazzshop.com\/en\/wp-json\/wp\/v2\/media\/1279"}],"wp:attachment":[{"href":"https:\/\/www.montreuxjazzshop.com\/en\/wp-json\/wp\/v2\/media?parent=3856"}],"wp:term":[{"taxonomy":"artist","embeddable":true,"href":"https:\/\/www.montreuxjazzshop.com\/en\/wp-json\/wp\/v2\/artist?post=3856"},{"taxonomy":"artist-category","embeddable":true,"href":"https:\/\/www.montreuxjazzshop.com\/en\/wp-json\/wp\/v2\/artist-category?post=3856"},{"taxonomy":"edition","embeddable":true,"href":"https:\/\/www.montreuxjazzshop.com\/en\/wp-json\/wp\/v2\/edition?post=3856"},{"taxonomy":"product_brand","embeddable":true,"href":"https:\/\/www.montreuxjazzshop.com\/en\/wp-json\/wp\/v2\/product_brand?post=3856"},{"taxonomy":"product_cat","embeddable":true,"href":"https:\/\/www.montreuxjazzshop.com\/en\/wp-json\/wp\/v2\/product_cat?post=3856"},{"taxonomy":"product_tag","embeddable":true,"href":"https:\/\/www.montreuxjazzshop.com\/en\/wp-json\/wp\/v2\/product_tag?post=3856"}],"curies":[{"name":"wp","href":"https:\/\/api.w.org\/{rel}","templated":true}]}}