{"id":3611,"date":"2025-09-11T15:20:55","date_gmt":"2025-09-11T13:20:55","guid":{"rendered":"https:\/\/www.montreuxjazzshop.com\/?post_type=product&#038;p=3611"},"modified":"2025-09-11T15:37:01","modified_gmt":"2025-09-11T13:37:01","slug":"rio-guitar-collection-limited-series","status":"publish","type":"product","link":"https:\/\/www.montreuxjazzshop.com\/en\/shop\/music\/guitars\/rio-guitar-collection-limited-series\/","title":{"rendered":"Rio, Guitar Collection, Limited Series"},"content":{"rendered":"<p><strong>Specifications<\/strong><\/p>\n<ul>\n<li>Mahogany neck and American maple body<\/li>\n<li>Pickups with polyurethane wire and Alnico 5 magnet for a more modern, brilliant sound, perfect for playing 80s rock.<\/li>\n<\/ul>\n<p class=\"p1\"><span class=\"s1\"><b>All guitars are supplied with:<\/b><\/span><\/p>\n<ul>\n<li>A carry bag<\/li>\n<li>A first service offered at<br \/>\nGuitar\u2019s Caf\u00e9 \u2013 Music Shop, Rue de Bourg 13, 1003 Lausanne<br \/>\n+41 77 417 85 95, <a href=\"http:\/\/www.guitarscafe.com\/\">www.guitarscafe.com<\/a><\/li>\n<li>Custom pickups made by<br \/>\nHugo Sierro l\u2019atelier de musique, Rue de la Blancherie 35, 1950 Sion, <a href=\"http:\/\/www.hugosierro.ch\">www.hugosierro.ch<\/a><\/li>\n<\/ul>\n","protected":false},"excerpt":{"rendered":"<h3>Montreux Jazz Festival Guitar Collection<\/h3>\n<p>&nbsp;<\/p>\n<p><strong>RIO (Triton Sunburst)<\/strong><br \/>\n<strong>Les Paul Inspiration <\/strong><\/p>\n<p>To all guitarists and MJF fans out there: this new limited series is made for you! The Montreux Jazz Festival unveils its very first collection of electric guitars. Inspired by the most iconic designs, the six models each feature custom-made pickups manufactured in Switzerland. Each guitar is branded with the official logo of the Festival and named after a city that has hosted an international edition of the MJF.<\/p>\n<p>Throughout its history, the Montreux Jazz Festival has played host to the greatests guitarists, from jazz virtuosos and blues legends to rock\u2019s finest guitar heroes. These include Carlos Santana, Eric Clapton, Stevie Ray Vaughan, Jeff Beck, Jimmy Page, B.B. King, Paco de Lucia and this year, Buddy Guy, Joe Bonamassa and Pat Metheny.<\/p>\n<p>Inspired by this legacy, the Montreux Jazz Festival is finally launching its own collection of guitars, celebrating the designs that have forged the history of this instrument.<\/p>\n<p><em>Thank you to the initiator of this wonderful project, <strong>Guitar\u2019s Caf\u00e9<\/strong> and the <strong>Mazenauer family<\/strong>, without whom this collection would not have been possible. Guitar\u2019s Caf\u00e9 has been involved with the Festival for several years, supplying guitars to some of the artists performing at the Montreux Jazz Festival.<\/em><br \/>\n<em>Thanks also to Hugo Sierro in Sion for the custom pickups.<\/em><\/p>\n","protected":false},"featured_media":1165,"template":"","meta":{"_acf_changed":false},"artist":[],"artist-category":[],"edition":[162],"product_brand":[],"product_cat":[351,315],"product_tag":[],"class_list":{"0":"post-3611","1":"product","2":"type-product","3":"status-publish","4":"has-post-thumbnail","6":"edition-162","7":"product_cat-guitars","8":"product_cat-music","10":"first","11":"outofstock","12":"sold-individually","13":"taxable","14":"shipping-taxable","15":"purchasable","16":"product-type-simple"},"bundled_by":[],"bundle_stock_status":"outofstock","bundle_stock_quantity":0,"bundle_virtual":false,"bundle_layout":"","bundle_add_to_cart_form_location":"","bundle_editable_in_cart":false,"bundle_sold_individually_context":"","bundle_item_grouping":"","bundle_min_size":"","bundle_max_size":"","bundle_price":[],"bundled_items":[],"bundle_sell_ids":[],"acf":[],"yoast_head":"<!-- This site is optimized with the Yoast SEO Premium plugin v26.4 (Yoast SEO v27.4) - https:\/\/yoast.com\/product\/yoast-seo-premium-wordpress\/ -->\n<title>Rio, Guitar Collection, Limited Series - Montreux Jazz Festival Shop<\/title>\n<meta name=\"description\" content=\"Electric guitar collection Montreux Jazz Music Festival, RIO limited edition only 10 pieces, from Inspiration Les Paul. A Guitar&#039;s Caf\u00e9 collaboration\" \/>\n<meta name=\"robots\" content=\"index, follow, max-snippet:-1, max-image-preview:large, max-video-preview:-1\" \/>\n<link rel=\"canonical\" href=\"https:\/\/www.montreuxjazzshop.com\/en\/shop\/music\/guitars\/rio-guitar-collection-limited-series\/\" \/>\n<meta property=\"og:locale\" content=\"en_US\" \/>\n<meta property=\"og:type\" content=\"article\" \/>\n<meta property=\"og:title\" content=\"Rio, Guitar Collection, Limited Series\" \/>\n<meta property=\"og:description\" content=\"Electric guitar collection Montreux Jazz Music Festival, RIO limited edition only 10 pieces, from Inspiration Les Paul. A Guitar&#039;s Caf\u00e9 collaboration\" \/>\n<meta property=\"og:url\" content=\"https:\/\/www.montreuxjazzshop.com\/en\/shop\/music\/guitars\/rio-guitar-collection-limited-series\/\" \/>\n<meta property=\"og:site_name\" content=\"Montreux Jazz Festival Shop\" \/>\n<meta property=\"article:publisher\" content=\"https:\/\/www.facebook.com\/montreuxjazzfestival\" \/>\n<meta property=\"article:modified_time\" content=\"2025-09-11T13:37:01+00:00\" \/>\n<meta property=\"og:image\" content=\"https:\/\/www.montreuxjazzshop.com\/wp-content\/uploads\/2025\/05\/MJF23-Guitar-Collection-RIO-1.jpg\" \/>\n\t<meta property=\"og:image:width\" content=\"1500\" \/>\n\t<meta property=\"og:image:height\" content=\"1500\" \/>\n\t<meta property=\"og:image:type\" content=\"image\/jpeg\" \/>\n<meta name=\"twitter:card\" content=\"summary_large_image\" \/>\n<meta name=\"twitter:site\" content=\"@MontreuxJazz\" \/>\n<script type=\"application\/ld+json\" class=\"yoast-schema-graph\">{\"@context\":\"https:\\\/\\\/schema.org\",\"@graph\":[{\"@type\":\"WebPage\",\"@id\":\"https:\\\/\\\/www.montreuxjazzshop.com\\\/en\\\/shop\\\/music\\\/guitars\\\/rio-guitar-collection-limited-series\\\/\",\"url\":\"https:\\\/\\\/www.montreuxjazzshop.com\\\/en\\\/shop\\\/music\\\/guitars\\\/rio-guitar-collection-limited-series\\\/\",\"name\":\"Rio, Guitar Collection, Limited Series - Montreux Jazz Festival Shop\",\"isPartOf\":{\"@id\":\"https:\\\/\\\/www.montreuxjazzshop.com\\\/en\\\/#website\"},\"primaryImageOfPage\":{\"@id\":\"https:\\\/\\\/www.montreuxjazzshop.com\\\/en\\\/shop\\\/music\\\/guitars\\\/rio-guitar-collection-limited-series\\\/#primaryimage\"},\"image\":{\"@id\":\"https:\\\/\\\/www.montreuxjazzshop.com\\\/en\\\/shop\\\/music\\\/guitars\\\/rio-guitar-collection-limited-series\\\/#primaryimage\"},\"thumbnailUrl\":\"https:\\\/\\\/www.montreuxjazzshop.com\\\/wp-content\\\/uploads\\\/2025\\\/05\\\/MJF23-Guitar-Collection-RIO-1.jpg\",\"datePublished\":\"2025-09-11T13:20:55+00:00\",\"dateModified\":\"2025-09-11T13:37:01+00:00\",\"description\":\"Electric guitar collection Montreux Jazz Music Festival, RIO limited edition only 10 pieces, from Inspiration Les Paul. A Guitar's Caf\u00e9 collaboration\",\"breadcrumb\":{\"@id\":\"https:\\\/\\\/www.montreuxjazzshop.com\\\/en\\\/shop\\\/music\\\/guitars\\\/rio-guitar-collection-limited-series\\\/#breadcrumb\"},\"inLanguage\":\"en-US\",\"potentialAction\":[{\"@type\":\"ReadAction\",\"target\":[\"https:\\\/\\\/www.montreuxjazzshop.com\\\/en\\\/shop\\\/music\\\/guitars\\\/rio-guitar-collection-limited-series\\\/\"]}]},{\"@type\":\"ImageObject\",\"inLanguage\":\"en-US\",\"@id\":\"https:\\\/\\\/www.montreuxjazzshop.com\\\/en\\\/shop\\\/music\\\/guitars\\\/rio-guitar-collection-limited-series\\\/#primaryimage\",\"url\":\"https:\\\/\\\/www.montreuxjazzshop.com\\\/wp-content\\\/uploads\\\/2025\\\/05\\\/MJF23-Guitar-Collection-RIO-1.jpg\",\"contentUrl\":\"https:\\\/\\\/www.montreuxjazzshop.com\\\/wp-content\\\/uploads\\\/2025\\\/05\\\/MJF23-Guitar-Collection-RIO-1.jpg\",\"width\":1500,\"height\":1500,\"caption\":\"Le Rio, Guitar Collection, S\u00e9rie limit\u00e9e est pr\u00e9sent\u00e9 sur un stand au Montreux Jazz, centr\u00e9 sur la sc\u00e8ne avec deux grandes enceintes et des lumi\u00e8res de sc\u00e8ne brillantes en arri\u00e8re-plan.\"},{\"@type\":\"BreadcrumbList\",\"@id\":\"https:\\\/\\\/www.montreuxjazzshop.com\\\/en\\\/shop\\\/music\\\/guitars\\\/rio-guitar-collection-limited-series\\\/#breadcrumb\",\"itemListElement\":[{\"@type\":\"ListItem\",\"position\":1,\"name\":\"Accueil\",\"item\":\"https:\\\/\\\/www.montreuxjazzshop.com\\\/en\\\/\"},{\"@type\":\"ListItem\",\"position\":2,\"name\":\"Shop\",\"item\":\"https:\\\/\\\/www.montreuxjazzshop.com\\\/en\\\/shop\\\/\"},{\"@type\":\"ListItem\",\"position\":3,\"name\":\"Rio, Guitar Collection, Limited Series\"}]},{\"@type\":\"WebSite\",\"@id\":\"https:\\\/\\\/www.montreuxjazzshop.com\\\/en\\\/#website\",\"url\":\"https:\\\/\\\/www.montreuxjazzshop.com\\\/en\\\/\",\"name\":\"Montreux Jazz Shop\",\"description\":\"The Montreux Jazz Festival shop\",\"potentialAction\":[{\"@type\":\"SearchAction\",\"target\":{\"@type\":\"EntryPoint\",\"urlTemplate\":\"https:\\\/\\\/www.montreuxjazzshop.com\\\/en\\\/?s={search_term_string}\"},\"query-input\":{\"@type\":\"PropertyValueSpecification\",\"valueRequired\":true,\"valueName\":\"search_term_string\"}}],\"inLanguage\":\"en-US\"}]}<\/script>\n<meta property=\"product:price:amount\" content=\"790.00\" \/>\n<meta property=\"product:price:currency\" content=\"CHF\" \/>\n<meta property=\"og:availability\" content=\"out of stock\" \/>\n<meta property=\"product:availability\" content=\"out of stock\" \/>\n<meta property=\"product:retailer_item_id\" content=\"6500200502023\" \/>\n<meta property=\"product:condition\" content=\"new\" \/>\n<!-- \/ Yoast SEO Premium plugin. -->","yoast_head_json":{"title":"Rio, Guitar Collection, Limited Series - Montreux Jazz Festival Shop","description":"Electric guitar collection Montreux Jazz Music Festival, RIO limited edition only 10 pieces, from Inspiration Les Paul. A Guitar's Caf\u00e9 collaboration","robots":{"index":"index","follow":"follow","max-snippet":"max-snippet:-1","max-image-preview":"max-image-preview:large","max-video-preview":"max-video-preview:-1"},"canonical":"https:\/\/www.montreuxjazzshop.com\/en\/shop\/music\/guitars\/rio-guitar-collection-limited-series\/","og_locale":"en_US","og_type":"article","og_title":"Rio, Guitar Collection, Limited Series","og_description":"Electric guitar collection Montreux Jazz Music Festival, RIO limited edition only 10 pieces, from Inspiration Les Paul. A Guitar's Caf\u00e9 collaboration","og_url":"https:\/\/www.montreuxjazzshop.com\/en\/shop\/music\/guitars\/rio-guitar-collection-limited-series\/","og_site_name":"Montreux Jazz Festival Shop","article_publisher":"https:\/\/www.facebook.com\/montreuxjazzfestival","article_modified_time":"2025-09-11T13:37:01+00:00","og_image":[{"width":1500,"height":1500,"url":"https:\/\/www.montreuxjazzshop.com\/wp-content\/uploads\/2025\/05\/MJF23-Guitar-Collection-RIO-1.jpg","type":"image\/jpeg"}],"twitter_card":"summary_large_image","twitter_site":"@MontreuxJazz","schema":{"@context":"https:\/\/schema.org","@graph":[{"@type":"WebPage","@id":"https:\/\/www.montreuxjazzshop.com\/en\/shop\/music\/guitars\/rio-guitar-collection-limited-series\/","url":"https:\/\/www.montreuxjazzshop.com\/en\/shop\/music\/guitars\/rio-guitar-collection-limited-series\/","name":"Rio, Guitar Collection, Limited Series - Montreux Jazz Festival Shop","isPartOf":{"@id":"https:\/\/www.montreuxjazzshop.com\/en\/#website"},"primaryImageOfPage":{"@id":"https:\/\/www.montreuxjazzshop.com\/en\/shop\/music\/guitars\/rio-guitar-collection-limited-series\/#primaryimage"},"image":{"@id":"https:\/\/www.montreuxjazzshop.com\/en\/shop\/music\/guitars\/rio-guitar-collection-limited-series\/#primaryimage"},"thumbnailUrl":"https:\/\/www.montreuxjazzshop.com\/wp-content\/uploads\/2025\/05\/MJF23-Guitar-Collection-RIO-1.jpg","datePublished":"2025-09-11T13:20:55+00:00","dateModified":"2025-09-11T13:37:01+00:00","description":"Electric guitar collection Montreux Jazz Music Festival, RIO limited edition only 10 pieces, from Inspiration Les Paul. A Guitar's Caf\u00e9 collaboration","breadcrumb":{"@id":"https:\/\/www.montreuxjazzshop.com\/en\/shop\/music\/guitars\/rio-guitar-collection-limited-series\/#breadcrumb"},"inLanguage":"en-US","potentialAction":[{"@type":"ReadAction","target":["https:\/\/www.montreuxjazzshop.com\/en\/shop\/music\/guitars\/rio-guitar-collection-limited-series\/"]}]},{"@type":"ImageObject","inLanguage":"en-US","@id":"https:\/\/www.montreuxjazzshop.com\/en\/shop\/music\/guitars\/rio-guitar-collection-limited-series\/#primaryimage","url":"https:\/\/www.montreuxjazzshop.com\/wp-content\/uploads\/2025\/05\/MJF23-Guitar-Collection-RIO-1.jpg","contentUrl":"https:\/\/www.montreuxjazzshop.com\/wp-content\/uploads\/2025\/05\/MJF23-Guitar-Collection-RIO-1.jpg","width":1500,"height":1500,"caption":"Le Rio, Guitar Collection, S\u00e9rie limit\u00e9e est pr\u00e9sent\u00e9 sur un stand au Montreux Jazz, centr\u00e9 sur la sc\u00e8ne avec deux grandes enceintes et des lumi\u00e8res de sc\u00e8ne brillantes en arri\u00e8re-plan."},{"@type":"BreadcrumbList","@id":"https:\/\/www.montreuxjazzshop.com\/en\/shop\/music\/guitars\/rio-guitar-collection-limited-series\/#breadcrumb","itemListElement":[{"@type":"ListItem","position":1,"name":"Accueil","item":"https:\/\/www.montreuxjazzshop.com\/en\/"},{"@type":"ListItem","position":2,"name":"Shop","item":"https:\/\/www.montreuxjazzshop.com\/en\/shop\/"},{"@type":"ListItem","position":3,"name":"Rio, Guitar Collection, Limited Series"}]},{"@type":"WebSite","@id":"https:\/\/www.montreuxjazzshop.com\/en\/#website","url":"https:\/\/www.montreuxjazzshop.com\/en\/","name":"Montreux Jazz Shop","description":"The Montreux Jazz Festival shop","potentialAction":[{"@type":"SearchAction","target":{"@type":"EntryPoint","urlTemplate":"https:\/\/www.montreuxjazzshop.com\/en\/?s={search_term_string}"},"query-input":{"@type":"PropertyValueSpecification","valueRequired":true,"valueName":"search_term_string"}}],"inLanguage":"en-US"}]},"product_price_amount":"790.00","product_price_currency":"CHF","og_availability":"out of stock","product_availability":"out of stock","product_retailer_item_id":"6500200502023","product_condition":"new"},"_links":{"self":[{"href":"https:\/\/www.montreuxjazzshop.com\/en\/wp-json\/wp\/v2\/product\/3611","targetHints":{"allow":["GET"]}}],"collection":[{"href":"https:\/\/www.montreuxjazzshop.com\/en\/wp-json\/wp\/v2\/product"}],"about":[{"href":"https:\/\/www.montreuxjazzshop.com\/en\/wp-json\/wp\/v2\/types\/product"}],"wp:featuredmedia":[{"embeddable":true,"href":"https:\/\/www.montreuxjazzshop.com\/en\/wp-json\/wp\/v2\/media\/1165"}],"wp:attachment":[{"href":"https:\/\/www.montreuxjazzshop.com\/en\/wp-json\/wp\/v2\/media?parent=3611"}],"wp:term":[{"taxonomy":"artist","embeddable":true,"href":"https:\/\/www.montreuxjazzshop.com\/en\/wp-json\/wp\/v2\/artist?post=3611"},{"taxonomy":"artist-category","embeddable":true,"href":"https:\/\/www.montreuxjazzshop.com\/en\/wp-json\/wp\/v2\/artist-category?post=3611"},{"taxonomy":"edition","embeddable":true,"href":"https:\/\/www.montreuxjazzshop.com\/en\/wp-json\/wp\/v2\/edition?post=3611"},{"taxonomy":"product_brand","embeddable":true,"href":"https:\/\/www.montreuxjazzshop.com\/en\/wp-json\/wp\/v2\/product_brand?post=3611"},{"taxonomy":"product_cat","embeddable":true,"href":"https:\/\/www.montreuxjazzshop.com\/en\/wp-json\/wp\/v2\/product_cat?post=3611"},{"taxonomy":"product_tag","embeddable":true,"href":"https:\/\/www.montreuxjazzshop.com\/en\/wp-json\/wp\/v2\/product_tag?post=3611"}],"curies":[{"name":"wp","href":"https:\/\/api.w.org\/{rel}","templated":true}]}}