{"id":3610,"date":"2025-12-04T10:10:55","date_gmt":"2025-12-04T09:10:55","guid":{"rendered":"https:\/\/www.montreuxjazzshop.com\/?post_type=product&#038;p=3610"},"modified":"2025-10-15T08:38:52","modified_gmt":"2025-10-15T06:38:52","slug":"miami-acoustic-guitar-limited-serie","status":"publish","type":"product","link":"https:\/\/www.montreuxjazzshop.com\/en\/shop\/music\/guitars\/miami-acoustic-guitar-limited-serie\/","title":{"rendered":"Miami, Electro acoustic guitar, Limited Serie"},"content":{"rendered":"<p><strong>Specifications<\/strong><\/p>\n<ul>\n<li>Body: 41&#8243; Dreadnought Shape<\/li>\n<li>Top: Solid Spruce<\/li>\n<li>Back &amp; Side: Mahogany<\/li>\n<li>Finish: Vintage Satin<\/li>\n<li>Neck: Mahogany<\/li>\n<li>Fingerboard: Rosewood<\/li>\n<li>Bridge: Rosewood<\/li>\n<li>Strings: S.I.T. Phosphor Bronze<\/li>\n<li>Tuner: Open Gear<\/li>\n<li>Nut &amp; Saddle: Bone<\/li>\n<li>Electronic: Piezo FISHMAN 101<\/li>\n<\/ul>\n<p><b>All guitars are supplied with:<\/b><\/p>\n<ul>\n<li style=\"list-style-type: none;\">\n<ul>\n<li>A carry bag<\/li>\n<li>A first service offered at<br \/>\nGuitar\u2019s Caf\u00e9 \u2013 Music Shop, Rue de Bourg 13, 1003 Lausanne<br \/>\n+41 77 417 85 95,\u00a0<a href=\"http:\/\/www.guitarscafe.com\/\">www.guitarscafe.com<\/a><\/li>\n<\/ul>\n<\/li>\n<\/ul>\n","protected":false},"excerpt":{"rendered":"<h3>Montreux Jazz Festival Guitar Collection<\/h3>\n<p>&nbsp;<\/p>\n<p><strong>MIAMI\u00a0<\/strong><br \/>\n<strong>Electro acoustic Guitar<\/strong><br \/>\n<strong>Limited edition of 50 pieces<\/strong><\/p>\n<p>After launching its collection of electric guitars, the Montreux Jazz Festival unveils its very first electro acoustic model. Adorned with the official Festival logo, the MIAMI is named in honor of the most recent city to host an international edition of the MJF.<\/p>\n<p>Throughout its history, the Montreux Jazz Festival has played host to the greatests guitarists, from jazz virtuosos and blues legends to rock\u2019s finest guitar heroes. These include Carlos Santana, Eric Clapton, Stevie Ray Vaughan, Jeff Beck, Jimmy Page, B.B. King, Paco de Lucia and this year, Buddy Guy, Joe Bonamassa and Pat Metheny.<\/p>\n<p>Inspired by this legacy, the Montreux Jazz Festival is finally launching its own collection of guitars, celebrating the designs that have forged the history of this instrument.<\/p>\n<p><em>Thank you to the initiator of this wonderful project,\u00a0<strong>Guitar\u2019s Caf\u00e9<\/strong>\u00a0and the\u00a0<strong>Mazenauer family<\/strong>, without whom this collection would not have been possible. Guitar\u2019s Caf\u00e9 has been involved with the Festival for several years, supplying guitars to some of the artists performing at the Montreux Jazz Festival.<\/em><\/p>\n","protected":false},"featured_media":5913,"template":"","meta":{"_acf_changed":false},"artist":[],"artist-category":[],"edition":[163],"product_brand":[],"product_cat":[351,486,315],"product_tag":[],"class_list":{"0":"post-3610","1":"product","2":"type-product","3":"status-publish","4":"has-post-thumbnail","6":"edition-163","7":"product_cat-guitars","8":"product_cat-highlights","9":"product_cat-music","10":"product_shipping_class-enceinte-pr-01","12":"first","13":"instock","14":"sold-individually","15":"taxable","16":"shipping-taxable","17":"purchasable","18":"product-type-simple"},"bundled_by":[],"bundle_stock_status":"instock","bundle_stock_quantity":12,"bundle_virtual":false,"bundle_layout":"","bundle_add_to_cart_form_location":"","bundle_editable_in_cart":false,"bundle_sold_individually_context":"","bundle_item_grouping":"","bundle_min_size":"","bundle_max_size":"","bundle_price":[],"bundled_items":[],"bundle_sell_ids":[],"acf":[],"yoast_head":"<!-- This site is optimized with the Yoast SEO Premium plugin v26.4 (Yoast SEO v27.4) - https:\/\/yoast.com\/product\/yoast-seo-premium-wordpress\/ -->\n<title>Miami, Electro acoustic guitar, Limited Serie - Montreux Jazz Festival Shop<\/title>\n<meta name=\"description\" content=\"Guitare electro acoustique Montreux Jazz Music Festival, S\u00e9rie limit\u00e9e Miami. Collaboration Guitar&#039;s Caf\u00e9. B.B. King Paco de Lucia Carlos Santana Jeff Beck\" \/>\n<meta name=\"robots\" content=\"index, follow, max-snippet:-1, max-image-preview:large, max-video-preview:-1\" \/>\n<link rel=\"canonical\" href=\"https:\/\/www.montreuxjazzshop.com\/en\/shop\/music\/guitars\/miami-acoustic-guitar-limited-serie\/\" \/>\n<meta property=\"og:locale\" content=\"en_US\" \/>\n<meta property=\"og:type\" content=\"article\" \/>\n<meta property=\"og:title\" content=\"Miami, Electro acoustic guitar, Limited Serie\" \/>\n<meta property=\"og:description\" content=\"Guitare electro acoustique Montreux Jazz Music Festival, S\u00e9rie limit\u00e9e Miami. Collaboration Guitar&#039;s Caf\u00e9. B.B. King Paco de Lucia Carlos Santana Jeff Beck\" \/>\n<meta property=\"og:url\" content=\"https:\/\/www.montreuxjazzshop.com\/en\/shop\/music\/guitars\/miami-acoustic-guitar-limited-serie\/\" \/>\n<meta property=\"og:site_name\" content=\"Montreux Jazz Festival Shop\" \/>\n<meta property=\"article:publisher\" content=\"https:\/\/www.facebook.com\/montreuxjazzfestival\" \/>\n<meta property=\"og:image\" content=\"https:\/\/www.montreuxjazzshop.com\/wp-content\/uploads\/2025\/05\/MJF24-Guitar-Electro-Acoustique-MIAMI-05.jpg\" \/>\n\t<meta property=\"og:image:width\" content=\"1500\" \/>\n\t<meta property=\"og:image:height\" content=\"1500\" \/>\n\t<meta property=\"og:image:type\" content=\"image\/jpeg\" \/>\n<meta name=\"twitter:card\" content=\"summary_large_image\" \/>\n<meta name=\"twitter:site\" content=\"@MontreuxJazz\" \/>\n<script type=\"application\/ld+json\" class=\"yoast-schema-graph\">{\"@context\":\"https:\\\/\\\/schema.org\",\"@graph\":[{\"@type\":\"WebPage\",\"@id\":\"https:\\\/\\\/www.montreuxjazzshop.com\\\/en\\\/shop\\\/music\\\/guitars\\\/miami-acoustic-guitar-limited-serie\\\/\",\"url\":\"https:\\\/\\\/www.montreuxjazzshop.com\\\/en\\\/shop\\\/music\\\/guitars\\\/miami-acoustic-guitar-limited-serie\\\/\",\"name\":\"Miami, Electro acoustic guitar, Limited Serie - Montreux Jazz Festival Shop\",\"isPartOf\":{\"@id\":\"https:\\\/\\\/www.montreuxjazzshop.com\\\/en\\\/#website\"},\"primaryImageOfPage\":{\"@id\":\"https:\\\/\\\/www.montreuxjazzshop.com\\\/en\\\/shop\\\/music\\\/guitars\\\/miami-acoustic-guitar-limited-serie\\\/#primaryimage\"},\"image\":{\"@id\":\"https:\\\/\\\/www.montreuxjazzshop.com\\\/en\\\/shop\\\/music\\\/guitars\\\/miami-acoustic-guitar-limited-serie\\\/#primaryimage\"},\"thumbnailUrl\":\"https:\\\/\\\/www.montreuxjazzshop.com\\\/wp-content\\\/uploads\\\/2025\\\/05\\\/MJF24-Guitar-Electro-Acoustique-MIAMI-05.jpg\",\"datePublished\":\"2025-12-04T09:10:55+00:00\",\"description\":\"Guitare electro acoustique Montreux Jazz Music Festival, S\u00e9rie limit\u00e9e Miami. Collaboration Guitar's Caf\u00e9. B.B. King Paco de Lucia Carlos Santana Jeff Beck\",\"breadcrumb\":{\"@id\":\"https:\\\/\\\/www.montreuxjazzshop.com\\\/en\\\/shop\\\/music\\\/guitars\\\/miami-acoustic-guitar-limited-serie\\\/#breadcrumb\"},\"inLanguage\":\"en-US\",\"potentialAction\":[{\"@type\":\"ReadAction\",\"target\":[\"https:\\\/\\\/www.montreuxjazzshop.com\\\/en\\\/shop\\\/music\\\/guitars\\\/miami-acoustic-guitar-limited-serie\\\/\"]}]},{\"@type\":\"ImageObject\",\"inLanguage\":\"en-US\",\"@id\":\"https:\\\/\\\/www.montreuxjazzshop.com\\\/en\\\/shop\\\/music\\\/guitars\\\/miami-acoustic-guitar-limited-serie\\\/#primaryimage\",\"url\":\"https:\\\/\\\/www.montreuxjazzshop.com\\\/wp-content\\\/uploads\\\/2025\\\/05\\\/MJF24-Guitar-Electro-Acoustique-MIAMI-05.jpg\",\"contentUrl\":\"https:\\\/\\\/www.montreuxjazzshop.com\\\/wp-content\\\/uploads\\\/2025\\\/05\\\/MJF24-Guitar-Electro-Acoustique-MIAMI-05.jpg\",\"width\":1500,\"height\":1500,\"caption\":\"A person with curly hair and glasses plays a Miami Electro Acoustic Guitar Limited Serie outdoors, wearing a black sweater and shirt, with a stage and metal structures in the background.\"},{\"@type\":\"BreadcrumbList\",\"@id\":\"https:\\\/\\\/www.montreuxjazzshop.com\\\/en\\\/shop\\\/music\\\/guitars\\\/miami-acoustic-guitar-limited-serie\\\/#breadcrumb\",\"itemListElement\":[{\"@type\":\"ListItem\",\"position\":1,\"name\":\"Accueil\",\"item\":\"https:\\\/\\\/www.montreuxjazzshop.com\\\/en\\\/\"},{\"@type\":\"ListItem\",\"position\":2,\"name\":\"Shop\",\"item\":\"https:\\\/\\\/www.montreuxjazzshop.com\\\/en\\\/shop\\\/\"},{\"@type\":\"ListItem\",\"position\":3,\"name\":\"Miami, Electro acoustic guitar, Limited Serie\"}]},{\"@type\":\"WebSite\",\"@id\":\"https:\\\/\\\/www.montreuxjazzshop.com\\\/en\\\/#website\",\"url\":\"https:\\\/\\\/www.montreuxjazzshop.com\\\/en\\\/\",\"name\":\"Montreux Jazz Shop\",\"description\":\"The Montreux Jazz Festival shop\",\"potentialAction\":[{\"@type\":\"SearchAction\",\"target\":{\"@type\":\"EntryPoint\",\"urlTemplate\":\"https:\\\/\\\/www.montreuxjazzshop.com\\\/en\\\/?s={search_term_string}\"},\"query-input\":{\"@type\":\"PropertyValueSpecification\",\"valueRequired\":true,\"valueName\":\"search_term_string\"}}],\"inLanguage\":\"en-US\"}]}<\/script>\n<meta property=\"product:price:amount\" content=\"790.00\" \/>\n<meta property=\"product:price:currency\" content=\"CHF\" \/>\n<meta property=\"og:availability\" content=\"instock\" \/>\n<meta property=\"product:availability\" content=\"instock\" \/>\n<meta property=\"product:retailer_item_id\" content=\"6500300002024\" \/>\n<meta property=\"product:condition\" content=\"new\" \/>\n<!-- \/ Yoast SEO Premium plugin. -->","yoast_head_json":{"title":"Miami, Electro acoustic guitar, Limited Serie - Montreux Jazz Festival Shop","description":"Guitare electro acoustique Montreux Jazz Music Festival, S\u00e9rie limit\u00e9e Miami. Collaboration Guitar's Caf\u00e9. B.B. King Paco de Lucia Carlos Santana Jeff Beck","robots":{"index":"index","follow":"follow","max-snippet":"max-snippet:-1","max-image-preview":"max-image-preview:large","max-video-preview":"max-video-preview:-1"},"canonical":"https:\/\/www.montreuxjazzshop.com\/en\/shop\/music\/guitars\/miami-acoustic-guitar-limited-serie\/","og_locale":"en_US","og_type":"article","og_title":"Miami, Electro acoustic guitar, Limited Serie","og_description":"Guitare electro acoustique Montreux Jazz Music Festival, S\u00e9rie limit\u00e9e Miami. Collaboration Guitar's Caf\u00e9. B.B. King Paco de Lucia Carlos Santana Jeff Beck","og_url":"https:\/\/www.montreuxjazzshop.com\/en\/shop\/music\/guitars\/miami-acoustic-guitar-limited-serie\/","og_site_name":"Montreux Jazz Festival Shop","article_publisher":"https:\/\/www.facebook.com\/montreuxjazzfestival","og_image":[{"width":1500,"height":1500,"url":"https:\/\/www.montreuxjazzshop.com\/wp-content\/uploads\/2025\/05\/MJF24-Guitar-Electro-Acoustique-MIAMI-05.jpg","type":"image\/jpeg"}],"twitter_card":"summary_large_image","twitter_site":"@MontreuxJazz","schema":{"@context":"https:\/\/schema.org","@graph":[{"@type":"WebPage","@id":"https:\/\/www.montreuxjazzshop.com\/en\/shop\/music\/guitars\/miami-acoustic-guitar-limited-serie\/","url":"https:\/\/www.montreuxjazzshop.com\/en\/shop\/music\/guitars\/miami-acoustic-guitar-limited-serie\/","name":"Miami, Electro acoustic guitar, Limited Serie - Montreux Jazz Festival Shop","isPartOf":{"@id":"https:\/\/www.montreuxjazzshop.com\/en\/#website"},"primaryImageOfPage":{"@id":"https:\/\/www.montreuxjazzshop.com\/en\/shop\/music\/guitars\/miami-acoustic-guitar-limited-serie\/#primaryimage"},"image":{"@id":"https:\/\/www.montreuxjazzshop.com\/en\/shop\/music\/guitars\/miami-acoustic-guitar-limited-serie\/#primaryimage"},"thumbnailUrl":"https:\/\/www.montreuxjazzshop.com\/wp-content\/uploads\/2025\/05\/MJF24-Guitar-Electro-Acoustique-MIAMI-05.jpg","datePublished":"2025-12-04T09:10:55+00:00","description":"Guitare electro acoustique Montreux Jazz Music Festival, S\u00e9rie limit\u00e9e Miami. Collaboration Guitar's Caf\u00e9. B.B. King Paco de Lucia Carlos Santana Jeff Beck","breadcrumb":{"@id":"https:\/\/www.montreuxjazzshop.com\/en\/shop\/music\/guitars\/miami-acoustic-guitar-limited-serie\/#breadcrumb"},"inLanguage":"en-US","potentialAction":[{"@type":"ReadAction","target":["https:\/\/www.montreuxjazzshop.com\/en\/shop\/music\/guitars\/miami-acoustic-guitar-limited-serie\/"]}]},{"@type":"ImageObject","inLanguage":"en-US","@id":"https:\/\/www.montreuxjazzshop.com\/en\/shop\/music\/guitars\/miami-acoustic-guitar-limited-serie\/#primaryimage","url":"https:\/\/www.montreuxjazzshop.com\/wp-content\/uploads\/2025\/05\/MJF24-Guitar-Electro-Acoustique-MIAMI-05.jpg","contentUrl":"https:\/\/www.montreuxjazzshop.com\/wp-content\/uploads\/2025\/05\/MJF24-Guitar-Electro-Acoustique-MIAMI-05.jpg","width":1500,"height":1500,"caption":"A person with curly hair and glasses plays a Miami Electro Acoustic Guitar Limited Serie outdoors, wearing a black sweater and shirt, with a stage and metal structures in the background."},{"@type":"BreadcrumbList","@id":"https:\/\/www.montreuxjazzshop.com\/en\/shop\/music\/guitars\/miami-acoustic-guitar-limited-serie\/#breadcrumb","itemListElement":[{"@type":"ListItem","position":1,"name":"Accueil","item":"https:\/\/www.montreuxjazzshop.com\/en\/"},{"@type":"ListItem","position":2,"name":"Shop","item":"https:\/\/www.montreuxjazzshop.com\/en\/shop\/"},{"@type":"ListItem","position":3,"name":"Miami, Electro acoustic guitar, Limited Serie"}]},{"@type":"WebSite","@id":"https:\/\/www.montreuxjazzshop.com\/en\/#website","url":"https:\/\/www.montreuxjazzshop.com\/en\/","name":"Montreux Jazz Shop","description":"The Montreux Jazz Festival shop","potentialAction":[{"@type":"SearchAction","target":{"@type":"EntryPoint","urlTemplate":"https:\/\/www.montreuxjazzshop.com\/en\/?s={search_term_string}"},"query-input":{"@type":"PropertyValueSpecification","valueRequired":true,"valueName":"search_term_string"}}],"inLanguage":"en-US"}]},"product_price_amount":"790.00","product_price_currency":"CHF","og_availability":"instock","product_availability":"instock","product_retailer_item_id":"6500300002024","product_condition":"new"},"_links":{"self":[{"href":"https:\/\/www.montreuxjazzshop.com\/en\/wp-json\/wp\/v2\/product\/3610","targetHints":{"allow":["GET"]}}],"collection":[{"href":"https:\/\/www.montreuxjazzshop.com\/en\/wp-json\/wp\/v2\/product"}],"about":[{"href":"https:\/\/www.montreuxjazzshop.com\/en\/wp-json\/wp\/v2\/types\/product"}],"wp:featuredmedia":[{"embeddable":true,"href":"https:\/\/www.montreuxjazzshop.com\/en\/wp-json\/wp\/v2\/media\/5913"}],"wp:attachment":[{"href":"https:\/\/www.montreuxjazzshop.com\/en\/wp-json\/wp\/v2\/media?parent=3610"}],"wp:term":[{"taxonomy":"artist","embeddable":true,"href":"https:\/\/www.montreuxjazzshop.com\/en\/wp-json\/wp\/v2\/artist?post=3610"},{"taxonomy":"artist-category","embeddable":true,"href":"https:\/\/www.montreuxjazzshop.com\/en\/wp-json\/wp\/v2\/artist-category?post=3610"},{"taxonomy":"edition","embeddable":true,"href":"https:\/\/www.montreuxjazzshop.com\/en\/wp-json\/wp\/v2\/edition?post=3610"},{"taxonomy":"product_brand","embeddable":true,"href":"https:\/\/www.montreuxjazzshop.com\/en\/wp-json\/wp\/v2\/product_brand?post=3610"},{"taxonomy":"product_cat","embeddable":true,"href":"https:\/\/www.montreuxjazzshop.com\/en\/wp-json\/wp\/v2\/product_cat?post=3610"},{"taxonomy":"product_tag","embeddable":true,"href":"https:\/\/www.montreuxjazzshop.com\/en\/wp-json\/wp\/v2\/product_tag?post=3610"}],"curies":[{"name":"wp","href":"https:\/\/api.w.org\/{rel}","templated":true}]}}