{"id":3562,"date":"2025-09-11T15:20:39","date_gmt":"2025-09-11T13:20:39","guid":{"rendered":"https:\/\/www.montreuxjazzshop.com\/?post_type=product&#038;p=3562"},"modified":"2025-09-11T15:36:57","modified_gmt":"2025-09-11T13:36:57","slug":"t-shirt-guillaume-supakitch-grando-2023","status":"publish","type":"product","link":"https:\/\/www.montreuxjazzshop.com\/en\/shop\/fabrics\/t-shirt-guillaume-supakitch-grando-2023\/","title":{"rendered":"T-Shirt Guillaume &#8220;SupaKitch&#8221; Grando, 2023"},"content":{"rendered":"<ul>\n<li>Material: 100% cotton<\/li>\n<\/ul>\n","protected":false},"excerpt":{"rendered":"<p>This t-shirt is part of the Guillaume Grando, alias SupaKitch collection. The French multidisciplinary artist honours Lake Geneva, so emblematic of the image and history of the Festival. The work depicts the night-time ripples of Lake Geneva, illuminated by the event\u2019s lively waterfront.<\/p>\n<p><a href=\"https:\/\/www.montreuxjazzshop.com\/en\/boutique\/fabrics\/t-shirts\/t-shirt-guillaume-supakitch-grando-2023\/\">More about the artist<\/a><\/p>\n","protected":false},"featured_media":1091,"template":"","meta":{"_acf_changed":false},"artist":[],"artist-category":[],"edition":[162],"product_brand":[],"product_cat":[314,472],"product_tag":[],"class_list":{"0":"post-3562","1":"product","2":"type-product","3":"status-publish","4":"has-post-thumbnail","6":"edition-162","7":"product_cat-fabrics","8":"product_cat-t-shirts","9":"product_shipping_class-accessoires-et-textile","11":"first","12":"instock","13":"taxable","14":"shipping-taxable","15":"product-type-variable","16":"wvs-archive-product-wrapper"},"bundled_by":[],"bundle_stock_status":"instock","bundle_stock_quantity":null,"bundle_virtual":false,"bundle_layout":"","bundle_add_to_cart_form_location":"","bundle_editable_in_cart":false,"bundle_sold_individually_context":"","bundle_item_grouping":"","bundle_min_size":"","bundle_max_size":"","bundle_price":[],"bundled_items":[],"bundle_sell_ids":[],"acf":[],"yoast_head":"<!-- This site is optimized with the Yoast SEO Premium plugin v26.4 (Yoast SEO v27.4) - https:\/\/yoast.com\/product\/yoast-seo-premium-wordpress\/ -->\n<title>T-Shirt Guillaume &quot;SupaKitch&quot; Grando, 2023 - Montreux Jazz Festival Shop<\/title>\n<meta name=\"description\" content=\"T-Shirt Supakitch Montreux Jazz Festival. The French artist honours Lake Geneva, so emblematic of the image and history of the Festival. Night Life.\" \/>\n<meta name=\"robots\" content=\"index, follow, max-snippet:-1, max-image-preview:large, max-video-preview:-1\" \/>\n<link rel=\"canonical\" href=\"https:\/\/www.montreuxjazzshop.com\/en\/shop\/fabrics\/t-shirt-guillaume-supakitch-grando-2023\/\" \/>\n<meta property=\"og:locale\" content=\"en_US\" \/>\n<meta property=\"og:type\" content=\"article\" \/>\n<meta property=\"og:title\" content=\"T-Shirt Guillaume &quot;SupaKitch&quot; Grando, 2023\" \/>\n<meta property=\"og:description\" content=\"T-Shirt Supakitch Montreux Jazz Festival. The French artist honours Lake Geneva, so emblematic of the image and history of the Festival. Night Life.\" \/>\n<meta property=\"og:url\" content=\"https:\/\/www.montreuxjazzshop.com\/en\/shop\/fabrics\/t-shirt-guillaume-supakitch-grando-2023\/\" \/>\n<meta property=\"og:site_name\" content=\"Montreux Jazz Festival Shop\" \/>\n<meta property=\"article:publisher\" content=\"https:\/\/www.facebook.com\/montreuxjazzfestival\" \/>\n<meta property=\"article:modified_time\" content=\"2025-09-11T13:36:57+00:00\" \/>\n<meta property=\"og:image\" content=\"https:\/\/www.montreuxjazzshop.com\/wp-content\/uploads\/2025\/05\/MJF23-Tshirt-Collection-2023-1.jpg\" \/>\n\t<meta property=\"og:image:width\" content=\"2000\" \/>\n\t<meta property=\"og:image:height\" content=\"2001\" \/>\n\t<meta property=\"og:image:type\" content=\"image\/jpeg\" \/>\n<meta name=\"twitter:card\" content=\"summary_large_image\" \/>\n<meta name=\"twitter:site\" content=\"@MontreuxJazz\" \/>\n<script type=\"application\/ld+json\" class=\"yoast-schema-graph\">{\"@context\":\"https:\\\/\\\/schema.org\",\"@graph\":[{\"@type\":\"WebPage\",\"@id\":\"https:\\\/\\\/www.montreuxjazzshop.com\\\/en\\\/shop\\\/fabrics\\\/t-shirt-guillaume-supakitch-grando-2023\\\/\",\"url\":\"https:\\\/\\\/www.montreuxjazzshop.com\\\/en\\\/shop\\\/fabrics\\\/t-shirt-guillaume-supakitch-grando-2023\\\/\",\"name\":\"T-Shirt Guillaume \\\"SupaKitch\\\" Grando, 2023 - Montreux Jazz Festival Shop\",\"isPartOf\":{\"@id\":\"https:\\\/\\\/www.montreuxjazzshop.com\\\/en\\\/#website\"},\"primaryImageOfPage\":{\"@id\":\"https:\\\/\\\/www.montreuxjazzshop.com\\\/en\\\/shop\\\/fabrics\\\/t-shirt-guillaume-supakitch-grando-2023\\\/#primaryimage\"},\"image\":{\"@id\":\"https:\\\/\\\/www.montreuxjazzshop.com\\\/en\\\/shop\\\/fabrics\\\/t-shirt-guillaume-supakitch-grando-2023\\\/#primaryimage\"},\"thumbnailUrl\":\"https:\\\/\\\/www.montreuxjazzshop.com\\\/wp-content\\\/uploads\\\/2025\\\/05\\\/MJF23-Tshirt-Collection-2023-1.jpg\",\"datePublished\":\"2025-09-11T13:20:39+00:00\",\"dateModified\":\"2025-09-11T13:36:57+00:00\",\"description\":\"T-Shirt Supakitch Montreux Jazz Festival. The French artist honours Lake Geneva, so emblematic of the image and history of the Festival. Night Life.\",\"breadcrumb\":{\"@id\":\"https:\\\/\\\/www.montreuxjazzshop.com\\\/en\\\/shop\\\/fabrics\\\/t-shirt-guillaume-supakitch-grando-2023\\\/#breadcrumb\"},\"inLanguage\":\"en-US\",\"potentialAction\":[{\"@type\":\"ReadAction\",\"target\":[\"https:\\\/\\\/www.montreuxjazzshop.com\\\/en\\\/shop\\\/fabrics\\\/t-shirt-guillaume-supakitch-grando-2023\\\/\"]}]},{\"@type\":\"ImageObject\",\"inLanguage\":\"en-US\",\"@id\":\"https:\\\/\\\/www.montreuxjazzshop.com\\\/en\\\/shop\\\/fabrics\\\/t-shirt-guillaume-supakitch-grando-2023\\\/#primaryimage\",\"url\":\"https:\\\/\\\/www.montreuxjazzshop.com\\\/wp-content\\\/uploads\\\/2025\\\/05\\\/MJF23-Tshirt-Collection-2023-1.jpg\",\"contentUrl\":\"https:\\\/\\\/www.montreuxjazzshop.com\\\/wp-content\\\/uploads\\\/2025\\\/05\\\/MJF23-Tshirt-Collection-2023-1.jpg\",\"width\":2000,\"height\":2001,\"caption\":\"Deux personnes se tiennent c\u00f4te \u00e0 c\u00f4te et portent des t-shirts blancs assortis aux motifs de Guillaume \\\"SupaKitch\\\" Grando, 2023, avec un lettrage textur\u00e9 vert portant la mention \\\"57 Montreux Jazz Festival, 30 juin - 15 juillet 2023\\\". Leurs visages sont partiellement hors champ.\"},{\"@type\":\"BreadcrumbList\",\"@id\":\"https:\\\/\\\/www.montreuxjazzshop.com\\\/en\\\/shop\\\/fabrics\\\/t-shirt-guillaume-supakitch-grando-2023\\\/#breadcrumb\",\"itemListElement\":[{\"@type\":\"ListItem\",\"position\":1,\"name\":\"Accueil\",\"item\":\"https:\\\/\\\/www.montreuxjazzshop.com\\\/en\\\/\"},{\"@type\":\"ListItem\",\"position\":2,\"name\":\"Shop\",\"item\":\"https:\\\/\\\/www.montreuxjazzshop.com\\\/en\\\/shop\\\/\"},{\"@type\":\"ListItem\",\"position\":3,\"name\":\"T-Shirt Guillaume \u00ab\u00a0SupaKitch\u00a0\u00bb Grando, 2023\"}]},{\"@type\":\"WebSite\",\"@id\":\"https:\\\/\\\/www.montreuxjazzshop.com\\\/en\\\/#website\",\"url\":\"https:\\\/\\\/www.montreuxjazzshop.com\\\/en\\\/\",\"name\":\"Montreux Jazz Shop\",\"description\":\"The Montreux Jazz Festival shop\",\"potentialAction\":[{\"@type\":\"SearchAction\",\"target\":{\"@type\":\"EntryPoint\",\"urlTemplate\":\"https:\\\/\\\/www.montreuxjazzshop.com\\\/en\\\/?s={search_term_string}\"},\"query-input\":{\"@type\":\"PropertyValueSpecification\",\"valueRequired\":true,\"valueName\":\"search_term_string\"}}],\"inLanguage\":\"en-US\"}]}<\/script>\n<meta property=\"og:availability\" content=\"instock\" \/>\n<meta property=\"product:availability\" content=\"instock\" \/>\n<meta property=\"product:retailer_item_id\" content=\"2020000502023\" \/>\n<meta property=\"product:condition\" content=\"new\" \/>\n<!-- \/ Yoast SEO Premium plugin. -->","yoast_head_json":{"title":"T-Shirt Guillaume \"SupaKitch\" Grando, 2023 - Montreux Jazz Festival Shop","description":"T-Shirt Supakitch Montreux Jazz Festival. The French artist honours Lake Geneva, so emblematic of the image and history of the Festival. Night Life.","robots":{"index":"index","follow":"follow","max-snippet":"max-snippet:-1","max-image-preview":"max-image-preview:large","max-video-preview":"max-video-preview:-1"},"canonical":"https:\/\/www.montreuxjazzshop.com\/en\/shop\/fabrics\/t-shirt-guillaume-supakitch-grando-2023\/","og_locale":"en_US","og_type":"article","og_title":"T-Shirt Guillaume \"SupaKitch\" Grando, 2023","og_description":"T-Shirt Supakitch Montreux Jazz Festival. The French artist honours Lake Geneva, so emblematic of the image and history of the Festival. Night Life.","og_url":"https:\/\/www.montreuxjazzshop.com\/en\/shop\/fabrics\/t-shirt-guillaume-supakitch-grando-2023\/","og_site_name":"Montreux Jazz Festival Shop","article_publisher":"https:\/\/www.facebook.com\/montreuxjazzfestival","article_modified_time":"2025-09-11T13:36:57+00:00","og_image":[{"width":2000,"height":2001,"url":"https:\/\/www.montreuxjazzshop.com\/wp-content\/uploads\/2025\/05\/MJF23-Tshirt-Collection-2023-1.jpg","type":"image\/jpeg"}],"twitter_card":"summary_large_image","twitter_site":"@MontreuxJazz","schema":{"@context":"https:\/\/schema.org","@graph":[{"@type":"WebPage","@id":"https:\/\/www.montreuxjazzshop.com\/en\/shop\/fabrics\/t-shirt-guillaume-supakitch-grando-2023\/","url":"https:\/\/www.montreuxjazzshop.com\/en\/shop\/fabrics\/t-shirt-guillaume-supakitch-grando-2023\/","name":"T-Shirt Guillaume \"SupaKitch\" Grando, 2023 - Montreux Jazz Festival Shop","isPartOf":{"@id":"https:\/\/www.montreuxjazzshop.com\/en\/#website"},"primaryImageOfPage":{"@id":"https:\/\/www.montreuxjazzshop.com\/en\/shop\/fabrics\/t-shirt-guillaume-supakitch-grando-2023\/#primaryimage"},"image":{"@id":"https:\/\/www.montreuxjazzshop.com\/en\/shop\/fabrics\/t-shirt-guillaume-supakitch-grando-2023\/#primaryimage"},"thumbnailUrl":"https:\/\/www.montreuxjazzshop.com\/wp-content\/uploads\/2025\/05\/MJF23-Tshirt-Collection-2023-1.jpg","datePublished":"2025-09-11T13:20:39+00:00","dateModified":"2025-09-11T13:36:57+00:00","description":"T-Shirt Supakitch Montreux Jazz Festival. The French artist honours Lake Geneva, so emblematic of the image and history of the Festival. Night Life.","breadcrumb":{"@id":"https:\/\/www.montreuxjazzshop.com\/en\/shop\/fabrics\/t-shirt-guillaume-supakitch-grando-2023\/#breadcrumb"},"inLanguage":"en-US","potentialAction":[{"@type":"ReadAction","target":["https:\/\/www.montreuxjazzshop.com\/en\/shop\/fabrics\/t-shirt-guillaume-supakitch-grando-2023\/"]}]},{"@type":"ImageObject","inLanguage":"en-US","@id":"https:\/\/www.montreuxjazzshop.com\/en\/shop\/fabrics\/t-shirt-guillaume-supakitch-grando-2023\/#primaryimage","url":"https:\/\/www.montreuxjazzshop.com\/wp-content\/uploads\/2025\/05\/MJF23-Tshirt-Collection-2023-1.jpg","contentUrl":"https:\/\/www.montreuxjazzshop.com\/wp-content\/uploads\/2025\/05\/MJF23-Tshirt-Collection-2023-1.jpg","width":2000,"height":2001,"caption":"Deux personnes se tiennent c\u00f4te \u00e0 c\u00f4te et portent des t-shirts blancs assortis aux motifs de Guillaume \"SupaKitch\" Grando, 2023, avec un lettrage textur\u00e9 vert portant la mention \"57 Montreux Jazz Festival, 30 juin - 15 juillet 2023\". Leurs visages sont partiellement hors champ."},{"@type":"BreadcrumbList","@id":"https:\/\/www.montreuxjazzshop.com\/en\/shop\/fabrics\/t-shirt-guillaume-supakitch-grando-2023\/#breadcrumb","itemListElement":[{"@type":"ListItem","position":1,"name":"Accueil","item":"https:\/\/www.montreuxjazzshop.com\/en\/"},{"@type":"ListItem","position":2,"name":"Shop","item":"https:\/\/www.montreuxjazzshop.com\/en\/shop\/"},{"@type":"ListItem","position":3,"name":"T-Shirt Guillaume \u00ab\u00a0SupaKitch\u00a0\u00bb Grando, 2023"}]},{"@type":"WebSite","@id":"https:\/\/www.montreuxjazzshop.com\/en\/#website","url":"https:\/\/www.montreuxjazzshop.com\/en\/","name":"Montreux Jazz Shop","description":"The Montreux Jazz Festival shop","potentialAction":[{"@type":"SearchAction","target":{"@type":"EntryPoint","urlTemplate":"https:\/\/www.montreuxjazzshop.com\/en\/?s={search_term_string}"},"query-input":{"@type":"PropertyValueSpecification","valueRequired":true,"valueName":"search_term_string"}}],"inLanguage":"en-US"}]},"og_availability":"instock","product_availability":"instock","product_retailer_item_id":"2020000502023","product_condition":"new"},"_links":{"self":[{"href":"https:\/\/www.montreuxjazzshop.com\/en\/wp-json\/wp\/v2\/product\/3562","targetHints":{"allow":["GET"]}}],"collection":[{"href":"https:\/\/www.montreuxjazzshop.com\/en\/wp-json\/wp\/v2\/product"}],"about":[{"href":"https:\/\/www.montreuxjazzshop.com\/en\/wp-json\/wp\/v2\/types\/product"}],"wp:featuredmedia":[{"embeddable":true,"href":"https:\/\/www.montreuxjazzshop.com\/en\/wp-json\/wp\/v2\/media\/1091"}],"wp:attachment":[{"href":"https:\/\/www.montreuxjazzshop.com\/en\/wp-json\/wp\/v2\/media?parent=3562"}],"wp:term":[{"taxonomy":"artist","embeddable":true,"href":"https:\/\/www.montreuxjazzshop.com\/en\/wp-json\/wp\/v2\/artist?post=3562"},{"taxonomy":"artist-category","embeddable":true,"href":"https:\/\/www.montreuxjazzshop.com\/en\/wp-json\/wp\/v2\/artist-category?post=3562"},{"taxonomy":"edition","embeddable":true,"href":"https:\/\/www.montreuxjazzshop.com\/en\/wp-json\/wp\/v2\/edition?post=3562"},{"taxonomy":"product_brand","embeddable":true,"href":"https:\/\/www.montreuxjazzshop.com\/en\/wp-json\/wp\/v2\/product_brand?post=3562"},{"taxonomy":"product_cat","embeddable":true,"href":"https:\/\/www.montreuxjazzshop.com\/en\/wp-json\/wp\/v2\/product_cat?post=3562"},{"taxonomy":"product_tag","embeddable":true,"href":"https:\/\/www.montreuxjazzshop.com\/en\/wp-json\/wp\/v2\/product_tag?post=3562"}],"curies":[{"name":"wp","href":"https:\/\/api.w.org\/{rel}","templated":true}]}}