{"id":3509,"date":"2025-09-11T15:20:23","date_gmt":"2025-09-11T13:20:23","guid":{"rendered":"https:\/\/www.montreuxjazzshop.com\/?post_type=product&#038;p=3509"},"modified":"2025-09-11T15:36:46","modified_gmt":"2025-09-11T13:36:46","slug":"michel-petrucciani-the-montreux-years-cd","status":"publish","type":"product","link":"https:\/\/www.montreuxjazzshop.com\/en\/shop\/music\/cd-dvd\/michel-petrucciani-the-montreux-years-cd\/","title":{"rendered":"Michel Petrucciani, The Montreux Years, CD"},"content":{"rendered":"<ul>\n<li>1 CD<\/li>\n<\/ul>\n<p>Expertly restored and remastered in superlative HD audio; The Montreux Years is released on superior audiophile heavy weight vinyl, MQA quality CD and in HD digital.<\/p>\n<ol>\n<li>35 SECONDS OF MUSIC AND MORE<br \/>\nMichel Petrucciani Sextet (Live at Auditorium Stravinski 1998)<\/li>\n<li>ESTATE<br \/>\nMichel Petrucciani Quartet (Live at Casino Montreux 1990)<\/li>\n<li>LITTLE PEACE IN C FOR U<br \/>\nMichel Petrucciani Sextet (Live at Auditorium Stravinski 1998)<\/li>\n<li>AUTUMN LEAVES<br \/>\nMichel Petrucciani &amp; Miroslav Vitou\u0161 (Live at Miles Davis Hall 1996)<\/li>\n<li>MY FUNNY VALENTINE<br \/>\nMichel Petrucciani &amp; Miroslav Vitou\u0161 (Live at Miles Davis Hall 1996)<\/li>\n<li>MILES DAVIS LICKS<br \/>\nMichel Petrucciani Quartet (Live at Casino Montreux 1990)<\/li>\n<li>SUMMERTIME<br \/>\nMichel Petrucciani (Live at New Q&#8217;s 1993)<\/li>\n<li>TAKE THE &#8216;A&#8217; TRAIN<br \/>\nMichel Petrucciani (Live at New Q&#8217;s 1993)<\/li>\n<li>SO WHAT<br \/>\nMichel Petrucciani &amp; Miroslav Vitou\u0161 (Live at Miles Davis Hall 1996)<\/li>\n<li>YOU ARE MY WALTZ<br \/>\nMichel Petrucciani (Live at New Q&#8217;s 1993)<\/li>\n<li>RACHID<br \/>\nMichel Petrucciani Quartet (Live at Casino Montreux 1990)<\/li>\n<\/ol>\n","protected":false},"excerpt":{"rendered":"<p>A showcase of Michel Petrucciani\u2019s iconic Montreux Jazz Festival live performances, spanning a decade of shows between 1990 and 1998.<\/p>\n<p>The audio has expertly restored and mastered in superlative HD audio; The Montreux Years is released on superior audiophile heavy weight vinyl, MQA quality CD and in HD digital. Brand new liner notes by Andr\u00e9 Manoukian and Alexandre Petrucciani, which also includes rare photos from his Montreux shows.<\/p>\n<p>The Montreux Years is released as part of a brand new Montreux Jazz Festival and BMG collection series \u201cThe Montreux Years\u201d. The collections will uncover legendary performances by the world\u2019s most iconic artists alongside rare and never-before-released recordings from the festival\u2019s rich 57-year history, remastered in superlative audio. Each collection will be accompanied by exclusive liner notes and previously unseen photography.<\/p>\n","protected":false},"featured_media":1023,"template":"","meta":{"_acf_changed":false},"artist":[],"artist-category":[],"edition":[162],"product_brand":[],"product_cat":[324,315,316],"product_tag":[],"class_list":{"0":"post-3509","1":"product","2":"type-product","3":"status-publish","4":"has-post-thumbnail","6":"edition-162","7":"product_cat-cd-dvd","8":"product_cat-music","9":"product_cat-vinyls","10":"product_shipping_class-petits-objets-et-dvd","12":"first","13":"outofstock","14":"taxable","15":"shipping-taxable","16":"purchasable","17":"product-type-simple"},"bundled_by":[],"bundle_stock_status":"outofstock","bundle_stock_quantity":0,"bundle_virtual":false,"bundle_layout":"","bundle_add_to_cart_form_location":"","bundle_editable_in_cart":false,"bundle_sold_individually_context":"","bundle_item_grouping":"","bundle_min_size":"","bundle_max_size":"","bundle_price":[],"bundled_items":[],"bundle_sell_ids":[],"acf":[],"yoast_head":"<!-- This site is optimized with the Yoast SEO Premium plugin v26.4 (Yoast SEO v27.3) - https:\/\/yoast.com\/product\/yoast-seo-premium-wordpress\/ -->\n<title>Michel Petrucciani, The Montreux Years, CD - Montreux Jazz Festival Shop<\/title>\n<meta name=\"description\" content=\"Michel Petrucciani CD live best of this Iconic concerts at the Montreux Jazz Music Festival, spanning from 1990 to 1998. A Selection The Montreux Years.\" \/>\n<meta name=\"robots\" content=\"index, follow, max-snippet:-1, max-image-preview:large, max-video-preview:-1\" \/>\n<link rel=\"canonical\" href=\"https:\/\/www.montreuxjazzshop.com\/en\/shop\/music\/cd-dvd\/michel-petrucciani-the-montreux-years-cd\/\" \/>\n<meta property=\"og:locale\" content=\"en_US\" \/>\n<meta property=\"og:type\" content=\"article\" \/>\n<meta property=\"og:title\" content=\"Michel Petrucciani, The Montreux Years, CD\" \/>\n<meta property=\"og:description\" content=\"Michel Petrucciani CD live best of this Iconic concerts at the Montreux Jazz Music Festival, spanning from 1990 to 1998. A Selection The Montreux Years.\" \/>\n<meta property=\"og:url\" content=\"https:\/\/www.montreuxjazzshop.com\/en\/shop\/music\/cd-dvd\/michel-petrucciani-the-montreux-years-cd\/\" \/>\n<meta property=\"og:site_name\" content=\"Montreux Jazz Festival Shop\" \/>\n<meta property=\"article:publisher\" content=\"https:\/\/www.facebook.com\/montreuxjazzfestival\" \/>\n<meta property=\"article:modified_time\" content=\"2025-09-11T13:36:46+00:00\" \/>\n<meta property=\"og:image\" content=\"https:\/\/www.montreuxjazzshop.com\/wp-content\/uploads\/2025\/05\/2_MICHEL-PETRUCCIANI_THE-MONTREUX-YEARS_CD_4050538799781_EXPLODED.jpg\" \/>\n\t<meta property=\"og:image:width\" content=\"1500\" \/>\n\t<meta property=\"og:image:height\" content=\"1500\" \/>\n\t<meta property=\"og:image:type\" content=\"image\/jpeg\" \/>\n<meta name=\"twitter:card\" content=\"summary_large_image\" \/>\n<meta name=\"twitter:site\" content=\"@MontreuxJazz\" \/>\n<script type=\"application\/ld+json\" class=\"yoast-schema-graph\">{\"@context\":\"https:\\\/\\\/schema.org\",\"@graph\":[{\"@type\":\"WebPage\",\"@id\":\"https:\\\/\\\/www.montreuxjazzshop.com\\\/en\\\/shop\\\/music\\\/cd-dvd\\\/michel-petrucciani-the-montreux-years-cd\\\/\",\"url\":\"https:\\\/\\\/www.montreuxjazzshop.com\\\/en\\\/shop\\\/music\\\/cd-dvd\\\/michel-petrucciani-the-montreux-years-cd\\\/\",\"name\":\"Michel Petrucciani, The Montreux Years, CD - Montreux Jazz Festival Shop\",\"isPartOf\":{\"@id\":\"https:\\\/\\\/www.montreuxjazzshop.com\\\/en\\\/#website\"},\"primaryImageOfPage\":{\"@id\":\"https:\\\/\\\/www.montreuxjazzshop.com\\\/en\\\/shop\\\/music\\\/cd-dvd\\\/michel-petrucciani-the-montreux-years-cd\\\/#primaryimage\"},\"image\":{\"@id\":\"https:\\\/\\\/www.montreuxjazzshop.com\\\/en\\\/shop\\\/music\\\/cd-dvd\\\/michel-petrucciani-the-montreux-years-cd\\\/#primaryimage\"},\"thumbnailUrl\":\"https:\\\/\\\/www.montreuxjazzshop.com\\\/wp-content\\\/uploads\\\/2025\\\/05\\\/2_MICHEL-PETRUCCIANI_THE-MONTREUX-YEARS_CD_4050538799781_EXPLODED.jpg\",\"datePublished\":\"2025-09-11T13:20:23+00:00\",\"dateModified\":\"2025-09-11T13:36:46+00:00\",\"description\":\"Michel Petrucciani CD live best of this Iconic concerts at the Montreux Jazz Music Festival, spanning from 1990 to 1998. A Selection The Montreux Years.\",\"breadcrumb\":{\"@id\":\"https:\\\/\\\/www.montreuxjazzshop.com\\\/en\\\/shop\\\/music\\\/cd-dvd\\\/michel-petrucciani-the-montreux-years-cd\\\/#breadcrumb\"},\"inLanguage\":\"en-US\",\"potentialAction\":[{\"@type\":\"ReadAction\",\"target\":[\"https:\\\/\\\/www.montreuxjazzshop.com\\\/en\\\/shop\\\/music\\\/cd-dvd\\\/michel-petrucciani-the-montreux-years-cd\\\/\"]}]},{\"@type\":\"ImageObject\",\"inLanguage\":\"en-US\",\"@id\":\"https:\\\/\\\/www.montreuxjazzshop.com\\\/en\\\/shop\\\/music\\\/cd-dvd\\\/michel-petrucciani-the-montreux-years-cd\\\/#primaryimage\",\"url\":\"https:\\\/\\\/www.montreuxjazzshop.com\\\/wp-content\\\/uploads\\\/2025\\\/05\\\/2_MICHEL-PETRUCCIANI_THE-MONTREUX-YEARS_CD_4050538799781_EXPLODED.jpg\",\"contentUrl\":\"https:\\\/\\\/www.montreuxjazzshop.com\\\/wp-content\\\/uploads\\\/2025\\\/05\\\/2_MICHEL-PETRUCCIANI_THE-MONTREUX-YEARS_CD_4050538799781_EXPLODED.jpg\",\"width\":1500,\"height\":1500,\"caption\":\"Michel Petrucciani, The Montreux Years CD, pr\u00e9sente un bo\u00eetier avec un art abstrait color\u00e9, une illustration de piano et un lettrage noir audacieux sur fond blanc.\"},{\"@type\":\"BreadcrumbList\",\"@id\":\"https:\\\/\\\/www.montreuxjazzshop.com\\\/en\\\/shop\\\/music\\\/cd-dvd\\\/michel-petrucciani-the-montreux-years-cd\\\/#breadcrumb\",\"itemListElement\":[{\"@type\":\"ListItem\",\"position\":1,\"name\":\"Accueil\",\"item\":\"https:\\\/\\\/www.montreuxjazzshop.com\\\/en\\\/\"},{\"@type\":\"ListItem\",\"position\":2,\"name\":\"Shop\",\"item\":\"https:\\\/\\\/www.montreuxjazzshop.com\\\/en\\\/shop\\\/\"},{\"@type\":\"ListItem\",\"position\":3,\"name\":\"Michel Petrucciani, The Montreux Years, CD\"}]},{\"@type\":\"WebSite\",\"@id\":\"https:\\\/\\\/www.montreuxjazzshop.com\\\/en\\\/#website\",\"url\":\"https:\\\/\\\/www.montreuxjazzshop.com\\\/en\\\/\",\"name\":\"Montreux Jazz Shop\",\"description\":\"The Montreux Jazz Festival shop\",\"potentialAction\":[{\"@type\":\"SearchAction\",\"target\":{\"@type\":\"EntryPoint\",\"urlTemplate\":\"https:\\\/\\\/www.montreuxjazzshop.com\\\/en\\\/?s={search_term_string}\"},\"query-input\":{\"@type\":\"PropertyValueSpecification\",\"valueRequired\":true,\"valueName\":\"search_term_string\"}}],\"inLanguage\":\"en-US\"}]}<\/script>\n<meta property=\"product:price:amount\" content=\"25.00\" \/>\n<meta property=\"product:price:currency\" content=\"CHF\" \/>\n<meta property=\"og:availability\" content=\"out of stock\" \/>\n<meta property=\"product:availability\" content=\"out of stock\" \/>\n<meta property=\"product:retailer_item_id\" content=\"4050538799781\" \/>\n<meta property=\"product:condition\" content=\"new\" \/>\n<!-- \/ Yoast SEO Premium plugin. -->","yoast_head_json":{"title":"Michel Petrucciani, The Montreux Years, CD - Montreux Jazz Festival Shop","description":"Michel Petrucciani CD live best of this Iconic concerts at the Montreux Jazz Music Festival, spanning from 1990 to 1998. A Selection The Montreux Years.","robots":{"index":"index","follow":"follow","max-snippet":"max-snippet:-1","max-image-preview":"max-image-preview:large","max-video-preview":"max-video-preview:-1"},"canonical":"https:\/\/www.montreuxjazzshop.com\/en\/shop\/music\/cd-dvd\/michel-petrucciani-the-montreux-years-cd\/","og_locale":"en_US","og_type":"article","og_title":"Michel Petrucciani, The Montreux Years, CD","og_description":"Michel Petrucciani CD live best of this Iconic concerts at the Montreux Jazz Music Festival, spanning from 1990 to 1998. A Selection The Montreux Years.","og_url":"https:\/\/www.montreuxjazzshop.com\/en\/shop\/music\/cd-dvd\/michel-petrucciani-the-montreux-years-cd\/","og_site_name":"Montreux Jazz Festival Shop","article_publisher":"https:\/\/www.facebook.com\/montreuxjazzfestival","article_modified_time":"2025-09-11T13:36:46+00:00","og_image":[{"width":1500,"height":1500,"url":"https:\/\/www.montreuxjazzshop.com\/wp-content\/uploads\/2025\/05\/2_MICHEL-PETRUCCIANI_THE-MONTREUX-YEARS_CD_4050538799781_EXPLODED.jpg","type":"image\/jpeg"}],"twitter_card":"summary_large_image","twitter_site":"@MontreuxJazz","schema":{"@context":"https:\/\/schema.org","@graph":[{"@type":"WebPage","@id":"https:\/\/www.montreuxjazzshop.com\/en\/shop\/music\/cd-dvd\/michel-petrucciani-the-montreux-years-cd\/","url":"https:\/\/www.montreuxjazzshop.com\/en\/shop\/music\/cd-dvd\/michel-petrucciani-the-montreux-years-cd\/","name":"Michel Petrucciani, The Montreux Years, CD - Montreux Jazz Festival Shop","isPartOf":{"@id":"https:\/\/www.montreuxjazzshop.com\/en\/#website"},"primaryImageOfPage":{"@id":"https:\/\/www.montreuxjazzshop.com\/en\/shop\/music\/cd-dvd\/michel-petrucciani-the-montreux-years-cd\/#primaryimage"},"image":{"@id":"https:\/\/www.montreuxjazzshop.com\/en\/shop\/music\/cd-dvd\/michel-petrucciani-the-montreux-years-cd\/#primaryimage"},"thumbnailUrl":"https:\/\/www.montreuxjazzshop.com\/wp-content\/uploads\/2025\/05\/2_MICHEL-PETRUCCIANI_THE-MONTREUX-YEARS_CD_4050538799781_EXPLODED.jpg","datePublished":"2025-09-11T13:20:23+00:00","dateModified":"2025-09-11T13:36:46+00:00","description":"Michel Petrucciani CD live best of this Iconic concerts at the Montreux Jazz Music Festival, spanning from 1990 to 1998. A Selection The Montreux Years.","breadcrumb":{"@id":"https:\/\/www.montreuxjazzshop.com\/en\/shop\/music\/cd-dvd\/michel-petrucciani-the-montreux-years-cd\/#breadcrumb"},"inLanguage":"en-US","potentialAction":[{"@type":"ReadAction","target":["https:\/\/www.montreuxjazzshop.com\/en\/shop\/music\/cd-dvd\/michel-petrucciani-the-montreux-years-cd\/"]}]},{"@type":"ImageObject","inLanguage":"en-US","@id":"https:\/\/www.montreuxjazzshop.com\/en\/shop\/music\/cd-dvd\/michel-petrucciani-the-montreux-years-cd\/#primaryimage","url":"https:\/\/www.montreuxjazzshop.com\/wp-content\/uploads\/2025\/05\/2_MICHEL-PETRUCCIANI_THE-MONTREUX-YEARS_CD_4050538799781_EXPLODED.jpg","contentUrl":"https:\/\/www.montreuxjazzshop.com\/wp-content\/uploads\/2025\/05\/2_MICHEL-PETRUCCIANI_THE-MONTREUX-YEARS_CD_4050538799781_EXPLODED.jpg","width":1500,"height":1500,"caption":"Michel Petrucciani, The Montreux Years CD, pr\u00e9sente un bo\u00eetier avec un art abstrait color\u00e9, une illustration de piano et un lettrage noir audacieux sur fond blanc."},{"@type":"BreadcrumbList","@id":"https:\/\/www.montreuxjazzshop.com\/en\/shop\/music\/cd-dvd\/michel-petrucciani-the-montreux-years-cd\/#breadcrumb","itemListElement":[{"@type":"ListItem","position":1,"name":"Accueil","item":"https:\/\/www.montreuxjazzshop.com\/en\/"},{"@type":"ListItem","position":2,"name":"Shop","item":"https:\/\/www.montreuxjazzshop.com\/en\/shop\/"},{"@type":"ListItem","position":3,"name":"Michel Petrucciani, The Montreux Years, CD"}]},{"@type":"WebSite","@id":"https:\/\/www.montreuxjazzshop.com\/en\/#website","url":"https:\/\/www.montreuxjazzshop.com\/en\/","name":"Montreux Jazz Shop","description":"The Montreux Jazz Festival shop","potentialAction":[{"@type":"SearchAction","target":{"@type":"EntryPoint","urlTemplate":"https:\/\/www.montreuxjazzshop.com\/en\/?s={search_term_string}"},"query-input":{"@type":"PropertyValueSpecification","valueRequired":true,"valueName":"search_term_string"}}],"inLanguage":"en-US"}]},"product_price_amount":"25.00","product_price_currency":"CHF","og_availability":"out of stock","product_availability":"out of stock","product_retailer_item_id":"4050538799781","product_condition":"new"},"_links":{"self":[{"href":"https:\/\/www.montreuxjazzshop.com\/en\/wp-json\/wp\/v2\/product\/3509","targetHints":{"allow":["GET"]}}],"collection":[{"href":"https:\/\/www.montreuxjazzshop.com\/en\/wp-json\/wp\/v2\/product"}],"about":[{"href":"https:\/\/www.montreuxjazzshop.com\/en\/wp-json\/wp\/v2\/types\/product"}],"wp:featuredmedia":[{"embeddable":true,"href":"https:\/\/www.montreuxjazzshop.com\/en\/wp-json\/wp\/v2\/media\/1023"}],"wp:attachment":[{"href":"https:\/\/www.montreuxjazzshop.com\/en\/wp-json\/wp\/v2\/media?parent=3509"}],"wp:term":[{"taxonomy":"artist","embeddable":true,"href":"https:\/\/www.montreuxjazzshop.com\/en\/wp-json\/wp\/v2\/artist?post=3509"},{"taxonomy":"artist-category","embeddable":true,"href":"https:\/\/www.montreuxjazzshop.com\/en\/wp-json\/wp\/v2\/artist-category?post=3509"},{"taxonomy":"edition","embeddable":true,"href":"https:\/\/www.montreuxjazzshop.com\/en\/wp-json\/wp\/v2\/edition?post=3509"},{"taxonomy":"product_brand","embeddable":true,"href":"https:\/\/www.montreuxjazzshop.com\/en\/wp-json\/wp\/v2\/product_brand?post=3509"},{"taxonomy":"product_cat","embeddable":true,"href":"https:\/\/www.montreuxjazzshop.com\/en\/wp-json\/wp\/v2\/product_cat?post=3509"},{"taxonomy":"product_tag","embeddable":true,"href":"https:\/\/www.montreuxjazzshop.com\/en\/wp-json\/wp\/v2\/product_tag?post=3509"}],"curies":[{"name":"wp","href":"https:\/\/api.w.org\/{rel}","templated":true}]}}