{"id":3121,"date":"2025-09-11T15:18:33","date_gmt":"2025-09-11T13:18:33","guid":{"rendered":"https:\/\/www.montreuxjazzshop.com\/?post_type=product&#038;p=3121"},"modified":"2025-09-29T12:05:14","modified_gmt":"2025-09-29T10:05:14","slug":"poster-restart-jamy-herrmann-montreux-jazz","status":"publish","type":"product","link":"https:\/\/www.montreuxjazzshop.com\/en\/shop\/posters\/restart-posters-2021\/poster-restart-jamy-herrmann-montreux-jazz\/","title":{"rendered":"Poster Restart, Jamy Herrmann"},"content":{"rendered":"<ul>\n<li>50&#215;70 cm<\/li>\n<li>Limited edition of 100<\/li>\n<li>FineArtPrints<\/li>\n<li>Printed on Museum Fibre matt 200g<\/li>\n<li>Unframed<\/li>\n<\/ul>\n","protected":false},"excerpt":{"rendered":"<h4>Limited edition\u00a0&#8211; 50&#215;70 cm<\/h4>\n<p>After the success of the \u201cSilent Shores\u201d poster competition in 2020, the Montreux Jazz Festival is running another major visual arts initiative, with the theme of \u201cRESTART\u201d.\u00a0 Jamy Herrmann is one of the 10 finalists of the contest \u201cRESTART\u201d and <strong>wins the 2nd price<\/strong>.<\/p>\n<p><em>\u201cEntre silhouette et lumi\u00e8re, instrument et reconstruction, une lueur d&#8217;espoir demeure. On pressent que quelque chose rena\u00eet et rythme peu \u00e2 peu l&#8217;instant. La sc\u00e8ne s&#8217;illumine \u00e2 nouveau en repartant de plus belle. La fin d&#8217;un calme qui laisse place \u00e2 une magnifique temp\u00eate, \u00e2 l&#8217;instar de la vie qui reprend. C&#8217;est de ce moment en suspens que se base ma proposition\u201d. Jamy Herrmann, interaction graphic design student, Switzerland<\/em><\/p>\n<p>&nbsp;<\/p>\n<p><strong><b class=\"\">The posters are printed to order to be more sustainable. \u00a0It takes 15-20 working days to receive them.<\/b><\/strong><\/p>\n","protected":false},"featured_media":5597,"template":"","meta":{"_acf_changed":false},"artist":[],"artist-category":[],"edition":[177],"product_brand":[],"product_cat":[307,322],"product_tag":[],"class_list":{"0":"post-3121","1":"product","2":"type-product","3":"status-publish","4":"has-post-thumbnail","6":"edition-177","7":"product_cat-posters","8":"product_cat-restart-posters-2021","9":"product_shipping_class-affiche","11":"first","12":"onbackorder","13":"taxable","14":"shipping-taxable","15":"purchasable","16":"product-type-simple"},"bundled_by":[],"bundle_stock_status":"onbackorder","bundle_stock_quantity":null,"bundle_virtual":false,"bundle_layout":"","bundle_add_to_cart_form_location":"","bundle_editable_in_cart":false,"bundle_sold_individually_context":"","bundle_item_grouping":"","bundle_min_size":"","bundle_max_size":"","bundle_price":[],"bundled_items":[],"bundle_sell_ids":[],"acf":[],"yoast_head":"<!-- This site is optimized with the Yoast SEO Premium plugin v26.4 (Yoast SEO v27.4) - https:\/\/yoast.com\/product\/yoast-seo-premium-wordpress\/ -->\n<title>Poster Restart, Jamy Herrmann - Montreux Jazz Festival Shop<\/title>\n<meta name=\"description\" content=\"Restart Montreux Jazz Festival Poster. Jamy Herrmann. Poster design contest launched in 2021 following the success of Silent Shores. Limited edition.\" \/>\n<meta name=\"robots\" content=\"index, follow, max-snippet:-1, max-image-preview:large, max-video-preview:-1\" \/>\n<link rel=\"canonical\" href=\"https:\/\/www.montreuxjazzshop.com\/en\/shop\/posters\/restart-posters-2021\/poster-restart-jamy-herrmann-montreux-jazz\/\" \/>\n<meta property=\"og:locale\" content=\"en_US\" \/>\n<meta property=\"og:type\" content=\"article\" \/>\n<meta property=\"og:title\" content=\"Poster Restart, Jamy Herrmann\" \/>\n<meta property=\"og:description\" content=\"Restart Montreux Jazz Festival Poster. Jamy Herrmann. Poster design contest launched in 2021 following the success of Silent Shores. Limited edition.\" \/>\n<meta property=\"og:url\" content=\"https:\/\/www.montreuxjazzshop.com\/en\/shop\/posters\/restart-posters-2021\/poster-restart-jamy-herrmann-montreux-jazz\/\" \/>\n<meta property=\"og:site_name\" content=\"Montreux Jazz Festival Shop\" \/>\n<meta property=\"article:publisher\" content=\"https:\/\/www.facebook.com\/montreuxjazzfestival\" \/>\n<meta property=\"article:modified_time\" content=\"2025-09-29T10:05:14+00:00\" \/>\n<meta property=\"og:image\" content=\"https:\/\/www.montreuxjazzshop.com\/wp-content\/uploads\/2025\/05\/MJF21-Concours-Restart-50x70-Frame-Jamy-Herrmann.jpg\" \/>\n\t<meta property=\"og:image:width\" content=\"2000\" \/>\n\t<meta property=\"og:image:height\" content=\"2000\" \/>\n\t<meta property=\"og:image:type\" content=\"image\/jpeg\" \/>\n<meta name=\"twitter:card\" content=\"summary_large_image\" \/>\n<meta name=\"twitter:site\" content=\"@MontreuxJazz\" \/>\n<script type=\"application\/ld+json\" class=\"yoast-schema-graph\">{\"@context\":\"https:\\\/\\\/schema.org\",\"@graph\":[{\"@type\":\"WebPage\",\"@id\":\"https:\\\/\\\/www.montreuxjazzshop.com\\\/en\\\/shop\\\/posters\\\/restart-posters-2021\\\/poster-restart-jamy-herrmann-montreux-jazz\\\/\",\"url\":\"https:\\\/\\\/www.montreuxjazzshop.com\\\/en\\\/shop\\\/posters\\\/restart-posters-2021\\\/poster-restart-jamy-herrmann-montreux-jazz\\\/\",\"name\":\"Poster Restart, Jamy Herrmann - Montreux Jazz Festival Shop\",\"isPartOf\":{\"@id\":\"https:\\\/\\\/www.montreuxjazzshop.com\\\/en\\\/#website\"},\"primaryImageOfPage\":{\"@id\":\"https:\\\/\\\/www.montreuxjazzshop.com\\\/en\\\/shop\\\/posters\\\/restart-posters-2021\\\/poster-restart-jamy-herrmann-montreux-jazz\\\/#primaryimage\"},\"image\":{\"@id\":\"https:\\\/\\\/www.montreuxjazzshop.com\\\/en\\\/shop\\\/posters\\\/restart-posters-2021\\\/poster-restart-jamy-herrmann-montreux-jazz\\\/#primaryimage\"},\"thumbnailUrl\":\"https:\\\/\\\/www.montreuxjazzshop.com\\\/wp-content\\\/uploads\\\/2025\\\/05\\\/MJF21-Concours-Restart-50x70-Frame-Jamy-Herrmann.jpg\",\"datePublished\":\"2025-09-11T13:18:33+00:00\",\"dateModified\":\"2025-09-29T10:05:14+00:00\",\"description\":\"Restart Montreux Jazz Festival Poster. Jamy Herrmann. Poster design contest launched in 2021 following the success of Silent Shores. Limited edition.\",\"breadcrumb\":{\"@id\":\"https:\\\/\\\/www.montreuxjazzshop.com\\\/en\\\/shop\\\/posters\\\/restart-posters-2021\\\/poster-restart-jamy-herrmann-montreux-jazz\\\/#breadcrumb\"},\"inLanguage\":\"en-US\",\"potentialAction\":[{\"@type\":\"ReadAction\",\"target\":[\"https:\\\/\\\/www.montreuxjazzshop.com\\\/en\\\/shop\\\/posters\\\/restart-posters-2021\\\/poster-restart-jamy-herrmann-montreux-jazz\\\/\"]}]},{\"@type\":\"ImageObject\",\"inLanguage\":\"en-US\",\"@id\":\"https:\\\/\\\/www.montreuxjazzshop.com\\\/en\\\/shop\\\/posters\\\/restart-posters-2021\\\/poster-restart-jamy-herrmann-montreux-jazz\\\/#primaryimage\",\"url\":\"https:\\\/\\\/www.montreuxjazzshop.com\\\/wp-content\\\/uploads\\\/2025\\\/05\\\/MJF21-Concours-Restart-50x70-Frame-Jamy-Herrmann.jpg\",\"contentUrl\":\"https:\\\/\\\/www.montreuxjazzshop.com\\\/wp-content\\\/uploads\\\/2025\\\/05\\\/MJF21-Concours-Restart-50x70-Frame-Jamy-Herrmann.jpg\",\"width\":2000,\"height\":2000,\"caption\":\"Poster Restart, Jamy Herrmann\u2014an abstract metallic artwork featuring colorful, reflective tubes and rings on a black background, with \u201cRESTART Montreux Jazz Festival 2021\u201d in the corner. Comes framed in white.\"},{\"@type\":\"BreadcrumbList\",\"@id\":\"https:\\\/\\\/www.montreuxjazzshop.com\\\/en\\\/shop\\\/posters\\\/restart-posters-2021\\\/poster-restart-jamy-herrmann-montreux-jazz\\\/#breadcrumb\",\"itemListElement\":[{\"@type\":\"ListItem\",\"position\":1,\"name\":\"Accueil\",\"item\":\"https:\\\/\\\/www.montreuxjazzshop.com\\\/en\\\/\"},{\"@type\":\"ListItem\",\"position\":2,\"name\":\"Shop\",\"item\":\"https:\\\/\\\/www.montreuxjazzshop.com\\\/en\\\/shop\\\/\"},{\"@type\":\"ListItem\",\"position\":3,\"name\":\"Poster Restart, Jamy Herrmann\"}]},{\"@type\":\"WebSite\",\"@id\":\"https:\\\/\\\/www.montreuxjazzshop.com\\\/en\\\/#website\",\"url\":\"https:\\\/\\\/www.montreuxjazzshop.com\\\/en\\\/\",\"name\":\"Montreux Jazz Shop\",\"description\":\"The Montreux Jazz Festival shop\",\"potentialAction\":[{\"@type\":\"SearchAction\",\"target\":{\"@type\":\"EntryPoint\",\"urlTemplate\":\"https:\\\/\\\/www.montreuxjazzshop.com\\\/en\\\/?s={search_term_string}\"},\"query-input\":{\"@type\":\"PropertyValueSpecification\",\"valueRequired\":true,\"valueName\":\"search_term_string\"}}],\"inLanguage\":\"en-US\"}]}<\/script>\n<meta property=\"product:price:amount\" content=\"69.00\" \/>\n<meta property=\"product:price:currency\" content=\"CHF\" \/>\n<meta property=\"og:availability\" content=\"backorder\" \/>\n<meta property=\"product:availability\" content=\"available for order\" \/>\n<meta property=\"product:retailer_item_id\" content=\"1305300102021\" \/>\n<meta property=\"product:condition\" content=\"new\" \/>\n<!-- \/ Yoast SEO Premium plugin. -->","yoast_head_json":{"title":"Poster Restart, Jamy Herrmann - Montreux Jazz Festival Shop","description":"Restart Montreux Jazz Festival Poster. Jamy Herrmann. Poster design contest launched in 2021 following the success of Silent Shores. Limited edition.","robots":{"index":"index","follow":"follow","max-snippet":"max-snippet:-1","max-image-preview":"max-image-preview:large","max-video-preview":"max-video-preview:-1"},"canonical":"https:\/\/www.montreuxjazzshop.com\/en\/shop\/posters\/restart-posters-2021\/poster-restart-jamy-herrmann-montreux-jazz\/","og_locale":"en_US","og_type":"article","og_title":"Poster Restart, Jamy Herrmann","og_description":"Restart Montreux Jazz Festival Poster. Jamy Herrmann. Poster design contest launched in 2021 following the success of Silent Shores. Limited edition.","og_url":"https:\/\/www.montreuxjazzshop.com\/en\/shop\/posters\/restart-posters-2021\/poster-restart-jamy-herrmann-montreux-jazz\/","og_site_name":"Montreux Jazz Festival Shop","article_publisher":"https:\/\/www.facebook.com\/montreuxjazzfestival","article_modified_time":"2025-09-29T10:05:14+00:00","og_image":[{"width":2000,"height":2000,"url":"https:\/\/www.montreuxjazzshop.com\/wp-content\/uploads\/2025\/05\/MJF21-Concours-Restart-50x70-Frame-Jamy-Herrmann.jpg","type":"image\/jpeg"}],"twitter_card":"summary_large_image","twitter_site":"@MontreuxJazz","schema":{"@context":"https:\/\/schema.org","@graph":[{"@type":"WebPage","@id":"https:\/\/www.montreuxjazzshop.com\/en\/shop\/posters\/restart-posters-2021\/poster-restart-jamy-herrmann-montreux-jazz\/","url":"https:\/\/www.montreuxjazzshop.com\/en\/shop\/posters\/restart-posters-2021\/poster-restart-jamy-herrmann-montreux-jazz\/","name":"Poster Restart, Jamy Herrmann - Montreux Jazz Festival Shop","isPartOf":{"@id":"https:\/\/www.montreuxjazzshop.com\/en\/#website"},"primaryImageOfPage":{"@id":"https:\/\/www.montreuxjazzshop.com\/en\/shop\/posters\/restart-posters-2021\/poster-restart-jamy-herrmann-montreux-jazz\/#primaryimage"},"image":{"@id":"https:\/\/www.montreuxjazzshop.com\/en\/shop\/posters\/restart-posters-2021\/poster-restart-jamy-herrmann-montreux-jazz\/#primaryimage"},"thumbnailUrl":"https:\/\/www.montreuxjazzshop.com\/wp-content\/uploads\/2025\/05\/MJF21-Concours-Restart-50x70-Frame-Jamy-Herrmann.jpg","datePublished":"2025-09-11T13:18:33+00:00","dateModified":"2025-09-29T10:05:14+00:00","description":"Restart Montreux Jazz Festival Poster. Jamy Herrmann. Poster design contest launched in 2021 following the success of Silent Shores. Limited edition.","breadcrumb":{"@id":"https:\/\/www.montreuxjazzshop.com\/en\/shop\/posters\/restart-posters-2021\/poster-restart-jamy-herrmann-montreux-jazz\/#breadcrumb"},"inLanguage":"en-US","potentialAction":[{"@type":"ReadAction","target":["https:\/\/www.montreuxjazzshop.com\/en\/shop\/posters\/restart-posters-2021\/poster-restart-jamy-herrmann-montreux-jazz\/"]}]},{"@type":"ImageObject","inLanguage":"en-US","@id":"https:\/\/www.montreuxjazzshop.com\/en\/shop\/posters\/restart-posters-2021\/poster-restart-jamy-herrmann-montreux-jazz\/#primaryimage","url":"https:\/\/www.montreuxjazzshop.com\/wp-content\/uploads\/2025\/05\/MJF21-Concours-Restart-50x70-Frame-Jamy-Herrmann.jpg","contentUrl":"https:\/\/www.montreuxjazzshop.com\/wp-content\/uploads\/2025\/05\/MJF21-Concours-Restart-50x70-Frame-Jamy-Herrmann.jpg","width":2000,"height":2000,"caption":"Poster Restart, Jamy Herrmann\u2014an abstract metallic artwork featuring colorful, reflective tubes and rings on a black background, with \u201cRESTART Montreux Jazz Festival 2021\u201d in the corner. Comes framed in white."},{"@type":"BreadcrumbList","@id":"https:\/\/www.montreuxjazzshop.com\/en\/shop\/posters\/restart-posters-2021\/poster-restart-jamy-herrmann-montreux-jazz\/#breadcrumb","itemListElement":[{"@type":"ListItem","position":1,"name":"Accueil","item":"https:\/\/www.montreuxjazzshop.com\/en\/"},{"@type":"ListItem","position":2,"name":"Shop","item":"https:\/\/www.montreuxjazzshop.com\/en\/shop\/"},{"@type":"ListItem","position":3,"name":"Poster Restart, Jamy Herrmann"}]},{"@type":"WebSite","@id":"https:\/\/www.montreuxjazzshop.com\/en\/#website","url":"https:\/\/www.montreuxjazzshop.com\/en\/","name":"Montreux Jazz Shop","description":"The Montreux Jazz Festival shop","potentialAction":[{"@type":"SearchAction","target":{"@type":"EntryPoint","urlTemplate":"https:\/\/www.montreuxjazzshop.com\/en\/?s={search_term_string}"},"query-input":{"@type":"PropertyValueSpecification","valueRequired":true,"valueName":"search_term_string"}}],"inLanguage":"en-US"}]},"product_price_amount":"69.00","product_price_currency":"CHF","og_availability":"backorder","product_availability":"available for order","product_retailer_item_id":"1305300102021","product_condition":"new"},"_links":{"self":[{"href":"https:\/\/www.montreuxjazzshop.com\/en\/wp-json\/wp\/v2\/product\/3121","targetHints":{"allow":["GET"]}}],"collection":[{"href":"https:\/\/www.montreuxjazzshop.com\/en\/wp-json\/wp\/v2\/product"}],"about":[{"href":"https:\/\/www.montreuxjazzshop.com\/en\/wp-json\/wp\/v2\/types\/product"}],"wp:featuredmedia":[{"embeddable":true,"href":"https:\/\/www.montreuxjazzshop.com\/en\/wp-json\/wp\/v2\/media\/5597"}],"wp:attachment":[{"href":"https:\/\/www.montreuxjazzshop.com\/en\/wp-json\/wp\/v2\/media?parent=3121"}],"wp:term":[{"taxonomy":"artist","embeddable":true,"href":"https:\/\/www.montreuxjazzshop.com\/en\/wp-json\/wp\/v2\/artist?post=3121"},{"taxonomy":"artist-category","embeddable":true,"href":"https:\/\/www.montreuxjazzshop.com\/en\/wp-json\/wp\/v2\/artist-category?post=3121"},{"taxonomy":"edition","embeddable":true,"href":"https:\/\/www.montreuxjazzshop.com\/en\/wp-json\/wp\/v2\/edition?post=3121"},{"taxonomy":"product_brand","embeddable":true,"href":"https:\/\/www.montreuxjazzshop.com\/en\/wp-json\/wp\/v2\/product_brand?post=3121"},{"taxonomy":"product_cat","embeddable":true,"href":"https:\/\/www.montreuxjazzshop.com\/en\/wp-json\/wp\/v2\/product_cat?post=3121"},{"taxonomy":"product_tag","embeddable":true,"href":"https:\/\/www.montreuxjazzshop.com\/en\/wp-json\/wp\/v2\/product_tag?post=3121"}],"curies":[{"name":"wp","href":"https:\/\/api.w.org\/{rel}","templated":true}]}}